{"id":403,"date":"2019-10-11T17:12:39","date_gmt":"2019-10-12T00:12:39","guid":{"rendered":"https:\/\/www.iglan.net\/?post_type=product&#038;p=403"},"modified":"2024-02-17T23:40:48","modified_gmt":"2024-02-18T07:40:48","slug":"progressive-electric-grease-lubrication-pump-system","status":"publish","type":"product","link":"https:\/\/www.iglan.net\/es\/producto\/progressive-electric-grease-lubrication-pump-system\/","title":{"rendered":"Sistema el\u00e9ctrico progresivo de bombeo de grasa"},"content":{"rendered":"<p><strong>CARACTER\u00cdSTICAS<\/strong><\/p>\n<p>1. El ciclo de trabajo de la bomba de lubricaci\u00f3n es controlado por el PLC anfitri\u00f3n o el controlador APC.<br \/>\n2. Hay una v\u00e1lvula reguladora de presi\u00f3n para controlar la presi\u00f3n de trabajo de la bomba de lubricaci\u00f3n y proteger su seguridad de trabajo.<br \/>\n3. Hay una v\u00e1lvula de escape para eliminar el aire en la c\u00e1mara de la bomba de lubricaci\u00f3n y para asegurar el drenaje suave del aceite en la bomba de lubricaci\u00f3n.<br \/>\n4. Utilizar la bandeja de aceite a presi\u00f3n y la absorci\u00f3n de aceite al vac\u00edo.<br \/>\n5. Se puede seleccionar un transmisor de nivel de aceite bajo, y los contactos abiertos y cerrados son opcionales.<br \/>\n6. El interruptor de presi\u00f3n se encuentra en el extremo del sistema de lubricaci\u00f3n, que puede monitorear la fuga de aceite en la conexi\u00f3n de la tuber\u00eda principal del sistema de lubricaci\u00f3n.<br \/>\n7. La pistola de aceite se utiliza para inyectar aceite en el tanque de aceite de la bomba de aceite a trav\u00e9s del filtro de aceite para reducir las impurezas y el aire en el sistema de lubricaci\u00f3n, a fin de mejorar el efecto de uso del sistema de lubricaci\u00f3n.<br \/>\n8. Distribuidores a juego: Serie ASV, ASL, CPS, CPB.<br \/>\n9. Utilice el medio: 000 #1 grasa de litio.<\/p>\n<p><strong>ESPECIFICACIONES<\/strong><br \/>\n<img decoding=\"async\" class=\"size-full wp-image-408\" src=\"https:\/\/www.iglan.net\/wp-content\/uploads\/2019\/10\/AHG2-parameter.png\" alt=\"Par\u00e1metro AHG2\" width=\"922\" height=\"156\" srcset=\"https:\/\/www.iglan.net\/wp-content\/uploads\/2019\/10\/AHG2-parameter.png 922w, https:\/\/www.iglan.net\/wp-content\/uploads\/2019\/10\/AHG2-parameter-800x135.png 800w, https:\/\/www.iglan.net\/wp-content\/uploads\/2019\/10\/AHG2-parameter-64x11.png 64w, https:\/\/www.iglan.net\/wp-content\/uploads\/2019\/10\/AHG2-parameter-300x51.png 300w, https:\/\/www.iglan.net\/wp-content\/uploads\/2019\/10\/AHG2-parameter-768x130.png 768w\" sizes=\"(max-width: 922px) 100vw, 922px\" \/><\/p>\n<p><strong>DIMENSIONES<\/strong><br \/>\n<img decoding=\"async\" class=\"size-full wp-image-410\" src=\"https:\/\/www.iglan.net\/wp-content\/uploads\/2019\/10\/AHG2.png\" alt=\"Dimensi\u00f3n AHG2\" width=\"920\" height=\"776\" srcset=\"https:\/\/www.iglan.net\/wp-content\/uploads\/2019\/10\/AHG2.png 920w, https:\/\/www.iglan.net\/wp-content\/uploads\/2019\/10\/AHG2-800x675.png 800w, https:\/\/www.iglan.net\/wp-content\/uploads\/2019\/10\/AHG2-64x54.png 64w, https:\/\/www.iglan.net\/wp-content\/uploads\/2019\/10\/AHG2-300x253.png 300w, https:\/\/www.iglan.net\/wp-content\/uploads\/2019\/10\/AHG2-768x648.png 768w\" sizes=\"(max-width: 920px) 100vw, 920px\" \/><\/p>","protected":false},"excerpt":{"rendered":"<p>El ciclo de trabajo de la bomba de lubricaci\u00f3n es controlado por el PLC anfitri\u00f3n o el controlador APC. Hay una v\u00e1lvula reguladora de presi\u00f3n para controlar la presi\u00f3n de trabajo de la bomba de lubricaci\u00f3n y para proteger su seguridad de trabajo. Distribuidores correspondientes: Serie ASV, ASL, CPS, CPB. Gama de lubricantes: #000 #00 #0 #1 grasa de litio.<\/p>","protected":false},"featured_media":513,"template":"","meta":[],"product_brand":[],"product_cat":[34,159],"product_tag":[40,42,47],"class_list":{"0":"post-403","1":"product","2":"type-product","3":"status-publish","4":"has-post-thumbnail","6":"product_cat-grease-lubrication-pump-units","7":"product_cat-ahg-series","8":"product_tag-grease-pump","9":"product_tag-lubricator","10":"product_tag-wind-power-lubrication-pump","12":"first","13":"instock","14":"shipping-taxable","15":"product-type-external"},"_links":{"self":[{"href":"https:\/\/www.iglan.net\/es\/wp-json\/wp\/v2\/product\/403","targetHints":{"allow":["GET"]}}],"collection":[{"href":"https:\/\/www.iglan.net\/es\/wp-json\/wp\/v2\/product"}],"about":[{"href":"https:\/\/www.iglan.net\/es\/wp-json\/wp\/v2\/types\/product"}],"wp:featuredmedia":[{"embeddable":true,"href":"https:\/\/www.iglan.net\/es\/wp-json\/wp\/v2\/media\/513"}],"wp:attachment":[{"href":"https:\/\/www.iglan.net\/es\/wp-json\/wp\/v2\/media?parent=403"}],"wp:term":[{"taxonomy":"product_brand","embeddable":true,"href":"https:\/\/www.iglan.net\/es\/wp-json\/wp\/v2\/product_brand?post=403"},{"taxonomy":"product_cat","embeddable":true,"href":"https:\/\/www.iglan.net\/es\/wp-json\/wp\/v2\/product_cat?post=403"},{"taxonomy":"product_tag","embeddable":true,"href":"https:\/\/www.iglan.net\/es\/wp-json\/wp\/v2\/product_tag?post=403"}],"curies":[{"name":"wp","href":"https:\/\/api.w.org\/{rel}","templated":true}]}}