{"id":3126,"date":"2022-08-24T08:47:30","date_gmt":"2022-08-24T15:47:30","guid":{"rendered":"https:\/\/www.iglan.net\/?post_type=product&#038;p=3126"},"modified":"2022-09-13T12:55:18","modified_gmt":"2022-09-13T19:55:18","slug":"ahg1-automatic-electric-grease-lubrication-pump-system","status":"publish","type":"product","link":"https:\/\/www.iglan.net\/es\/producto\/ahg1-automatic-electric-grease-lubrication-pump-system\/","title":{"rendered":"AHG1 Sistema de Bomba de Engrase El\u00e9ctrica Autom\u00e1tica"},"content":{"rendered":"<p>1. La bomba de lubricaci\u00f3n tiene su propio controlador para controlar la lubricaci\u00f3n y el tiempo de intervalo. Es f\u00e1cil de manejar. Tiene un zumbador, y un sonido de advertencia se emitir\u00e1 cuando hay una anormalidad.<br \/>\n2. Hay una v\u00e1lvula reguladora de presi\u00f3n para controlar la presi\u00f3n de trabajo de la bomba de lubricaci\u00f3n y proteger su seguridad de trabajo.<br \/>\n3. Se proporciona una v\u00e1lvula de ventilaci\u00f3n para descargar el aire en la cavidad de la bomba de lubricaci\u00f3n para asegurar una descarga suave de la bomba.<br \/>\n4. Bomba de lubricaci\u00f3n con placa de presi\u00f3n, aspiraci\u00f3n de lubricante por vac\u00edo.<br \/>\n5. Se puede instalar un transmisor de bajo nivel.<br \/>\n6. Rellene el dep\u00f3sito de la bomba de lubricaci\u00f3n con lubricante a trav\u00e9s del filtro. Por favor, reduzca las impurezas y la mezcla de aire en el sistema de lubricaci\u00f3n.<br \/>\n7. Distribuidor correspondiente a la bomba de lubricaci\u00f3n AHG1: Series ASV, ASVB, AVL, AVP.<br \/>\n8. Lubricantes: Grasa a base de litio NLGI 000#, 00#, 0#, 1#.<\/p>\n<h3>ESPECIFICACIONES<\/h3>\n<table>\n<tbody>\n<tr>\n<td><span style=\"font-size: 105%; color: #000000;\">PUNTO<\/span><\/td>\n<td><span style=\"font-size: 105%; color: #000000;\">PAR\u00c1METRO<\/span><\/td>\n<\/tr>\n<tr>\n<td><span style=\"font-size: 105%; color: #000000;\">Tensi\u00f3n<\/span><\/td>\n<td><span style=\"font-size: 105%;\"><span style=\"color: #000000;\">110VAC, 220VAC, 12VDC, 24VDC;<\/span> <span style=\"color: #000000;\">220VAC y 380VAC trif\u00e1sicos s\u00f3lo para AHG2 y AHG4.<\/span><\/span><\/td>\n<\/tr>\n<tr>\n<td><span style=\"font-size: 105%; color: #000000;\">Potencia<\/span><\/td>\n<td><span style=\"font-size: 105%; color: #000000;\">25W<\/span><\/td>\n<\/tr>\n<tr>\n<td><span style=\"font-size: 105%; color: #000000;\">Tiempo de lubricaci\u00f3n<\/span><\/td>\n<td><span style=\"font-size: 105%;\"><span style=\"color: #000000;\">1-999 Seg para AHG1 y AHG3;<\/span> <span style=\"color: #000000;\">PLC anfitri\u00f3n para AHG2 y AHG4.<\/span><\/span><\/td>\n<\/tr>\n<tr>\n<td><span style=\"font-size: 105%; color: #000000;\">Tiempo de intervalo<\/span><\/td>\n<td><span style=\"font-size: 105%;\"><span style=\"color: #000000;\">1-999 Seg para AHG1 y AHG3;<\/span> <span style=\"color: #000000;\">PLC anfitri\u00f3n para AHG2 y AHG4.<\/span><\/span><\/td>\n<\/tr>\n<tr>\n<td><span style=\"font-size: 105%; color: #000000;\">Presi\u00f3n m\u00e1xima<\/span><\/td>\n<td><span style=\"font-size: 105%; color: #000000;\">8MPa<\/span><\/td>\n<\/tr>\n<tr>\n<td><span style=\"font-size: 105%; color: #000000;\">Descarga<\/span><\/td>\n<td><span style=\"font-size: 105%; color: #000000;\">20mL\/min<\/span><\/td>\n<\/tr>\n<tr>\n<td><span style=\"font-size: 105%; color: #000000;\">Interruptor de presi\u00f3n<\/span><\/td>\n<td><span style=\"font-size: 105%; color: #000000;\">Opcional:<\/span><\/td>\n<\/tr>\n<tr>\n<td><span style=\"font-size: 105%; color: #000000;\">Interruptor de nivel bajo<\/span><\/td>\n<td><span style=\"font-size: 105%; color: #000000;\">Opcional:<\/span><\/td>\n<\/tr>\n<tr>\n<td><span style=\"font-size: 105%; color: #000000;\">Di\u00e1metro de salida<\/span><\/td>\n<td><span style=\"font-size: 105%; color: #000000;\">\u03a66 o \u03a68<\/span><\/td>\n<\/tr>\n<tr>\n<td><span style=\"font-size: 105%; color: #000000;\">Embalse<\/span><\/td>\n<td><span style=\"font-size: 105%; color: #000000;\">1500mL<\/span><\/td>\n<\/tr>\n<tr>\n<td><span style=\"color: #000000; font-size: 105%;\">Peso neto<\/span><\/td>\n<td><span style=\"color: #000000; font-size: 105%;\">5Kg(AHG1), 4.5Kg(AHG2), 6Kg(AHG3), 5.5Kg(AHG4)<\/span><\/td>\n<\/tr>\n<\/tbody>\n<\/table>\n<h3>DIMENSIONES<\/h3>\n<figure id=\"attachment_3167\" aria-describedby=\"caption-attachment-3167\" style=\"width: 792px\" class=\"wp-caption alignnone\"><img decoding=\"async\" class=\"size-full wp-image-3167\" src=\"https:\/\/www.iglan.net\/wp-content\/uploads\/2022\/08\/AHG1-grease-pump-dimension.jpg\" alt=\"Dimensi\u00f3n de la bomba de grasa AHG1\" width=\"792\" height=\"691\" srcset=\"https:\/\/www.iglan.net\/wp-content\/uploads\/2022\/08\/AHG1-grease-pump-dimension.jpg 792w, https:\/\/www.iglan.net\/wp-content\/uploads\/2022\/08\/AHG1-grease-pump-dimension-458x400.jpg 458w, https:\/\/www.iglan.net\/wp-content\/uploads\/2022\/08\/AHG1-grease-pump-dimension-768x670.jpg 768w, https:\/\/www.iglan.net\/wp-content\/uploads\/2022\/08\/AHG1-grease-pump-dimension-14x12.jpg 14w\" sizes=\"(max-width: 792px) 100vw, 792px\" \/><figcaption id=\"caption-attachment-3167\" class=\"wp-caption-text\">Dimensi\u00f3n de la bomba de grasa AHG1<\/figcaption><\/figure>\n<h3>C\u00d3DIGO DE PEDIDO<\/h3>\n<figure id=\"attachment_3168\" aria-describedby=\"caption-attachment-3168\" style=\"width: 852px\" class=\"wp-caption alignnone\"><img decoding=\"async\" class=\"wp-image-3168 size-full\" src=\"https:\/\/www.iglan.net\/wp-content\/uploads\/2022\/08\/AHG1-grease-pump-specs.jpg\" alt=\"Especificaciones de la bomba de grasa AHG1\" width=\"852\" height=\"558\" srcset=\"https:\/\/www.iglan.net\/wp-content\/uploads\/2022\/08\/AHG1-grease-pump-specs.jpg 852w, https:\/\/www.iglan.net\/wp-content\/uploads\/2022\/08\/AHG1-grease-pump-specs-611x400.jpg 611w, https:\/\/www.iglan.net\/wp-content\/uploads\/2022\/08\/AHG1-grease-pump-specs-768x503.jpg 768w, https:\/\/www.iglan.net\/wp-content\/uploads\/2022\/08\/AHG1-grease-pump-specs-18x12.jpg 18w, https:\/\/www.iglan.net\/wp-content\/uploads\/2022\/08\/AHG1-grease-pump-specs-800x524.jpg 800w\" sizes=\"(max-width: 852px) 100vw, 852px\" \/><figcaption id=\"caption-attachment-3168\" class=\"wp-caption-text\">C\u00f3digo de pedido de la bomba de grasa AHG1<\/figcaption><\/figure>\n<a href=\"https:\/\/www.iglan.net\/\" target=\"_blank\" class=\"button primary is-primary is-medium\" rel=\"noopener\" >\n\t\t<span>DESCARGAR EL CAT\u00c1LOGO<\/span>\n\t<\/a>\n\n<a href=\"https:\/\/www.iglan.net\/\" target=\"_blank\" class=\"button primary is-primary is-medium\" rel=\"noopener\" >\n\t\t<span>BUSCAR INSTRUCCIONES<\/span>\n\t<\/a>\n\n<a href=\"https:\/\/www.iglan.net\/\" target=\"_blank\" class=\"button primary is-primary is-medium\" rel=\"noopener\" >\n\t\t<span>BUSCAR APLICACIONES<\/span>\n\t<\/a>","protected":false},"excerpt":{"rendered":"<p>El dise\u00f1o de la bomba de lubricaci\u00f3n de la serie AHG es estable y duradero, el material del cuerpo de la bomba de lubricaci\u00f3n es grueso, la combinaci\u00f3n de cada parte de trabajo de la bomba el\u00e9ctrica es firme, y tiene una excelente funci\u00f3n antivibratoria. El dep\u00f3sito de la bomba de lubricaci\u00f3n est\u00e1 hecho de material transparente de alta resistencia, que es f\u00e1cil de observar el nivel de l\u00edquido.<\/p>","protected":false},"featured_media":3130,"template":"","meta":[],"product_brand":[],"product_cat":[34,159],"product_tag":[40,41,44],"class_list":{"0":"post-3126","1":"product","2":"type-product","3":"status-publish","4":"has-post-thumbnail","6":"product_cat-grease-lubrication-pump-units","7":"product_cat-ahg-series","8":"product_tag-grease-pump","9":"product_tag-lubrication-pump","10":"product_tag-lubrication-system","12":"first","13":"instock","14":"featured","15":"shipping-taxable","16":"product-type-external"},"_links":{"self":[{"href":"https:\/\/www.iglan.net\/es\/wp-json\/wp\/v2\/product\/3126","targetHints":{"allow":["GET"]}}],"collection":[{"href":"https:\/\/www.iglan.net\/es\/wp-json\/wp\/v2\/product"}],"about":[{"href":"https:\/\/www.iglan.net\/es\/wp-json\/wp\/v2\/types\/product"}],"wp:featuredmedia":[{"embeddable":true,"href":"https:\/\/www.iglan.net\/es\/wp-json\/wp\/v2\/media\/3130"}],"wp:attachment":[{"href":"https:\/\/www.iglan.net\/es\/wp-json\/wp\/v2\/media?parent=3126"}],"wp:term":[{"taxonomy":"product_brand","embeddable":true,"href":"https:\/\/www.iglan.net\/es\/wp-json\/wp\/v2\/product_brand?post=3126"},{"taxonomy":"product_cat","embeddable":true,"href":"https:\/\/www.iglan.net\/es\/wp-json\/wp\/v2\/product_cat?post=3126"},{"taxonomy":"product_tag","embeddable":true,"href":"https:\/\/www.iglan.net\/es\/wp-json\/wp\/v2\/product_tag?post=3126"}],"curies":[{"name":"wp","href":"https:\/\/api.w.org\/{rel}","templated":true}]}}