{"id":1268,"date":"2020-04-27T02:23:49","date_gmt":"2020-04-27T09:23:49","guid":{"rendered":"https:\/\/www.iglan.net\/?post_type=product&#038;p=1268"},"modified":"2022-03-22T23:28:38","modified_gmt":"2022-03-23T06:28:38","slug":"prl-brass-compression-nut-connector","status":"publish","type":"product","link":"https:\/\/www.iglan.net\/es\/producto\/prl-brass-compression-nut-connector\/","title":{"rendered":"PRL Conector de tuerca de compresi\u00f3n 4mm 6mm Accesorios de tuber\u00eda de lat\u00f3n"},"content":{"rendered":"<p style=\"text-align: left;\"><strong>CARACTER\u00cdSTICAS<\/strong><\/p>\n<p style=\"text-align: left;\">4\/6mm Tubo de grasa Piezas de doble virola Tuerca Conector Tubo de aceite M8\/M10 Tuerca de compresi\u00f3n de lat\u00f3n para el sistema de lubricaci\u00f3n CNC<\/p>\n<p style=\"text-align: left;\"><strong>ESPECIFICACIONES<\/strong><\/p>\n<figure id=\"attachment_1269\" aria-describedby=\"caption-attachment-1269\" style=\"width: 771px\" class=\"wp-caption alignnone\"><img decoding=\"async\" class=\"size-full wp-image-1269\" src=\"https:\/\/www.iglan.net\/wp-content\/uploads\/2020\/04\/PRL-specifications.jpg\" alt=\"Especificaciones de PRL\" width=\"771\" height=\"312\" srcset=\"https:\/\/www.iglan.net\/wp-content\/uploads\/2020\/04\/PRL-specifications.jpg 771w, https:\/\/www.iglan.net\/wp-content\/uploads\/2020\/04\/PRL-specifications-510x206.jpg 510w, https:\/\/www.iglan.net\/wp-content\/uploads\/2020\/04\/PRL-specifications-300x121.jpg 300w, https:\/\/www.iglan.net\/wp-content\/uploads\/2020\/04\/PRL-specifications-768x311.jpg 768w, https:\/\/www.iglan.net\/wp-content\/uploads\/2020\/04\/PRL-specifications-64x26.jpg 64w\" sizes=\"(max-width: 771px) 100vw, 771px\" \/><figcaption id=\"caption-attachment-1269\" class=\"wp-caption-text\">Especificaciones de PRL<\/figcaption><\/figure>","protected":false},"excerpt":{"rendered":"<p>4\/6mm Tubo de grasa Piezas de doble virola Tuerca Conector Tubo de aceite M8\/M10 Tuerca de compresi\u00f3n de lat\u00f3n para el sistema de lubricaci\u00f3n CNC<\/p>","protected":false},"featured_media":1270,"template":"","meta":[],"product_brand":[],"product_cat":[51,171],"product_tag":[134,138,139],"class_list":{"0":"post-1268","1":"product","2":"type-product","3":"status-publish","4":"has-post-thumbnail","6":"product_cat-lubrication-system-accessories","7":"product_cat-tubes-and-fittings","8":"product_tag-grease-ferrule-nut","9":"product_tag-grease-tube-parts","10":"product_tag-nut-connector","12":"first","13":"instock","14":"shipping-taxable","15":"product-type-external"},"_links":{"self":[{"href":"https:\/\/www.iglan.net\/es\/wp-json\/wp\/v2\/product\/1268","targetHints":{"allow":["GET"]}}],"collection":[{"href":"https:\/\/www.iglan.net\/es\/wp-json\/wp\/v2\/product"}],"about":[{"href":"https:\/\/www.iglan.net\/es\/wp-json\/wp\/v2\/types\/product"}],"wp:featuredmedia":[{"embeddable":true,"href":"https:\/\/www.iglan.net\/es\/wp-json\/wp\/v2\/media\/1270"}],"wp:attachment":[{"href":"https:\/\/www.iglan.net\/es\/wp-json\/wp\/v2\/media?parent=1268"}],"wp:term":[{"taxonomy":"product_brand","embeddable":true,"href":"https:\/\/www.iglan.net\/es\/wp-json\/wp\/v2\/product_brand?post=1268"},{"taxonomy":"product_cat","embeddable":true,"href":"https:\/\/www.iglan.net\/es\/wp-json\/wp\/v2\/product_cat?post=1268"},{"taxonomy":"product_tag","embeddable":true,"href":"https:\/\/www.iglan.net\/es\/wp-json\/wp\/v2\/product_tag?post=1268"}],"curies":[{"name":"wp","href":"https:\/\/api.w.org\/{rel}","templated":true}]}}