{"id":1253,"date":"2020-04-27T02:00:59","date_gmt":"2020-04-27T09:00:59","guid":{"rendered":"https:\/\/www.iglan.net\/?post_type=product&#038;p=1253"},"modified":"2022-03-24T00:39:24","modified_gmt":"2022-03-24T07:39:24","slug":"hex-pipe-oil-pipe-closure-plug","status":"publish","type":"product","link":"https:\/\/www.iglan.net\/es\/producto\/hex-pipe-oil-pipe-closure-plug\/","title":{"rendered":"Tap\u00f3n de cierre de tubo de aceite hexagonal para sistema de lubricaci\u00f3n"},"content":{"rendered":"<p><strong>CARACTER\u00cdSTICAS<\/strong><\/p>\n<p>M8\/M10 roscado hexagonal accesorio de tuber\u00eda de lat\u00f3n tap\u00f3n de cierre de la tuber\u00eda de aceite tap\u00f3n de la v\u00e1lvula del tubo de grasa para el sistema de lubricaci\u00f3n<\/p>\n<p><strong>ESPECIFICACIONES<\/strong><\/p>\n<figure id=\"attachment_1254\" aria-describedby=\"caption-attachment-1254\" style=\"width: 572px\" class=\"wp-caption alignleft\"><img decoding=\"async\" class=\"size-full wp-image-1254\" src=\"https:\/\/www.iglan.net\/wp-content\/uploads\/2020\/04\/PG-specifications.jpg\" alt=\"Especificaci\u00f3n PG\" width=\"572\" height=\"300\" srcset=\"https:\/\/www.iglan.net\/wp-content\/uploads\/2020\/04\/PG-specifications.jpg 572w, https:\/\/www.iglan.net\/wp-content\/uploads\/2020\/04\/PG-specifications-510x267.jpg 510w, https:\/\/www.iglan.net\/wp-content\/uploads\/2020\/04\/PG-specifications-300x157.jpg 300w, https:\/\/www.iglan.net\/wp-content\/uploads\/2020\/04\/PG-specifications-64x34.jpg 64w\" sizes=\"(max-width: 572px) 100vw, 572px\" \/><figcaption id=\"caption-attachment-1254\" class=\"wp-caption-text\">Especificaci\u00f3n PG<\/figcaption><\/figure>","protected":false},"excerpt":{"rendered":"<p>M8\/M10 roscado hexagonal accesorio de tuber\u00eda de lat\u00f3n tap\u00f3n de cierre de la tuber\u00eda de aceite tap\u00f3n de la v\u00e1lvula del tubo de grasa para el sistema de lubricaci\u00f3n<\/p>","protected":false},"featured_media":1257,"template":"","meta":[],"product_brand":[],"product_cat":[51,171],"product_tag":[135,136,137],"class_list":{"0":"post-1253","1":"product","2":"type-product","3":"status-publish","4":"has-post-thumbnail","6":"product_cat-lubrication-system-accessories","7":"product_cat-tubes-and-fittings","8":"product_tag-closure-plug","9":"product_tag-oil-pipe-closure-plug","10":"product_tag-tube-valve","12":"first","13":"instock","14":"shipping-taxable","15":"product-type-external"},"_links":{"self":[{"href":"https:\/\/www.iglan.net\/es\/wp-json\/wp\/v2\/product\/1253","targetHints":{"allow":["GET"]}}],"collection":[{"href":"https:\/\/www.iglan.net\/es\/wp-json\/wp\/v2\/product"}],"about":[{"href":"https:\/\/www.iglan.net\/es\/wp-json\/wp\/v2\/types\/product"}],"wp:featuredmedia":[{"embeddable":true,"href":"https:\/\/www.iglan.net\/es\/wp-json\/wp\/v2\/media\/1257"}],"wp:attachment":[{"href":"https:\/\/www.iglan.net\/es\/wp-json\/wp\/v2\/media?parent=1253"}],"wp:term":[{"taxonomy":"product_brand","embeddable":true,"href":"https:\/\/www.iglan.net\/es\/wp-json\/wp\/v2\/product_brand?post=1253"},{"taxonomy":"product_cat","embeddable":true,"href":"https:\/\/www.iglan.net\/es\/wp-json\/wp\/v2\/product_cat?post=1253"},{"taxonomy":"product_tag","embeddable":true,"href":"https:\/\/www.iglan.net\/es\/wp-json\/wp\/v2\/product_tag?post=1253"}],"curies":[{"name":"wp","href":"https:\/\/api.w.org\/{rel}","templated":true}]}}