{"id":1126,"date":"2020-03-05T19:36:48","date_gmt":"2020-03-06T03:36:48","guid":{"rendered":"https:\/\/www.iglan.net\/?post_type=product&#038;p=1126"},"modified":"2022-03-24T00:40:57","modified_gmt":"2022-03-24T07:40:57","slug":"pf-plane-right-angle-adaptor","status":"publish","type":"product","link":"https:\/\/www.iglan.net\/es\/producto\/pf-plane-right-angle-adaptor\/","title":{"rendered":"Adaptador de \u00e1ngulo recto PF-4 Conector macho a codo hembra"},"content":{"rendered":"<p><strong>CARACTER\u00cdSTICAS<\/strong><\/p>\n<p>IGLAN Lubricaci\u00f3n Aceite Grasa Tubo Conector 90 Grados Lat\u00f3n Plano \u00c1ngulo Recto Adaptador Macho a Hembra Para Tuber\u00eda de Lubricaci\u00f3n<\/p>\n<p><strong>ESPECIFICACIONES<\/strong><\/p>\n<p><img decoding=\"async\" class=\"size-full wp-image-1127\" src=\"https:\/\/www.iglan.net\/wp-content\/uploads\/2020\/03\/PF-dimensions.jpg\" alt=\"Dimensiones del adaptador de \u00e1ngulo recto del avi\u00f3n\" width=\"386\" height=\"628\" srcset=\"https:\/\/www.iglan.net\/wp-content\/uploads\/2020\/03\/PF-dimensions.jpg 386w, https:\/\/www.iglan.net\/wp-content\/uploads\/2020\/03\/PF-dimensions-184x300.jpg 184w, https:\/\/www.iglan.net\/wp-content\/uploads\/2020\/03\/PF-dimensions-64x104.jpg 64w, https:\/\/www.iglan.net\/wp-content\/uploads\/2020\/03\/PF-dimensions-300x488.jpg 300w\" sizes=\"(max-width: 386px) 100vw, 386px\" \/><\/p>\n<figure id=\"attachment_1128\" aria-describedby=\"caption-attachment-1128\" style=\"width: 883px\" class=\"wp-caption alignnone\"><img decoding=\"async\" class=\"size-full wp-image-1128\" src=\"https:\/\/www.iglan.net\/wp-content\/uploads\/2020\/03\/PF-specifications.jpg\" alt=\"Especificaciones de las dimensiones del adaptador de \u00e1ngulo recto del avi\u00f3n\" width=\"883\" height=\"369\" srcset=\"https:\/\/www.iglan.net\/wp-content\/uploads\/2020\/03\/PF-specifications.jpg 883w, https:\/\/www.iglan.net\/wp-content\/uploads\/2020\/03\/PF-specifications-800x334.jpg 800w, https:\/\/www.iglan.net\/wp-content\/uploads\/2020\/03\/PF-specifications-300x125.jpg 300w, https:\/\/www.iglan.net\/wp-content\/uploads\/2020\/03\/PF-specifications-768x321.jpg 768w, https:\/\/www.iglan.net\/wp-content\/uploads\/2020\/03\/PF-specifications-64x27.jpg 64w\" sizes=\"(max-width: 883px) 100vw, 883px\" \/><figcaption id=\"caption-attachment-1128\" class=\"wp-caption-text\">Especificaciones de las dimensiones del adaptador de \u00e1ngulo recto del avi\u00f3n<\/figcaption><\/figure>","protected":false},"excerpt":{"rendered":"<p>IGLAN Lubricaci\u00f3n Aceite Grasa Tubo Conector 90 Grados Lat\u00f3n Plano \u00c1ngulo Recto Adaptador Macho a Hembra Para Tuber\u00eda de Lubricaci\u00f3n<\/p>","protected":false},"featured_media":1129,"template":"","meta":[],"product_brand":[],"product_cat":[51,171],"product_tag":[104,123,122],"class_list":{"0":"post-1126","1":"product","2":"type-product","3":"status-publish","4":"has-post-thumbnail","6":"product_cat-lubrication-system-accessories","7":"product_cat-tubes-and-fittings","8":"product_tag-connector","9":"product_tag-plane-joint","10":"product_tag-plane-right-angle-adapter","12":"first","13":"instock","14":"shipping-taxable","15":"product-type-external"},"_links":{"self":[{"href":"https:\/\/www.iglan.net\/es\/wp-json\/wp\/v2\/product\/1126","targetHints":{"allow":["GET"]}}],"collection":[{"href":"https:\/\/www.iglan.net\/es\/wp-json\/wp\/v2\/product"}],"about":[{"href":"https:\/\/www.iglan.net\/es\/wp-json\/wp\/v2\/types\/product"}],"wp:featuredmedia":[{"embeddable":true,"href":"https:\/\/www.iglan.net\/es\/wp-json\/wp\/v2\/media\/1129"}],"wp:attachment":[{"href":"https:\/\/www.iglan.net\/es\/wp-json\/wp\/v2\/media?parent=1126"}],"wp:term":[{"taxonomy":"product_brand","embeddable":true,"href":"https:\/\/www.iglan.net\/es\/wp-json\/wp\/v2\/product_brand?post=1126"},{"taxonomy":"product_cat","embeddable":true,"href":"https:\/\/www.iglan.net\/es\/wp-json\/wp\/v2\/product_cat?post=1126"},{"taxonomy":"product_tag","embeddable":true,"href":"https:\/\/www.iglan.net\/es\/wp-json\/wp\/v2\/product_tag?post=1126"}],"curies":[{"name":"wp","href":"https:\/\/api.w.org\/{rel}","templated":true}]}}