{"id":1096,"date":"2020-02-22T01:00:57","date_gmt":"2020-02-22T09:00:57","guid":{"rendered":"https:\/\/www.iglan.net\/?post_type=product&#038;p=1096"},"modified":"2022-03-24T00:41:23","modified_gmt":"2022-03-24T07:41:23","slug":"turcit-b-epoxy-resin-12-ab-glue","status":"publish","type":"product","link":"https:\/\/www.iglan.net\/es\/producto\/turcit-b-epoxy-resin-12-ab-glue\/","title":{"rendered":"Turcit B Resina Epoxi 1:2 AB Pegamento para Gu\u00eda de deslizamiento Cinta blanda"},"content":{"rendered":"<p><strong>CARACTER\u00cdSTICAS<\/strong><\/p>\n<p>1. Preparaci\u00f3n: la superficie de uni\u00f3n del carril gu\u00eda met\u00e1lico es rugosa Ra12,5~6,3um (acabado \u25bd3~\u25bd4), se eliminar\u00e1 el \u00f3xido y el aceite, y se limpiar\u00e1 con acetona la superficie de uni\u00f3n del carril gu\u00eda y la correa blanda.<\/p>\n<p>2. Preparaci\u00f3n del pegamento: el pegamento especial debe prepararse junto con el uso. Utilice dos varillas de agitaci\u00f3n para tomar el pegamento de acuerdo con la relaci\u00f3n de volumen de AB = 1 \/ 1,2 (o la relaci\u00f3n de peso de AB = 1 \/ 1) y la mezcla, y totalmente agitar de manera uniforme.<\/p>\n<p>3. Pasta: aplique uniformemente el adhesivo a la superficie de uni\u00f3n del carril gu\u00eda y de la correa blanda del carril gu\u00eda 6S, y el grosor de la capa de adhesivo se controlar\u00e1 a unos 0,10 mm.<\/p>\n<p>4. Curado: temperatura de curado: temperatura ambiente 10 ~ 40C; tiempo de curado: 24 horas; presi\u00f3n de curado: 0,060,10mpa.<\/p>","protected":false},"excerpt":{"rendered":"<p>Preparaci\u00f3n: la superficie de uni\u00f3n del carril gu\u00eda met\u00e1lico es rugosa Ra12,5~6,3um (acabado \u25bd3~\u25bd4), se eliminar\u00e1 el \u00f3xido y el aceite, y se limpiar\u00e1 con acetona la superficie de uni\u00f3n del carril gu\u00eda y la correa blanda.<\/p>","protected":false},"featured_media":1097,"template":"","meta":[],"product_brand":[],"product_cat":[52],"product_tag":[114,115,113],"class_list":{"0":"post-1096","1":"product","2":"type-product","3":"status-publish","4":"has-post-thumbnail","6":"product_cat-turcite-b-tape-and-adhesive","7":"product_tag-ab-glue","8":"product_tag-epoxy-resin","9":"product_tag-glue","11":"first","12":"instock","13":"shipping-taxable","14":"product-type-external"},"_links":{"self":[{"href":"https:\/\/www.iglan.net\/es\/wp-json\/wp\/v2\/product\/1096","targetHints":{"allow":["GET"]}}],"collection":[{"href":"https:\/\/www.iglan.net\/es\/wp-json\/wp\/v2\/product"}],"about":[{"href":"https:\/\/www.iglan.net\/es\/wp-json\/wp\/v2\/types\/product"}],"wp:featuredmedia":[{"embeddable":true,"href":"https:\/\/www.iglan.net\/es\/wp-json\/wp\/v2\/media\/1097"}],"wp:attachment":[{"href":"https:\/\/www.iglan.net\/es\/wp-json\/wp\/v2\/media?parent=1096"}],"wp:term":[{"taxonomy":"product_brand","embeddable":true,"href":"https:\/\/www.iglan.net\/es\/wp-json\/wp\/v2\/product_brand?post=1096"},{"taxonomy":"product_cat","embeddable":true,"href":"https:\/\/www.iglan.net\/es\/wp-json\/wp\/v2\/product_cat?post=1096"},{"taxonomy":"product_tag","embeddable":true,"href":"https:\/\/www.iglan.net\/es\/wp-json\/wp\/v2\/product_tag?post=1096"}],"curies":[{"name":"wp","href":"https:\/\/api.w.org\/{rel}","templated":true}]}}