{"id":1082,"date":"2020-02-22T00:20:05","date_gmt":"2020-02-22T08:20:05","guid":{"rendered":"https:\/\/www.iglan.net\/?post_type=product&#038;p=1082"},"modified":"2022-03-24T00:41:36","modified_gmt":"2022-03-24T07:41:36","slug":"nanpao-906-adhesive-ab-glue","status":"publish","type":"product","link":"https:\/\/www.iglan.net\/es\/producto\/nanpao-906-adhesive-ab-glue\/","title":{"rendered":"Nanpao Resina Adhesiva AB Pegamento para Gu\u00eda de deslizamiento Cinta suave"},"content":{"rendered":"<p><strong>APLICACIONES<\/strong><\/p>\n<p>El adhesivo de alto rendimiento y resistente a las altas temperaturas Taiwan Nanbao 906 es un adhesivo de resina epoxi de dos componentes. Se utiliza para el seguimiento de diversos materiales, como metal, cer\u00e1mica, piedra, vidrio, madera, bamb\u00fa, cemento, caucho, etc. Todo tipo de maquinaria, herramientas, piezas electr\u00f3nicas y equipos deportivos, etc. Decoraci\u00f3n, artesan\u00eda, producci\u00f3n y reparaci\u00f3n de art\u00edculos dom\u00e9sticos.<\/p>\n<p><strong>CARACTER\u00cdSTICAS<\/strong><\/p>\n<p>1. El agente es una serie de adhesivo fuerte de resina epoxi con buena adhesi\u00f3n, fuerte tenacidad y resistencia al impacto despu\u00e9s del endurecimiento;<\/p>\n<p>2. Puede utilizarse durante unas 1-1,5 horas, con una buena operatividad y un funcionamiento sencillo, y es adecuado para el seguimiento de grandes \u00e1reas.<\/p>\n<p>3. Resistencia a la temperatura y a las altas temperaturas hasta 280 \u2103.<\/p>","protected":false},"excerpt":{"rendered":"<p class=\"detail-desc-decorate-content\" data-spm-anchor-id=\"a2g0o.detail.1000023.i3.6d35461ffjuCRT\">1. El agente es una serie de adhesivo fuerte de resina epoxi con buena adhesi\u00f3n, fuerte tenacidad y resistencia al impacto despu\u00e9s del endurecimiento. 2. Puede ser utilizado durante aproximadamente 1-1,5 horas, con buena operatividad y simple operatividad, y es adecuado para el seguimiento de grandes \u00e1reas. 3. Resistencia a la temperatura y a las altas temperaturas hasta 280 \u2103.<\/p>","protected":false},"featured_media":1084,"template":"","meta":[],"product_brand":[],"product_cat":[52],"product_tag":[114,112,113],"class_list":{"0":"post-1082","1":"product","2":"type-product","3":"status-publish","4":"has-post-thumbnail","6":"product_cat-turcite-b-tape-and-adhesive","7":"product_tag-ab-glue","8":"product_tag-adhesive","9":"product_tag-glue","11":"first","12":"instock","13":"shipping-taxable","14":"product-type-external"},"_links":{"self":[{"href":"https:\/\/www.iglan.net\/es\/wp-json\/wp\/v2\/product\/1082","targetHints":{"allow":["GET"]}}],"collection":[{"href":"https:\/\/www.iglan.net\/es\/wp-json\/wp\/v2\/product"}],"about":[{"href":"https:\/\/www.iglan.net\/es\/wp-json\/wp\/v2\/types\/product"}],"wp:featuredmedia":[{"embeddable":true,"href":"https:\/\/www.iglan.net\/es\/wp-json\/wp\/v2\/media\/1084"}],"wp:attachment":[{"href":"https:\/\/www.iglan.net\/es\/wp-json\/wp\/v2\/media?parent=1082"}],"wp:term":[{"taxonomy":"product_brand","embeddable":true,"href":"https:\/\/www.iglan.net\/es\/wp-json\/wp\/v2\/product_brand?post=1082"},{"taxonomy":"product_cat","embeddable":true,"href":"https:\/\/www.iglan.net\/es\/wp-json\/wp\/v2\/product_cat?post=1082"},{"taxonomy":"product_tag","embeddable":true,"href":"https:\/\/www.iglan.net\/es\/wp-json\/wp\/v2\/product_tag?post=1082"}],"curies":[{"name":"wp","href":"https:\/\/api.w.org\/{rel}","templated":true}]}}