{"id":1005,"date":"2020-01-16T01:29:50","date_gmt":"2020-01-16T09:29:50","guid":{"rendered":"https:\/\/www.iglan.net\/?post_type=product&#038;p=1005"},"modified":"2022-03-24T00:41:53","modified_gmt":"2022-03-24T07:41:53","slug":"afy-lubrication-double-joint-oil-filter","status":"publish","type":"product","link":"https:\/\/www.iglan.net\/es\/producto\/afy-lubrication-double-joint-oil-filter\/","title":{"rendered":"Filtro de aceite de doble junta AFY Limpiador de circuito de grasa de aceite"},"content":{"rendered":"<p><strong>CARACTER\u00cdSTICAS<\/strong><\/p>\n<p>IGLAN AFY Lubricaci\u00f3n Doble Filtro de Aceite Bomba de Aceite Limpiador de Circuito de Grasa Para Equipo Mec\u00e1nico CNC Sistema de Lubricaci\u00f3n<\/p>\n<p><strong>ESPECIFICACIONES<\/strong><\/p>\n<p><img decoding=\"async\" class=\"size-full wp-image-1006\" src=\"https:\/\/www.iglan.net\/wp-content\/uploads\/2020\/01\/DF-specifications.jpg\" alt=\"Especificaci\u00f3n del filtro de doble junta\" width=\"920\" height=\"1150\" srcset=\"https:\/\/www.iglan.net\/wp-content\/uploads\/2020\/01\/DF-specifications.jpg 864w, https:\/\/www.iglan.net\/wp-content\/uploads\/2020\/01\/DF-specifications-800x1000.jpg 800w, https:\/\/www.iglan.net\/wp-content\/uploads\/2020\/01\/DF-specifications-64x80.jpg 64w, https:\/\/www.iglan.net\/wp-content\/uploads\/2020\/01\/DF-specifications-300x375.jpg 300w, https:\/\/www.iglan.net\/wp-content\/uploads\/2020\/01\/DF-specifications-240x300.jpg 240w, https:\/\/www.iglan.net\/wp-content\/uploads\/2020\/01\/DF-specifications-819x1024.jpg 819w, https:\/\/www.iglan.net\/wp-content\/uploads\/2020\/01\/DF-specifications-768x960.jpg 768w\" sizes=\"(max-width: 920px) 100vw, 920px\" \/><\/p>","protected":false},"excerpt":{"rendered":"<p>IGLAN AFY Lubricaci\u00f3n Doble Filtro de Aceite Bomba de Aceite Limpiador de Circuito de Grasa Para Equipo Mec\u00e1nico CNC Sistema de Lubricaci\u00f3n<\/p>","protected":false},"featured_media":1007,"template":"","meta":[],"product_brand":[],"product_cat":[51,172],"product_tag":[108,106,109],"class_list":{"0":"post-1005","1":"product","2":"type-product","3":"status-publish","4":"has-post-thumbnail","6":"product_cat-lubrication-system-accessories","7":"product_cat-switches-and-filters","8":"product_tag-cleaner","9":"product_tag-grease-filter","10":"product_tag-oil-filter","12":"first","13":"instock","14":"shipping-taxable","15":"product-type-external"},"_links":{"self":[{"href":"https:\/\/www.iglan.net\/es\/wp-json\/wp\/v2\/product\/1005","targetHints":{"allow":["GET"]}}],"collection":[{"href":"https:\/\/www.iglan.net\/es\/wp-json\/wp\/v2\/product"}],"about":[{"href":"https:\/\/www.iglan.net\/es\/wp-json\/wp\/v2\/types\/product"}],"wp:featuredmedia":[{"embeddable":true,"href":"https:\/\/www.iglan.net\/es\/wp-json\/wp\/v2\/media\/1007"}],"wp:attachment":[{"href":"https:\/\/www.iglan.net\/es\/wp-json\/wp\/v2\/media?parent=1005"}],"wp:term":[{"taxonomy":"product_brand","embeddable":true,"href":"https:\/\/www.iglan.net\/es\/wp-json\/wp\/v2\/product_brand?post=1005"},{"taxonomy":"product_cat","embeddable":true,"href":"https:\/\/www.iglan.net\/es\/wp-json\/wp\/v2\/product_cat?post=1005"},{"taxonomy":"product_tag","embeddable":true,"href":"https:\/\/www.iglan.net\/es\/wp-json\/wp\/v2\/product_tag?post=1005"}],"curies":[{"name":"wp","href":"https:\/\/api.w.org\/{rel}","templated":true}]}}