{"id":2431,"date":"2022-03-16T01:13:22","date_gmt":"2022-03-16T08:13:22","guid":{"rendered":"https:\/\/www.aceopus.com\/?page_id=2431"},"modified":"2022-06-10T12:04:32","modified_gmt":"2022-06-10T19:04:32","slug":"company-album","status":"publish","type":"page","link":"https:\/\/www.iglan.net\/es\/about\/company-album\/","title":{"rendered":"ALBUM DE LA EMPRESA"},"content":{"rendered":"<section class=\"section\" id=\"section_791335078\">\n\t\t<div class=\"section-bg fill\" >\n\t\t\t<img decoding=\"async\" width=\"1920\" height=\"500\" src=\"https:\/\/www.iglan.net\/wp-content\/uploads\/2022\/06\/lubrication-system-background.jpg\" class=\"bg attachment-original size-original\" alt=\"lubrication system background\" \/>\t\t\t\t\t\t<div class=\"section-bg-overlay absolute fill\"><\/div>\n\t\t\t\n\n\t\t<\/div>\n\n\t\t\n\n\t\t<div class=\"section-content relative\">\n\t\t\t\n\n<div class=\"row\"  id=\"row-376942386\">\n\n\n\t<div id=\"col-1926698462\" class=\"col hide-for-small medium-2 small-12 large-2\"  >\n\t\t\t\t<div class=\"col-inner\"  >\n\t\t\t\n\t\t\t\n\n\n\t\t<\/div>\n\t\t\t\t\t<\/div>\n\n\t\n\n\t<div id=\"col-187617639\" class=\"col medium-8 small-12 large-8\"  >\n\t\t\t\t<div class=\"col-inner dark\" style=\"background-color:#485a64;\" >\n\t\t\t\n\t\t\t\n\n\t<div id=\"text-2245954352\" class=\"text\">\n\t\t\n\n<h2>Acerca de IGLAN<\/h2>\n<p>IGLAN es un profesional de los sistemas de lubricaci\u00f3n respetuosos con el medio ambiente. IGLAN se fund\u00f3 en 2009 y se especializa en la producci\u00f3n de sistemas de lubricaci\u00f3n centralizada, ha aprobado la certificaci\u00f3n del sistema de gesti\u00f3n de calidad IS09001:2005 y cuenta con varias patentes pr\u00e1cticas.<\/p>\n\t\t\n<style>\n#text-2245954352 {\n  color: rgb(255, 255, 255);\n}\n#text-2245954352 > * {\n  color: rgb(255, 255, 255);\n}\n<\/style>\n\t<\/div>\n\t\n\n\t\t<\/div>\n\t\t\t\t\n<style>\n#col-187617639 > .col-inner {\n  padding: 30px 15px 30px 15px;\n}\n@media (min-width:550px) {\n  #col-187617639 > .col-inner {\n    padding: 30px 20px 30px 20px;\n  }\n}\n<\/style>\n\t<\/div>\n\n\t\n\n\t<div id=\"col-1216237017\" class=\"col hide-for-small medium-2 small-12 large-2\"  >\n\t\t\t\t<div class=\"col-inner\"  >\n\t\t\t\n\t\t\t\n\n\n\t\t<\/div>\n\t\t\t\t\t<\/div>\n\n\t\n\n<\/div>\n\n\t\t<\/div>\n\n\t\t\n<style>\n#section_791335078 {\n  padding-top: 90px;\n  padding-bottom: 90px;\n}\n#section_791335078 .section-bg-overlay {\n  background-color: rgba(0, 0, 0, 0.4);\n}\n@media (min-width:550px) {\n  #section_791335078 {\n    padding-top: 110px;\n    padding-bottom: 110px;\n  }\n}\n<\/style>\n\t<\/section>\n\t\n\n\t<section class=\"section\" id=\"section_1528699597\">\n\t\t<div class=\"section-bg fill\" >\n\t\t\t\t\t\t\t\t\t\n\t\t\t\n\n\t\t<\/div>\n\n\t\t\n\n\t\t<div class=\"section-content relative\">\n\t\t\t\n\n<div class=\"row\"  id=\"row-1346392571\">\n\n\n\t<div id=\"col-1360116323\" class=\"col small-12 large-12\"  >\n\t\t\t\t<div class=\"col-inner\"  >\n\t\t\t\n\t\t\t\n\n\n  \n    <div id=\"pages-1311761635\" class=\"row large-columns-4 medium-columns-2 small-columns-2 row-large has-shadow row-box-shadow-3-hover row-masonry\" data-packery-options='{\"itemSelector\": \".col\", \"gutter\": 0, \"presentageWidth\" : true}'>\n\n  <div class=\"page-col col\" >\n          <div class=\"col-inner\" >\n          <a class=\"block plain\" href=\"https:\/\/www.iglan.net\/es\/about\/company-profile\/\" title=\"PERFIL DE LA EMPRESA\" target=\"\">\n            <div class=\"page-box box has-hover box-overlay dark box-text-middle\">\n                  <div class=\"box-image\" >\n                      <div class=\"box-image\" >\n                      <img decoding=\"async\" width=\"100\" height=\"25\" src=\"https:\/\/www.iglan.net\/wp-content\/uploads\/2022\/03\/10025.jpg\" class=\"attachment-medium size-medium\" alt=\"\" \/>                      <\/div>\n                      <div class=\"overlay\" style=\"background-color: rgb(15, 88, 214)\"><\/div>                                        <\/div>\n                  <div class=\"box-text text-center\" style=\"padding:0 0px 0px 0px;\">\n                        <div class=\"box-text-inner\">\n                            <p>PERFIL DE LA EMPRESA<\/p>\n                        <\/div>\n                  <\/div>\n              <\/div>\n            <\/a>\n            <\/div>\n          <\/div><div class=\"page-col col\" >\n          <div class=\"col-inner\" >\n          <a class=\"block plain\" href=\"https:\/\/www.iglan.net\/es\/about\/our-product\/\" title=\"NUESTRO PRODUCTO\" target=\"\">\n            <div class=\"page-box box has-hover box-overlay dark box-text-middle\">\n                  <div class=\"box-image\" >\n                      <div class=\"box-image\" >\n                      <img decoding=\"async\" width=\"100\" height=\"25\" src=\"https:\/\/www.iglan.net\/wp-content\/uploads\/2022\/03\/10025.jpg\" class=\"attachment-medium size-medium\" alt=\"\" \/>                      <\/div>\n                      <div class=\"overlay\" style=\"background-color: rgb(15, 88, 214)\"><\/div>                                        <\/div>\n                  <div class=\"box-text text-center\" style=\"padding:0 0px 0px 0px;\">\n                        <div class=\"box-text-inner\">\n                            <p>NUESTRO PRODUCTO<\/p>\n                        <\/div>\n                  <\/div>\n              <\/div>\n            <\/a>\n            <\/div>\n          <\/div><div class=\"page-col col\" >\n          <div class=\"col-inner\" >\n          <a class=\"block plain\" href=\"https:\/\/www.iglan.net\/es\/about\/sales-market\/\" title=\"MERCADO DE VENTAS\" target=\"\">\n            <div class=\"page-box box has-hover box-overlay dark box-text-middle\">\n                  <div class=\"box-image\" >\n                      <div class=\"box-image\" >\n                      <img decoding=\"async\" width=\"100\" height=\"25\" src=\"https:\/\/www.iglan.net\/wp-content\/uploads\/2022\/03\/10025.jpg\" class=\"attachment-medium size-medium\" alt=\"\" \/>                      <\/div>\n                      <div class=\"overlay\" style=\"background-color: rgb(15, 88, 214)\"><\/div>                                        <\/div>\n                  <div class=\"box-text text-center\" style=\"padding:0 0px 0px 0px;\">\n                        <div class=\"box-text-inner\">\n                            <p>MERCADO DE VENTAS<\/p>\n                        <\/div>\n                  <\/div>\n              <\/div>\n            <\/a>\n            <\/div>\n          <\/div><div class=\"page-col col\" >\n          <div class=\"col-inner\" >\n          <a class=\"block plain\" href=\"https:\/\/www.iglan.net\/es\/about\/company-album\/\" title=\"ALBUM DE LA EMPRESA\" target=\"\">\n            <div class=\"page-box box has-hover box-overlay dark box-text-middle\">\n                  <div class=\"box-image\" >\n                      <div class=\"box-image\" >\n                      <img decoding=\"async\" width=\"100\" height=\"25\" src=\"https:\/\/www.iglan.net\/wp-content\/uploads\/2022\/03\/10025.jpg\" class=\"attachment-medium size-medium\" alt=\"\" \/>                      <\/div>\n                      <div class=\"overlay\" style=\"background-color: rgb(15, 88, 214)\"><\/div>                                        <\/div>\n                  <div class=\"box-text text-center\" style=\"padding:0 0px 0px 0px;\">\n                        <div class=\"box-text-inner\">\n                            <p>ALBUM DE LA EMPRESA<\/p>\n                        <\/div>\n                  <\/div>\n              <\/div>\n            <\/a>\n            <\/div>\n          <\/div><\/div>\n\n\n\t\t<\/div>\n\t\t\t\t\n<style>\n#col-1360116323 > .col-inner {\n  margin: 0px 0px -60px 0px;\n}\n<\/style>\n\t<\/div>\n\n\t\n\n<\/div>\n\n\t\t<\/div>\n\n\t\t\n<style>\n#section_1528699597 {\n  padding-top: 50px;\n  padding-bottom: 50px;\n  background-color: rgb(234, 234, 234);\n}\n<\/style>\n\t<\/section>\n\t\n\n\t<section class=\"section\" id=\"section_1845901538\">\n\t\t<div class=\"section-bg fill\" >\n\t\t\t\t\t\t\t\t\t\n\t\t\t\n\n\t\t<\/div>\n\n\t\t\n\n\t\t<div class=\"section-content relative\">\n\t\t\t\n\n<div class=\"row row-collapse align-middle align-center\"  id=\"row-1736362501\">\n\n\n\t<div id=\"col-75696112\" class=\"col medium-12 small-12 large-6\"  >\n\t\t\t\t<div class=\"col-inner\"  >\n\t\t\t\n\t\t\t\n\n\t<div class=\"img has-hover x md-x lg-x y md-y lg-y\" id=\"image_1146882501\">\n\t\t\t\t\t\t\t\t<div class=\"img-inner dark\" >\n\t\t\t<img decoding=\"async\" width=\"900\" height=\"600\" src=\"https:\/\/www.iglan.net\/wp-content\/uploads\/2022\/03\/IGLAN-office.jpg\" class=\"attachment-original size-original\" alt=\"Oficina de IGLAN\" srcset=\"https:\/\/www.iglan.net\/wp-content\/uploads\/2022\/03\/IGLAN-office.jpg 900w, https:\/\/www.iglan.net\/wp-content\/uploads\/2022\/03\/IGLAN-office-600x400.jpg 600w, https:\/\/www.iglan.net\/wp-content\/uploads\/2022\/03\/IGLAN-office-768x512.jpg 768w, https:\/\/www.iglan.net\/wp-content\/uploads\/2022\/03\/IGLAN-office-800x533.jpg 800w\" sizes=\"(max-width: 900px) 100vw, 900px\" \/>\t\t\t\t\t\t\n\t\t\t\t\t<\/div>\n\t\t\t\t\t\t\t\t\n<style>\n#image_1146882501 {\n  width: 100%;\n}\n<\/style>\n\t<\/div>\n\t\n\n\n\t\t<\/div>\n\t\t\t\t\t<\/div>\n\n\t\n\n\t<div id=\"col-595303171\" class=\"col medium-12 small-12 large-6\"  >\n\t\t\t\t<div class=\"col-inner\" style=\"background-color:rgb(234, 234, 234);\" >\n\t\t\t\n\t\t\t\n\n\t<div id=\"text-2336902224\" class=\"text\">\n\t\t\n\n<h2>Introducci\u00f3n<\/h2>\n<p>IGLAN es un proveedor de productos, soluciones y servicios de lubricaci\u00f3n centralizada. Una forma m\u00e1s eficiente, productiva y sostenible de reducir la fricci\u00f3n y hacer que las cosas funcionen m\u00e1s r\u00e1pido, durante m\u00e1s tiempo, de forma m\u00e1s limpia y segura para un mundo estable y fiable. IGLAN comenz\u00f3 a explorar la fricci\u00f3n y la lubricaci\u00f3n en el funcionamiento de las m\u00e1quinas herramienta CNC ya en 2005.<\/p>\n\t\t\n<style>\n#text-2336902224 {\n  color: rgb(0,0,0);\n}\n#text-2336902224 > * {\n  color: rgb(0,0,0);\n}\n<\/style>\n\t<\/div>\n\t\n\n\t\t<\/div>\n\t\t\t\t\n<style>\n#col-595303171 > .col-inner {\n  padding: 40px 15px 40px 15px;\n  margin: 0px 0px 0px 0;\n}\n@media (min-width:550px) {\n  #col-595303171 > .col-inner {\n    padding: 40px 20px 40px 20px;\n  }\n}\n@media (min-width:850px) {\n  #col-595303171 > .col-inner {\n    padding: 111px 20px 111px 20px;\n  }\n}\n<\/style>\n\t<\/div>\n\n\t\n\n<\/div>\n<div class=\"row row-collapse align-middle align-center\"  id=\"row-1929031785\">\n\n\n\t<div id=\"col-1858280522\" class=\"col medium-12 small-12 large-6\"  >\n\t\t\t\t<div class=\"col-inner\" style=\"background-color:rgb(234, 234, 234);\" >\n\t\t\t\n\t\t\t\n\n\t<div id=\"text-1468966640\" class=\"text\">\n\t\t\n\n<h2>Historia<\/h2>\n<p>2009, se estableci\u00f3 IGLAN, proces\u00f3 accesorios de lubricaci\u00f3n, vendi\u00f3 dispositivos de lubricaci\u00f3n Zhenghe. 2011, se convirti\u00f3 en el \u00fanico agente del sistema de lubricaci\u00f3n CHENYING y CHIBA en China continental. 2013, se propuso el concepto de lubricaci\u00f3n respetuosa con el medio ambiente, se estableci\u00f3 la l\u00ednea de producci\u00f3n. 2014, se lanzaron los sistemas de lubricaci\u00f3n de las series ADL, AOM, AMT y tuvieron una cierta cuota de mercado. 2017, se ha lanzado el sistema de lubricaci\u00f3n AGP y ha sido reconocido por los clientes relevantes. 2019, se lanzaron las bombas AHG y AHGS, y la empresa ampli\u00f3 su negocio a nivel mundial. 2021, se lanz\u00f3 el sistema de lubricaci\u00f3n de cantidad m\u00ednima MQL, que fue popular en el mercado.<\/p>\n\t\t\n<style>\n#text-1468966640 {\n  color: rgb(0,0,0);\n}\n#text-1468966640 > * {\n  color: rgb(0,0,0);\n}\n<\/style>\n\t<\/div>\n\t\n\n\t\t<\/div>\n\t\t\t\t\n<style>\n#col-1858280522 > .col-inner {\n  padding: 40px 15px 40px 15px;\n  margin: 0px 0px 0px 0px;\n}\n@media (min-width:550px) {\n  #col-1858280522 > .col-inner {\n    padding: 40px 20px 40px 20px;\n  }\n}\n@media (min-width:850px) {\n  #col-1858280522 > .col-inner {\n    padding: 60px 20px 60px 20px;\n  }\n}\n<\/style>\n\t<\/div>\n\n\t\n\n\t<div id=\"col-689555410\" class=\"col medium-12 small-12 large-6\"  >\n\t\t\t\t<div class=\"col-inner\"  >\n\t\t\t\n\t\t\t\n\n\t<div class=\"img has-hover x md-x lg-x y md-y lg-y\" id=\"image_693634747\">\n\t\t\t\t\t\t\t\t<div class=\"img-inner dark\" >\n\t\t\t<img decoding=\"async\" width=\"900\" height=\"600\" src=\"https:\/\/www.iglan.net\/wp-content\/uploads\/2022\/03\/IGLAN-history.jpg\" class=\"attachment-original size-original\" alt=\"Historia de IGLAN\" srcset=\"https:\/\/www.iglan.net\/wp-content\/uploads\/2022\/03\/IGLAN-history.jpg 900w, https:\/\/www.iglan.net\/wp-content\/uploads\/2022\/03\/IGLAN-history-600x400.jpg 600w, https:\/\/www.iglan.net\/wp-content\/uploads\/2022\/03\/IGLAN-history-768x512.jpg 768w, https:\/\/www.iglan.net\/wp-content\/uploads\/2022\/03\/IGLAN-history-800x533.jpg 800w\" sizes=\"(max-width: 900px) 100vw, 900px\" \/>\t\t\t\t\t\t\n\t\t\t\t\t<\/div>\n\t\t\t\t\t\t\t\t\n<style>\n#image_693634747 {\n  width: 100%;\n}\n<\/style>\n\t<\/div>\n\t\n\n\n\t\t<\/div>\n\t\t\t\t\t<\/div>\n\n\t\n\n<\/div>\n<div class=\"row row-collapse align-middle align-center\"  id=\"row-862117173\">\n\n\n\t<div id=\"col-1034434795\" class=\"col medium-12 small-12 large-6\"  >\n\t\t\t\t<div class=\"col-inner\"  >\n\t\t\t\n\t\t\t\n\n\t<div class=\"img has-hover x md-x lg-x y md-y lg-y\" id=\"image_660807206\">\n\t\t\t\t\t\t\t\t<div class=\"img-inner dark\" >\n\t\t\t<img decoding=\"async\" width=\"900\" height=\"600\" src=\"https:\/\/www.iglan.net\/wp-content\/uploads\/2022\/03\/IGLAN-certificate.jpg\" class=\"attachment-original size-original\" alt=\"Certificado IGLAN\" srcset=\"https:\/\/www.iglan.net\/wp-content\/uploads\/2022\/03\/IGLAN-certificate.jpg 900w, https:\/\/www.iglan.net\/wp-content\/uploads\/2022\/03\/IGLAN-certificate-600x400.jpg 600w, https:\/\/www.iglan.net\/wp-content\/uploads\/2022\/03\/IGLAN-certificate-768x512.jpg 768w, https:\/\/www.iglan.net\/wp-content\/uploads\/2022\/03\/IGLAN-certificate-800x533.jpg 800w\" sizes=\"(max-width: 900px) 100vw, 900px\" \/>\t\t\t\t\t\t\n\t\t\t\t\t<\/div>\n\t\t\t\t\t\t\t\t\n<style>\n#image_660807206 {\n  width: 100%;\n}\n<\/style>\n\t<\/div>\n\t\n\n\n\t\t<\/div>\n\t\t\t\t\t<\/div>\n\n\t\n\n\t<div id=\"col-1159349777\" class=\"col medium-12 small-12 large-6\"  >\n\t\t\t\t<div class=\"col-inner\" style=\"background-color:rgb(234, 234, 234);\" >\n\t\t\t\n\t\t\t\n\n\t<div id=\"text-1009939951\" class=\"text\">\n\t\t\n\n<h2>Certificado<\/h2>\n<p>Seguir aprendiendo la excelente tecnolog\u00eda de sistemas de lubricaci\u00f3n del mundo, dise\u00f1ar sistemas de lubricaci\u00f3n de alta gama seg\u00fan la demanda del mercado, optimizar los v\u00ednculos de dise\u00f1o y producci\u00f3n en funci\u00f3n de las necesidades del p\u00fablico y producir sistemas de lubricaci\u00f3n m\u00e1s ecol\u00f3gicos, m\u00e1s eficientes y m\u00e1s rentables. Sobre esta base, tenemos varias patentes.<\/p>\n\t\t\n<style>\n#text-1009939951 {\n  color: rgb(0,0,0);\n}\n#text-1009939951 > * {\n  color: rgb(0,0,0);\n}\n<\/style>\n\t<\/div>\n\t\n\n\t\t<\/div>\n\t\t\t\t\n<style>\n#col-1159349777 > .col-inner {\n  padding: 40px 15px 40px 15px;\n  margin: 0 0px 0px 0px;\n}\n@media (min-width:550px) {\n  #col-1159349777 > .col-inner {\n    padding: 40px 20px 40px 20px;\n  }\n}\n@media (min-width:850px) {\n  #col-1159349777 > .col-inner {\n    padding: 111px 20px 111px 20px;\n  }\n}\n<\/style>\n\t<\/div>\n\n\t\n\n<\/div>\n\n\t\t<\/div>\n\n\t\t\n<style>\n#section_1845901538 {\n  padding-top: 50px;\n  padding-bottom: 50px;\n}\n<\/style>\n\t<\/section>","protected":false},"excerpt":{"rendered":"","protected":false},"author":1,"featured_media":2041,"parent":1995,"menu_order":4,"comment_status":"closed","ping_status":"closed","template":"page-blank.php","meta":{"footnotes":""},"class_list":["post-2431","page","type-page","status-publish","has-post-thumbnail","hentry"],"_links":{"self":[{"href":"https:\/\/www.iglan.net\/es\/wp-json\/wp\/v2\/pages\/2431","targetHints":{"allow":["GET"]}}],"collection":[{"href":"https:\/\/www.iglan.net\/es\/wp-json\/wp\/v2\/pages"}],"about":[{"href":"https:\/\/www.iglan.net\/es\/wp-json\/wp\/v2\/types\/page"}],"author":[{"embeddable":true,"href":"https:\/\/www.iglan.net\/es\/wp-json\/wp\/v2\/users\/1"}],"replies":[{"embeddable":true,"href":"https:\/\/www.iglan.net\/es\/wp-json\/wp\/v2\/comments?post=2431"}],"version-history":[{"count":0,"href":"https:\/\/www.iglan.net\/es\/wp-json\/wp\/v2\/pages\/2431\/revisions"}],"up":[{"embeddable":true,"href":"https:\/\/www.iglan.net\/es\/wp-json\/wp\/v2\/pages\/1995"}],"wp:featuredmedia":[{"embeddable":true,"href":"https:\/\/www.iglan.net\/es\/wp-json\/wp\/v2\/media\/2041"}],"wp:attachment":[{"href":"https:\/\/www.iglan.net\/es\/wp-json\/wp\/v2\/media?parent=2431"}],"curies":[{"name":"wp","href":"https:\/\/api.w.org\/{rel}","templated":true}]}}