{"id":2430,"date":"2022-03-16T01:13:20","date_gmt":"2022-03-16T08:13:20","guid":{"rendered":"https:\/\/www.aceopus.com\/?page_id=2430"},"modified":"2022-06-10T12:04:26","modified_gmt":"2022-06-10T19:04:26","slug":"sales-market","status":"publish","type":"page","link":"https:\/\/www.iglan.net\/es\/about\/sales-market\/","title":{"rendered":"MERCADO DE VENTAS"},"content":{"rendered":"<section class=\"section\" id=\"section_294506515\">\n\t\t<div class=\"section-bg fill\" >\n\t\t\t<img decoding=\"async\" width=\"1920\" height=\"500\" src=\"https:\/\/www.iglan.net\/wp-content\/uploads\/2022\/06\/lubrication-system-background.jpg\" class=\"bg attachment-original size-original\" alt=\"lubrication system background\" \/>\t\t\t\t\t\t<div class=\"section-bg-overlay absolute fill\"><\/div>\n\t\t\t\n\n\t\t<\/div>\n\n\t\t\n\n\t\t<div class=\"section-content relative\">\n\t\t\t\n\n<div class=\"row\"  id=\"row-1039582511\">\n\n\n\t<div id=\"col-1834711822\" class=\"col hide-for-small medium-2 small-12 large-2\"  >\n\t\t\t\t<div class=\"col-inner\"  >\n\t\t\t\n\t\t\t\n\n\n\t\t<\/div>\n\t\t\t\t\t<\/div>\n\n\t\n\n\t<div id=\"col-1355216224\" class=\"col medium-8 small-12 large-8\"  >\n\t\t\t\t<div class=\"col-inner dark\" style=\"background-color:#485a64;\" >\n\t\t\t\n\t\t\t\n\n\t<div id=\"text-3703919116\" class=\"text\">\n\t\t\n\n<h2>Acerca de IGLAN<\/h2>\n<p>IGLAN es un profesional de los sistemas de lubricaci\u00f3n respetuosos con el medio ambiente. IGLAN se fund\u00f3 en 2009 y se especializa en la producci\u00f3n de sistemas de lubricaci\u00f3n centralizada, ha aprobado la certificaci\u00f3n del sistema de gesti\u00f3n de calidad IS09001:2005 y cuenta con varias patentes pr\u00e1cticas.<\/p>\n\t\t\n<style>\n#text-3703919116 {\n  color: rgb(255, 255, 255);\n}\n#text-3703919116 > * {\n  color: rgb(255, 255, 255);\n}\n<\/style>\n\t<\/div>\n\t\n\n\t\t<\/div>\n\t\t\t\t\n<style>\n#col-1355216224 > .col-inner {\n  padding: 30px 15px 30px 15px;\n}\n@media (min-width:550px) {\n  #col-1355216224 > .col-inner {\n    padding: 30px 20px 30px 20px;\n  }\n}\n<\/style>\n\t<\/div>\n\n\t\n\n\t<div id=\"col-720101006\" class=\"col hide-for-small medium-2 small-12 large-2\"  >\n\t\t\t\t<div class=\"col-inner\"  >\n\t\t\t\n\t\t\t\n\n\n\t\t<\/div>\n\t\t\t\t\t<\/div>\n\n\t\n\n<\/div>\n\n\t\t<\/div>\n\n\t\t\n<style>\n#section_294506515 {\n  padding-top: 90px;\n  padding-bottom: 90px;\n}\n#section_294506515 .section-bg-overlay {\n  background-color: rgba(0, 0, 0, 0.4);\n}\n@media (min-width:550px) {\n  #section_294506515 {\n    padding-top: 110px;\n    padding-bottom: 110px;\n  }\n}\n<\/style>\n\t<\/section>\n\t\n\n\t<section class=\"section\" id=\"section_420996773\">\n\t\t<div class=\"section-bg fill\" >\n\t\t\t\t\t\t\t\t\t\n\t\t\t\n\n\t\t<\/div>\n\n\t\t\n\n\t\t<div class=\"section-content relative\">\n\t\t\t\n\n<div class=\"row\"  id=\"row-1697186188\">\n\n\n\t<div id=\"col-857857219\" class=\"col small-12 large-12\"  >\n\t\t\t\t<div class=\"col-inner\"  >\n\t\t\t\n\t\t\t\n\n\n  \n    <div id=\"pages-1691183870\" class=\"row large-columns-4 medium-columns-2 small-columns-2 row-large has-shadow row-box-shadow-3-hover row-masonry\" data-packery-options='{\"itemSelector\": \".col\", \"gutter\": 0, \"presentageWidth\" : true}'>\n\n  <div class=\"page-col col\" >\n          <div class=\"col-inner\" >\n          <a class=\"block plain\" href=\"https:\/\/www.iglan.net\/es\/about\/company-profile\/\" title=\"PERFIL DE LA EMPRESA\" target=\"\">\n            <div class=\"page-box box has-hover box-overlay dark box-text-middle\">\n                  <div class=\"box-image\" >\n                      <div class=\"box-image\" >\n                      <img decoding=\"async\" width=\"100\" height=\"25\" src=\"https:\/\/www.iglan.net\/wp-content\/uploads\/2022\/03\/10025.jpg\" class=\"attachment-medium size-medium\" alt=\"\" \/>                      <\/div>\n                      <div class=\"overlay\" style=\"background-color: rgb(15, 88, 214)\"><\/div>                                        <\/div>\n                  <div class=\"box-text text-center\" style=\"padding:0 0px 0px 0px;\">\n                        <div class=\"box-text-inner\">\n                            <p>PERFIL DE LA EMPRESA<\/p>\n                        <\/div>\n                  <\/div>\n              <\/div>\n            <\/a>\n            <\/div>\n          <\/div><div class=\"page-col col\" >\n          <div class=\"col-inner\" >\n          <a class=\"block plain\" href=\"https:\/\/www.iglan.net\/es\/about\/our-product\/\" title=\"NUESTRO PRODUCTO\" target=\"\">\n            <div class=\"page-box box has-hover box-overlay dark box-text-middle\">\n                  <div class=\"box-image\" >\n                      <div class=\"box-image\" >\n                      <img decoding=\"async\" width=\"100\" height=\"25\" src=\"https:\/\/www.iglan.net\/wp-content\/uploads\/2022\/03\/10025.jpg\" class=\"attachment-medium size-medium\" alt=\"\" \/>                      <\/div>\n                      <div class=\"overlay\" style=\"background-color: rgb(15, 88, 214)\"><\/div>                                        <\/div>\n                  <div class=\"box-text text-center\" style=\"padding:0 0px 0px 0px;\">\n                        <div class=\"box-text-inner\">\n                            <p>NUESTRO PRODUCTO<\/p>\n                        <\/div>\n                  <\/div>\n              <\/div>\n            <\/a>\n            <\/div>\n          <\/div><div class=\"page-col col\" >\n          <div class=\"col-inner\" >\n          <a class=\"block plain\" href=\"https:\/\/www.iglan.net\/es\/about\/sales-market\/\" title=\"MERCADO DE VENTAS\" target=\"\">\n            <div class=\"page-box box has-hover box-overlay dark box-text-middle\">\n                  <div class=\"box-image\" >\n                      <div class=\"box-image\" >\n                      <img decoding=\"async\" width=\"100\" height=\"25\" src=\"https:\/\/www.iglan.net\/wp-content\/uploads\/2022\/03\/10025.jpg\" class=\"attachment-medium size-medium\" alt=\"\" \/>                      <\/div>\n                      <div class=\"overlay\" style=\"background-color: rgb(15, 88, 214)\"><\/div>                                        <\/div>\n                  <div class=\"box-text text-center\" style=\"padding:0 0px 0px 0px;\">\n                        <div class=\"box-text-inner\">\n                            <p>MERCADO DE VENTAS<\/p>\n                        <\/div>\n                  <\/div>\n              <\/div>\n            <\/a>\n            <\/div>\n          <\/div><div class=\"page-col col\" >\n          <div class=\"col-inner\" >\n          <a class=\"block plain\" href=\"https:\/\/www.iglan.net\/es\/about\/company-album\/\" title=\"ALBUM DE LA EMPRESA\" target=\"\">\n            <div class=\"page-box box has-hover box-overlay dark box-text-middle\">\n                  <div class=\"box-image\" >\n                      <div class=\"box-image\" >\n                      <img decoding=\"async\" width=\"100\" height=\"25\" src=\"https:\/\/www.iglan.net\/wp-content\/uploads\/2022\/03\/10025.jpg\" class=\"attachment-medium size-medium\" alt=\"\" \/>                      <\/div>\n                      <div class=\"overlay\" style=\"background-color: rgb(15, 88, 214)\"><\/div>                                        <\/div>\n                  <div class=\"box-text text-center\" style=\"padding:0 0px 0px 0px;\">\n                        <div class=\"box-text-inner\">\n                            <p>ALBUM DE LA EMPRESA<\/p>\n                        <\/div>\n                  <\/div>\n              <\/div>\n            <\/a>\n            <\/div>\n          <\/div><\/div>\n\n\n\t\t<\/div>\n\t\t\t\t\n<style>\n#col-857857219 > .col-inner {\n  margin: 0px 0px -60px 0px;\n}\n<\/style>\n\t<\/div>\n\n\t\n\n<\/div>\n\n\t\t<\/div>\n\n\t\t\n<style>\n#section_420996773 {\n  padding-top: 50px;\n  padding-bottom: 50px;\n  background-color: rgb(234, 234, 234);\n}\n<\/style>\n\t<\/section>\n\t\n\n\t<section class=\"section\" id=\"section_1473836531\">\n\t\t<div class=\"section-bg fill\" >\n\t\t\t\t\t\t\t\t\t\n\t\t\t\n\n\t\t<\/div>\n\n\t\t\n\n\t\t<div class=\"section-content relative\">\n\t\t\t\n\n<div class=\"row row-collapse align-middle align-center\"  id=\"row-1047769333\">\n\n\n\t<div id=\"col-1786453845\" class=\"col medium-12 small-12 large-6\"  >\n\t\t\t\t<div class=\"col-inner\"  >\n\t\t\t\n\t\t\t\n\n\t<div class=\"img has-hover x md-x lg-x y md-y lg-y\" id=\"image_1064884262\">\n\t\t\t\t\t\t\t\t<div class=\"img-inner dark\" >\n\t\t\t<img decoding=\"async\" width=\"900\" height=\"600\" src=\"https:\/\/www.iglan.net\/wp-content\/uploads\/2022\/03\/IGLAN-market-share.jpg\" class=\"attachment-original size-original\" alt=\"Cuota de mercado de IGLAN\" srcset=\"https:\/\/www.iglan.net\/wp-content\/uploads\/2022\/03\/IGLAN-market-share.jpg 900w, https:\/\/www.iglan.net\/wp-content\/uploads\/2022\/03\/IGLAN-market-share-600x400.jpg 600w, https:\/\/www.iglan.net\/wp-content\/uploads\/2022\/03\/IGLAN-market-share-768x512.jpg 768w, https:\/\/www.iglan.net\/wp-content\/uploads\/2022\/03\/IGLAN-market-share-800x533.jpg 800w\" sizes=\"(max-width: 900px) 100vw, 900px\" \/>\t\t\t\t\t\t\n\t\t\t\t\t<\/div>\n\t\t\t\t\t\t\t\t\n<style>\n#image_1064884262 {\n  width: 100%;\n}\n<\/style>\n\t<\/div>\n\t\n\n\n\t\t<\/div>\n\t\t\t\t\t<\/div>\n\n\t\n\n\t<div id=\"col-558077076\" class=\"col medium-12 small-12 large-6\"  >\n\t\t\t\t<div class=\"col-inner\" style=\"background-color:rgb(234, 234, 234);\" >\n\t\t\t\n\t\t\t\n\n\t<div id=\"text-3051531659\" class=\"text\">\n\t\t\n\n<h2>Mercado<\/h2>\n<p>Despu\u00e9s de m\u00e1s de diez a\u00f1os de desarrollo, nuestros productos gozan de la confianza de los clientes. Hasta ahora, hemos servido a miles de empresas, incluidas muchas marcas internacionales, como BYD Auto, Great Wall Motor, Foxconn, HAITIAN CNC, HENGYUAN CNC, J-TECH CNC, TAIKAN, WELLTEC CNC y as\u00ed sucesivamente. Desde 2019, hemos comenzado el negocio internacional, y nuestros productos tambi\u00e9n se han exportado al sudeste asi\u00e1tico, Oriente Medio, Europa, Am\u00e9rica del Sur y otros lugares, y han ganado una cierta reputaci\u00f3n a nivel internacional.\n<\/p>\n\t\t\n<style>\n#text-3051531659 {\n  color: rgb(0,0,0);\n}\n#text-3051531659 > * {\n  color: rgb(0,0,0);\n}\n<\/style>\n\t<\/div>\n\t\n\n\t\t<\/div>\n\t\t\t\t\n<style>\n#col-558077076 > .col-inner {\n  padding: 40px 15px 40px 15px;\n  margin: 0px 0px 0px 0;\n}\n@media (min-width:550px) {\n  #col-558077076 > .col-inner {\n    padding: 40px 20px 40px 20px;\n  }\n}\n@media (min-width:850px) {\n  #col-558077076 > .col-inner {\n    padding: 85px 20px 85px 20px;\n  }\n}\n<\/style>\n\t<\/div>\n\n\t\n\n<\/div>\n<div class=\"row row-collapse align-middle align-center\"  id=\"row-1746247474\">\n\n\n\t<div id=\"col-1379426962\" class=\"col medium-12 small-12 large-6\"  >\n\t\t\t\t<div class=\"col-inner\" style=\"background-color:rgb(234, 234, 234);\" >\n\t\t\t\n\t\t\t\n\n\t<div id=\"text-454476467\" class=\"text\">\n\t\t\n\n<h2>Distribuidor<\/h2>\n<p>IGLAN cuenta actualmente con m\u00e1s de una docena de distribuidores. Estos distribuidores est\u00e1n situados en diversos lugares y pueden cooperar mejor con los clientes. Han establecido un sistema de servicio en todos los aspectos de la preventa, la venta y la posventa, esforz\u00e1ndose por proporcionar a los clientes productos y servicios de primera clase. Para las zonas donde no hay distribuidores por el momento, tenemos una buena relaci\u00f3n de cooperaci\u00f3n con m\u00faltiples proveedores de log\u00edstica. No importa d\u00f3nde est\u00e9n los clientes y cu\u00e1ntos productos compren, podemos proporcionar productos y servicios de la forma m\u00e1s barata.<\/p>\n\t\t\n<style>\n#text-454476467 {\n  color: rgb(0,0,0);\n}\n#text-454476467 > * {\n  color: rgb(0,0,0);\n}\n<\/style>\n\t<\/div>\n\t\n\n\t\t<\/div>\n\t\t\t\t\n<style>\n#col-1379426962 > .col-inner {\n  padding: 40px 15px 40px 15px;\n  margin: 0px 0px 0px 0px;\n}\n@media (min-width:550px) {\n  #col-1379426962 > .col-inner {\n    padding: 40px 20px 40px 20px;\n  }\n}\n@media (min-width:850px) {\n  #col-1379426962 > .col-inner {\n    padding: 72px 20px 72px 20px;\n  }\n}\n<\/style>\n\t<\/div>\n\n\t\n\n\t<div id=\"col-1815150282\" class=\"col medium-12 small-12 large-6\"  >\n\t\t\t\t<div class=\"col-inner\"  >\n\t\t\t\n\t\t\t\n\n\t<div class=\"img has-hover x md-x lg-x y md-y lg-y\" id=\"image_1137009786\">\n\t\t\t\t\t\t\t\t<div class=\"img-inner dark\" >\n\t\t\t<img decoding=\"async\" width=\"900\" height=\"600\" src=\"https:\/\/www.iglan.net\/wp-content\/uploads\/2022\/03\/IGLAN-distributor.jpg\" class=\"attachment-original size-original\" alt=\"Distribuidor IGLAN\" srcset=\"https:\/\/www.iglan.net\/wp-content\/uploads\/2022\/03\/IGLAN-distributor.jpg 900w, https:\/\/www.iglan.net\/wp-content\/uploads\/2022\/03\/IGLAN-distributor-600x400.jpg 600w, https:\/\/www.iglan.net\/wp-content\/uploads\/2022\/03\/IGLAN-distributor-768x512.jpg 768w, https:\/\/www.iglan.net\/wp-content\/uploads\/2022\/03\/IGLAN-distributor-800x533.jpg 800w\" sizes=\"(max-width: 900px) 100vw, 900px\" \/>\t\t\t\t\t\t\n\t\t\t\t\t<\/div>\n\t\t\t\t\t\t\t\t\n<style>\n#image_1137009786 {\n  width: 100%;\n}\n<\/style>\n\t<\/div>\n\t\n\n\n\t\t<\/div>\n\t\t\t\t\t<\/div>\n\n\t\n\n<\/div>\n<div class=\"row row-collapse align-middle align-center\"  id=\"row-816775347\">\n\n\n\t<div id=\"col-39854534\" class=\"col medium-12 small-12 large-6\"  >\n\t\t\t\t<div class=\"col-inner\"  >\n\t\t\t\n\t\t\t\n\n\t<div class=\"img has-hover x md-x lg-x y md-y lg-y\" id=\"image_1241552450\">\n\t\t\t\t\t\t\t\t<div class=\"img-inner dark\" >\n\t\t\t<img decoding=\"async\" width=\"900\" height=\"600\" src=\"https:\/\/www.iglan.net\/wp-content\/uploads\/2022\/03\/IGLAN-service.jpg\" class=\"attachment-original size-original\" alt=\"Servicio IGLAN\" srcset=\"https:\/\/www.iglan.net\/wp-content\/uploads\/2022\/03\/IGLAN-service.jpg 900w, https:\/\/www.iglan.net\/wp-content\/uploads\/2022\/03\/IGLAN-service-600x400.jpg 600w, https:\/\/www.iglan.net\/wp-content\/uploads\/2022\/03\/IGLAN-service-768x512.jpg 768w, https:\/\/www.iglan.net\/wp-content\/uploads\/2022\/03\/IGLAN-service-18x12.jpg 18w, https:\/\/www.iglan.net\/wp-content\/uploads\/2022\/03\/IGLAN-service-800x533.jpg 800w\" sizes=\"(max-width: 900px) 100vw, 900px\" \/>\t\t\t\t\t\t\n\t\t\t\t\t<\/div>\n\t\t\t\t\t\t\t\t\n<style>\n#image_1241552450 {\n  width: 100%;\n}\n<\/style>\n\t<\/div>\n\t\n\n\n\t\t<\/div>\n\t\t\t\t\t<\/div>\n\n\t\n\n\t<div id=\"col-531460054\" class=\"col medium-12 small-12 large-6\"  >\n\t\t\t\t<div class=\"col-inner\" style=\"background-color:rgb(234, 234, 234);\" >\n\t\t\t\n\t\t\t\n\n\t<div id=\"text-3964856353\" class=\"text\">\n\t\t\n\n<h2>Servicio<\/h2>\n<p>IGLAN siempre se ha comprometido a mejorar la calidad del servicio y las habilidades profesionales del personal de atenci\u00f3n al cliente, esforz\u00e1ndose por proporcionar a cada usuario soluciones de problemas a nivel de mantenimiento del sistema en cualquier momento.IGLAN siempre cree que la mejora del valor a\u00f1adido de los productos, la reducci\u00f3n del coste total de propiedad de los clientes, la evitaci\u00f3n de los riesgos que puedan encontrar los clientes y el cambio de productos a servicios son la base de nuestra cooperaci\u00f3n con los clientes en la que todos ganan.<\/p>\n\t\t\n<style>\n#text-3964856353 {\n  color: rgb(0,0,0);\n}\n#text-3964856353 > * {\n  color: rgb(0,0,0);\n}\n<\/style>\n\t<\/div>\n\t\n\n\t\t<\/div>\n\t\t\t\t\n<style>\n#col-531460054 > .col-inner {\n  padding: 40px 15px 40px 15px;\n  margin: 0 0px 0px 0px;\n}\n@media (min-width:550px) {\n  #col-531460054 > .col-inner {\n    padding: 40px 20px 40px 20px;\n  }\n}\n@media (min-width:850px) {\n  #col-531460054 > .col-inner {\n    padding: 85px 20px 85px 20px;\n  }\n}\n<\/style>\n\t<\/div>\n\n\t\n\n<\/div>\n\n\t\t<\/div>\n\n\t\t\n<style>\n#section_1473836531 {\n  padding-top: 50px;\n  padding-bottom: 50px;\n}\n<\/style>\n\t<\/section>","protected":false},"excerpt":{"rendered":"","protected":false},"author":1,"featured_media":2041,"parent":1995,"menu_order":3,"comment_status":"closed","ping_status":"closed","template":"page-blank.php","meta":{"footnotes":""},"class_list":["post-2430","page","type-page","status-publish","has-post-thumbnail","hentry"],"_links":{"self":[{"href":"https:\/\/www.iglan.net\/es\/wp-json\/wp\/v2\/pages\/2430","targetHints":{"allow":["GET"]}}],"collection":[{"href":"https:\/\/www.iglan.net\/es\/wp-json\/wp\/v2\/pages"}],"about":[{"href":"https:\/\/www.iglan.net\/es\/wp-json\/wp\/v2\/types\/page"}],"author":[{"embeddable":true,"href":"https:\/\/www.iglan.net\/es\/wp-json\/wp\/v2\/users\/1"}],"replies":[{"embeddable":true,"href":"https:\/\/www.iglan.net\/es\/wp-json\/wp\/v2\/comments?post=2430"}],"version-history":[{"count":0,"href":"https:\/\/www.iglan.net\/es\/wp-json\/wp\/v2\/pages\/2430\/revisions"}],"up":[{"embeddable":true,"href":"https:\/\/www.iglan.net\/es\/wp-json\/wp\/v2\/pages\/1995"}],"wp:featuredmedia":[{"embeddable":true,"href":"https:\/\/www.iglan.net\/es\/wp-json\/wp\/v2\/media\/2041"}],"wp:attachment":[{"href":"https:\/\/www.iglan.net\/es\/wp-json\/wp\/v2\/media?parent=2430"}],"curies":[{"name":"wp","href":"https:\/\/api.w.org\/{rel}","templated":true}]}}