{"id":947,"date":"2020-01-08T01:11:28","date_gmt":"2020-01-08T09:11:28","guid":{"rendered":"https:\/\/www.iglan.net\/?post_type=product&#038;p=947"},"modified":"2022-03-24T00:44:12","modified_gmt":"2022-03-24T07:44:12","slug":"mb60-oil-aadial-pressure-gauge","status":"publish","type":"product","link":"https:\/\/www.iglan.net\/de\/produkt\/mb60-oil-aadial-pressure-gauge\/","title":{"rendered":"Edelstahl-\u00d6lhydraulik MB60 \u00d6l-Adialdruckmessger\u00e4t"},"content":{"rendered":"<p><strong>FEATURES<\/strong><\/p>\n<p>IGLAN Aadial-Manometer Edelstahl \u00d6l-Hydraulik-Manometer PT1\/8 Manometer Druckmesser 0\/60Mpa Messbereich<\/p>\n<p><strong>SPEZIFIKATIONEN<\/strong><\/p>\n<p><img decoding=\"async\" class=\"size-full wp-image-948\" src=\"https:\/\/www.iglan.net\/wp-content\/uploads\/2020\/01\/MB-specifications.jpg\" alt=\"Spezifikation des Adialdruckmessers\" width=\"920\" height=\"970\" srcset=\"https:\/\/www.iglan.net\/wp-content\/uploads\/2020\/01\/MB-specifications.jpg 920w, https:\/\/www.iglan.net\/wp-content\/uploads\/2020\/01\/MB-specifications-800x843.jpg 800w, https:\/\/www.iglan.net\/wp-content\/uploads\/2020\/01\/MB-specifications-64x67.jpg 64w, https:\/\/www.iglan.net\/wp-content\/uploads\/2020\/01\/MB-specifications-300x316.jpg 300w, https:\/\/www.iglan.net\/wp-content\/uploads\/2020\/01\/MB-specifications-285x300.jpg 285w, https:\/\/www.iglan.net\/wp-content\/uploads\/2020\/01\/MB-specifications-768x810.jpg 768w\" sizes=\"(max-width: 920px) 100vw, 920px\" \/><\/p>","protected":false},"excerpt":{"rendered":"<p>IGLAN Aadial-Manometer Edelstahl \u00d6l-Hydraulik-Manometer PT1\/8 Manometer Druckmesser 0\/60Mpa Messbereich<\/p>","protected":false},"featured_media":952,"template":"","meta":[],"product_brand":[],"product_cat":[51,173],"product_tag":[89,90,91],"class_list":{"0":"post-947","1":"product","2":"type-product","3":"status-publish","4":"has-post-thumbnail","6":"product_cat-lubrication-system-accessories","7":"product_cat-pressure-gauge-and-others","8":"product_tag-aadial-pressure-gauge","9":"product_tag-auto-parts","10":"product_tag-pump-parts","12":"first","13":"instock","14":"shipping-taxable","15":"product-type-external"},"_links":{"self":[{"href":"https:\/\/www.iglan.net\/de\/wp-json\/wp\/v2\/product\/947","targetHints":{"allow":["GET"]}}],"collection":[{"href":"https:\/\/www.iglan.net\/de\/wp-json\/wp\/v2\/product"}],"about":[{"href":"https:\/\/www.iglan.net\/de\/wp-json\/wp\/v2\/types\/product"}],"wp:featuredmedia":[{"embeddable":true,"href":"https:\/\/www.iglan.net\/de\/wp-json\/wp\/v2\/media\/952"}],"wp:attachment":[{"href":"https:\/\/www.iglan.net\/de\/wp-json\/wp\/v2\/media?parent=947"}],"wp:term":[{"taxonomy":"product_brand","embeddable":true,"href":"https:\/\/www.iglan.net\/de\/wp-json\/wp\/v2\/product_brand?post=947"},{"taxonomy":"product_cat","embeddable":true,"href":"https:\/\/www.iglan.net\/de\/wp-json\/wp\/v2\/product_cat?post=947"},{"taxonomy":"product_tag","embeddable":true,"href":"https:\/\/www.iglan.net\/de\/wp-json\/wp\/v2\/product_tag?post=947"}],"curies":[{"name":"wp","href":"https:\/\/api.w.org\/{rel}","templated":true}]}}