{"id":927,"date":"2020-01-07T01:19:25","date_gmt":"2020-01-07T09:19:25","guid":{"rendered":"https:\/\/www.iglan.net\/?post_type=product&#038;p=927"},"modified":"2022-03-24T00:44:33","modified_gmt":"2022-03-24T07:44:33","slug":"high-pressure-hose-oil-grease-pipe","status":"publish","type":"product","link":"https:\/\/www.iglan.net\/de\/produkt\/high-pressure-hose-oil-grease-pipe\/","title":{"rendered":"4\/6mm Benutzerdefinierte L\u00e4nge Hochdruckschlauch Fettrohr Rohr"},"content":{"rendered":"<p><strong>FEATURES<\/strong><\/p>\n<p>IGLAN 4\/6mm Durchmesser Benutzerdefinierte L\u00e4nge Hochdruckschlauch \u00d6lleitung Fettleitung Verl\u00e4ngerungsschlauch f\u00fcr Zentralschmiersystem<\/p>\n<p><strong>SPEZIFIKATIONEN<\/strong><\/p>\n<p><img decoding=\"async\" class=\"size-full wp-image-929\" src=\"https:\/\/www.iglan.net\/wp-content\/uploads\/2020\/01\/PSTH-specifications.jpg\" alt=\"Hochdruckschlauch-Spezifikation\" width=\"920\" height=\"500\" srcset=\"https:\/\/www.iglan.net\/wp-content\/uploads\/2020\/01\/PSTH-specifications.jpg 920w, https:\/\/www.iglan.net\/wp-content\/uploads\/2020\/01\/PSTH-specifications-800x435.jpg 800w, https:\/\/www.iglan.net\/wp-content\/uploads\/2020\/01\/PSTH-specifications-64x35.jpg 64w, https:\/\/www.iglan.net\/wp-content\/uploads\/2020\/01\/PSTH-specifications-300x163.jpg 300w, https:\/\/www.iglan.net\/wp-content\/uploads\/2020\/01\/PSTH-specifications-768x417.jpg 768w\" sizes=\"(max-width: 920px) 100vw, 920px\" \/><\/p>","protected":false},"excerpt":{"rendered":"<div class=\"product-title\" data-spm-anchor-id=\"a2g0o.detail.1000016.i2.3a3f5812ZOHpTE\">IGLAN 4\/6mm Durchmesser Benutzerdefinierte L\u00e4nge Hochdruckschlauch \u00d6lleitung Fettleitung Verl\u00e4ngerungsschlauch f\u00fcr Zentralschmiersystem<\/div>","protected":false},"featured_media":930,"template":"","meta":[],"product_brand":[],"product_cat":[51,171],"product_tag":[83,85,84],"class_list":{"0":"post-927","1":"product","2":"type-product","3":"status-publish","4":"has-post-thumbnail","6":"product_cat-lubrication-system-accessories","7":"product_cat-tubes-and-fittings","8":"product_tag-high-pressure-hose","9":"product_tag-pipe","10":"product_tag-tube","12":"first","13":"instock","14":"shipping-taxable","15":"product-type-external"},"_links":{"self":[{"href":"https:\/\/www.iglan.net\/de\/wp-json\/wp\/v2\/product\/927","targetHints":{"allow":["GET"]}}],"collection":[{"href":"https:\/\/www.iglan.net\/de\/wp-json\/wp\/v2\/product"}],"about":[{"href":"https:\/\/www.iglan.net\/de\/wp-json\/wp\/v2\/types\/product"}],"wp:featuredmedia":[{"embeddable":true,"href":"https:\/\/www.iglan.net\/de\/wp-json\/wp\/v2\/media\/930"}],"wp:attachment":[{"href":"https:\/\/www.iglan.net\/de\/wp-json\/wp\/v2\/media?parent=927"}],"wp:term":[{"taxonomy":"product_brand","embeddable":true,"href":"https:\/\/www.iglan.net\/de\/wp-json\/wp\/v2\/product_brand?post=927"},{"taxonomy":"product_cat","embeddable":true,"href":"https:\/\/www.iglan.net\/de\/wp-json\/wp\/v2\/product_cat?post=927"},{"taxonomy":"product_tag","embeddable":true,"href":"https:\/\/www.iglan.net\/de\/wp-json\/wp\/v2\/product_tag?post=927"}],"curies":[{"name":"wp","href":"https:\/\/api.w.org\/{rel}","templated":true}]}}