{"id":860,"date":"2019-12-26T00:16:45","date_gmt":"2019-12-26T08:16:45","guid":{"rendered":"https:\/\/www.iglan.net\/?post_type=product&#038;p=860"},"modified":"2022-03-24T00:45:36","modified_gmt":"2022-03-24T07:45:36","slug":"left-right-hand-operated-lubricator","status":"publish","type":"product","link":"https:\/\/www.iglan.net\/de\/produkt\/left-right-hand-operated-lubricator\/","title":{"rendered":"Links Rechts und Mitte Typ HP-L Linksgesteuerter Schmierstoffgeber"},"content":{"rendered":"<p><strong>FEATURES<\/strong><\/p>\n<p>1. Der Standardhubraum betr\u00e4gt 600 cm\u00b3, ein weiterer gro\u00dfer Hubraum ist 2000 cm\u00b3.<br \/>\n2. Der Griff ist in einen linken, einen rechten und einen mittleren Typ unterteilt, und es stehen \u03a64- und \u03a66-Durchmesser zur Auswahl.<br \/>\n3. Die Kosten sind wirtschaftlich, die anwendbaren Maschinen und Ausr\u00fcstungen sind vielf\u00e4ltig, und die Praktikabilit\u00e4t ist hoch.<br \/>\n4. Es ist einfach zu bedienen durch wiederholte Bet\u00e4tigung des Griffs zur \u00d6lf\u00f6rderung.<br \/>\n5. Kleine Gr\u00f6\u00dfe und einfache Installation.<br \/>\n6. Es gibt eine R\u00fcckschlagvorrichtung, die den R\u00fcckfluss von Schmier\u00f6l verhindert.<\/p>\n<p><strong>SPEZIFIKATIONEN<\/strong><\/p>\n<div class=\"mceTemp\"><img decoding=\"async\" class=\"size-full wp-image-863\" src=\"https:\/\/www.iglan.net\/wp-content\/uploads\/2019\/12\/HP-dimensions.jpg\" alt=\"HP-Ma\u00dfe\" width=\"656\" height=\"492\" srcset=\"https:\/\/www.iglan.net\/wp-content\/uploads\/2019\/12\/HP-dimensions.jpg 656w, https:\/\/www.iglan.net\/wp-content\/uploads\/2019\/12\/HP-dimensions-510x383.jpg 510w, https:\/\/www.iglan.net\/wp-content\/uploads\/2019\/12\/HP-dimensions-64x48.jpg 64w, https:\/\/www.iglan.net\/wp-content\/uploads\/2019\/12\/HP-dimensions-300x225.jpg 300w, https:\/\/www.iglan.net\/wp-content\/uploads\/2019\/12\/HP-dimensions-160x120.jpg 160w\" sizes=\"(max-width: 656px) 100vw, 656px\" \/><\/div>\n<p><img decoding=\"async\" class=\"size-full wp-image-862\" src=\"https:\/\/www.iglan.net\/wp-content\/uploads\/2019\/12\/HP-specification.jpg\" alt=\"HP-Spezifikation\" width=\"817\" height=\"260\" srcset=\"https:\/\/www.iglan.net\/wp-content\/uploads\/2019\/12\/HP-specification.jpg 817w, https:\/\/www.iglan.net\/wp-content\/uploads\/2019\/12\/HP-specification-800x255.jpg 800w, https:\/\/www.iglan.net\/wp-content\/uploads\/2019\/12\/HP-specification-64x20.jpg 64w, https:\/\/www.iglan.net\/wp-content\/uploads\/2019\/12\/HP-specification-300x95.jpg 300w, https:\/\/www.iglan.net\/wp-content\/uploads\/2019\/12\/HP-specification-768x244.jpg 768w\" sizes=\"(max-width: 817px) 100vw, 817px\" \/><\/p>","protected":false},"excerpt":{"rendered":"<p>Die Standardkapazit\u00e4t betr\u00e4gt 600 ccm, und eine weitere gro\u00dfe Kapazit\u00e4t ist 2000 ccm. Der Griff ist in linke Art, rechte Art und mittlere Art unterteilt, und es gibt \u03a64 und \u03a66 Durchmesser zur Auswahl. Die Kosten sind wirtschaftlich, die anwendbaren Maschinen und Ausr\u00fcstungen sind vielf\u00e4ltig, und die Praktikabilit\u00e4t ist hoch.<\/p>","protected":false},"featured_media":864,"template":"","meta":[],"product_brand":[],"product_cat":[32,158],"product_tag":[46,44,64],"class_list":{"0":"post-860","1":"product","2":"type-product","3":"status-publish","4":"has-post-thumbnail","6":"product_cat-oil-lubrication-pump-units","7":"product_cat-manual-oil-pumps","8":"product_tag-cnc-lubricator","9":"product_tag-lubrication-system","10":"product_tag-manual-lubricator","12":"first","13":"instock","14":"shipping-taxable","15":"product-type-external"},"_links":{"self":[{"href":"https:\/\/www.iglan.net\/de\/wp-json\/wp\/v2\/product\/860","targetHints":{"allow":["GET"]}}],"collection":[{"href":"https:\/\/www.iglan.net\/de\/wp-json\/wp\/v2\/product"}],"about":[{"href":"https:\/\/www.iglan.net\/de\/wp-json\/wp\/v2\/types\/product"}],"wp:featuredmedia":[{"embeddable":true,"href":"https:\/\/www.iglan.net\/de\/wp-json\/wp\/v2\/media\/864"}],"wp:attachment":[{"href":"https:\/\/www.iglan.net\/de\/wp-json\/wp\/v2\/media?parent=860"}],"wp:term":[{"taxonomy":"product_brand","embeddable":true,"href":"https:\/\/www.iglan.net\/de\/wp-json\/wp\/v2\/product_brand?post=860"},{"taxonomy":"product_cat","embeddable":true,"href":"https:\/\/www.iglan.net\/de\/wp-json\/wp\/v2\/product_cat?post=860"},{"taxonomy":"product_tag","embeddable":true,"href":"https:\/\/www.iglan.net\/de\/wp-json\/wp\/v2\/product_tag?post=860"}],"curies":[{"name":"wp","href":"https:\/\/api.w.org\/{rel}","templated":true}]}}