{"id":843,"date":"2019-12-25T18:59:07","date_gmt":"2019-12-26T02:59:07","guid":{"rendered":"https:\/\/www.iglan.net\/?post_type=product&#038;p=843"},"modified":"2022-03-24T00:45:54","modified_gmt":"2022-03-24T07:45:54","slug":"xep20-manual-grease-pump","status":"publish","type":"product","link":"https:\/\/www.iglan.net\/de\/produkt\/xep20-manual-grease-pump\/","title":{"rendered":"XEP20 Handschmierpumpe Kolben-Volumenpumpe"},"content":{"rendered":"<p><strong>FEATURES<\/strong><\/p>\n<p>1. Kolben-Volumenpumpe, transparenter Harzbeh\u00e4lter.<br \/>\n2. Manuelle Bedienung. \u00d6l speichern, wenn der Griff herausgezogen wird, und \u00d6l ablassen, wenn der Griff nach vorne gedr\u00fcckt wird.<br \/>\n3. XEP20 hat keine Entladefunktion. Er ist mit einem ged\u00e4mpften Fettverteiler und einem ged\u00e4mpften Fettgelenk ausgestattet.<br \/>\n4. XEP20A \u00d6l manuelle Entladung Funktion, mit Druck Typ, Concorde Typ quantitative Fettverteiler passend.<br \/>\n5. Medium verwenden: NLGI 0#\uff0c00#\uff0c000# Lithiumfett.<\/p>\n<p><strong>SPEZIFIKATIONEN<\/strong><br \/>\n<img decoding=\"async\" class=\"size-full wp-image-844\" src=\"https:\/\/www.iglan.net\/wp-content\/uploads\/2019\/12\/XEP2-specifications.jpg\" alt=\"XEP20-Spezifikationen\" width=\"524\" height=\"334\" srcset=\"https:\/\/www.iglan.net\/wp-content\/uploads\/2019\/12\/XEP2-specifications.jpg 524w, https:\/\/www.iglan.net\/wp-content\/uploads\/2019\/12\/XEP2-specifications-510x325.jpg 510w, https:\/\/www.iglan.net\/wp-content\/uploads\/2019\/12\/XEP2-specifications-64x41.jpg 64w, https:\/\/www.iglan.net\/wp-content\/uploads\/2019\/12\/XEP2-specifications-300x191.jpg 300w\" sizes=\"(max-width: 524px) 100vw, 524px\" \/><br \/>\n<img decoding=\"async\" class=\"size-full wp-image-845\" src=\"https:\/\/www.iglan.net\/wp-content\/uploads\/2019\/12\/XEP20-dimensions.jpg\" alt=\"XEP20-Abmessungen\" width=\"874\" height=\"597\" srcset=\"https:\/\/www.iglan.net\/wp-content\/uploads\/2019\/12\/XEP20-dimensions.jpg 874w, https:\/\/www.iglan.net\/wp-content\/uploads\/2019\/12\/XEP20-dimensions-800x546.jpg 800w, https:\/\/www.iglan.net\/wp-content\/uploads\/2019\/12\/XEP20-dimensions-64x44.jpg 64w, https:\/\/www.iglan.net\/wp-content\/uploads\/2019\/12\/XEP20-dimensions-300x205.jpg 300w, https:\/\/www.iglan.net\/wp-content\/uploads\/2019\/12\/XEP20-dimensions-768x525.jpg 768w\" sizes=\"(max-width: 874px) 100vw, 874px\" \/><\/p>","protected":false},"excerpt":{"rendered":"<p>1. Kolben-Volumenpumpe, transparenter Harzbeh\u00e4lter.<\/p>\n<p>2. Manuelle Bedienung. \u00d6l speichern, wenn der Griff herausgezogen wird, und \u00d6l ablassen, wenn der Griff nach vorne gedr\u00fcckt wird.<\/p>\n<p>3. XEP20 hat keine Entladefunktion. Er ist mit einem ged\u00e4mpften Fettverteiler und einem ged\u00e4mpften Fettgelenk ausgestattet.<\/p>\n<p>4. XEP20A \u00d6l manuelle Entladefunktion, mit Druck Typ, Concorde Typ quantitative Fettverteiler passend. 5. Medium verwenden: NLGI 0#\uff0c00#\uff0c000# Lithiumfett.<\/p>","protected":false},"featured_media":848,"template":"","meta":[],"product_brand":[],"product_cat":[32,158],"product_tag":[65,41,64],"class_list":{"0":"post-843","1":"product","2":"type-product","3":"status-publish","4":"has-post-thumbnail","6":"product_cat-oil-lubrication-pump-units","7":"product_cat-manual-oil-pumps","8":"product_tag-hand-operated-lubricator","9":"product_tag-lubrication-pump","10":"product_tag-manual-lubricator","12":"first","13":"instock","14":"shipping-taxable","15":"product-type-external"},"_links":{"self":[{"href":"https:\/\/www.iglan.net\/de\/wp-json\/wp\/v2\/product\/843","targetHints":{"allow":["GET"]}}],"collection":[{"href":"https:\/\/www.iglan.net\/de\/wp-json\/wp\/v2\/product"}],"about":[{"href":"https:\/\/www.iglan.net\/de\/wp-json\/wp\/v2\/types\/product"}],"wp:featuredmedia":[{"embeddable":true,"href":"https:\/\/www.iglan.net\/de\/wp-json\/wp\/v2\/media\/848"}],"wp:attachment":[{"href":"https:\/\/www.iglan.net\/de\/wp-json\/wp\/v2\/media?parent=843"}],"wp:term":[{"taxonomy":"product_brand","embeddable":true,"href":"https:\/\/www.iglan.net\/de\/wp-json\/wp\/v2\/product_brand?post=843"},{"taxonomy":"product_cat","embeddable":true,"href":"https:\/\/www.iglan.net\/de\/wp-json\/wp\/v2\/product_cat?post=843"},{"taxonomy":"product_tag","embeddable":true,"href":"https:\/\/www.iglan.net\/de\/wp-json\/wp\/v2\/product_tag?post=843"}],"curies":[{"name":"wp","href":"https:\/\/api.w.org\/{rel}","templated":true}]}}