{"id":792,"date":"2019-12-23T11:06:39","date_gmt":"2019-12-23T19:06:39","guid":{"rendered":"https:\/\/www.iglan.net\/?post_type=product&#038;p=792"},"modified":"2022-03-24T00:46:17","modified_gmt":"2022-03-24T07:46:17","slug":"self-priming-lubricating-sprayer","status":"publish","type":"product","link":"https:\/\/www.iglan.net\/de\/produkt\/self-priming-lubricating-sprayer\/","title":{"rendered":"Pneumatischer selbstansaugender Schmierstoffspr\u00fcher f\u00fcr die K\u00fchlung"},"content":{"rendered":"<p><strong>FEATURES<\/strong><\/p>\n<p>Der Zerst\u00e4uber wird von der Luftquelle des Luftkompressors angetrieben. Die Vakuum-Selbstansaugung Primer angewendet wird, um die Fl\u00fcssigkeit durch die D\u00fcse und Luft zerst\u00e4ubt, und dann auf die Schmierung Punkt des Werkst\u00fccks, Fr\u00e4ser oder Lager gespr\u00fcht. Die K\u00fchlwirkung ist gut, und bieten Schmierung, Spanabfuhr, Reinigung und andere Funktionen, um die Produktionseffizienz und die Verarbeitungsqualit\u00e4t zu verbessern, den Verlust von mechanischen Werkzeugen zu reduzieren, die Werkstattverschmutzung zu reduzieren.<br \/>\n1. Das K\u00fchlen, Schmieren und Blasen von Eisensp\u00e4nen kann w\u00e4hrend der Verarbeitung auf einmal erfolgen.<br \/>\n2. Es kann die Schnittgeschwindigkeit verbessern, Bearbeitungszeit sparen und den Werkzeugverschlei\u00df reduzieren.<br \/>\n3. Es kann die Qualit\u00e4t des Werkst\u00fccks Finishing und die beste Nutzung Wirkung der Schneidwerkzeuge zu gew\u00e4hrleisten.<br \/>\n4. Durch die Bearbeitung von Legierungen oder superharten Materialien kann auch eine glatte und hochpr\u00e4zise Oberfl\u00e4che erzielt werden.<br \/>\n5. Die Verbesserung der Dichtungsmethode kann interne \u00d6lleckagen vermeiden und die Lebensdauer verl\u00e4ngern.<br \/>\n6. Das Volumen des Zerst\u00e4ubers und des K\u00fchlmittels kann angepasst werden, um die Verwendung unterschiedlicher Verarbeitungsbedingungen zu erleichtern.<br \/>\n7. Es gibt verschiedene Befestigungsm\u00f6glichkeiten, um die Installation und Befestigung der Kunden zu erleichtern.<\/p>\n<p><strong>SPEZIFIKATIONEN<\/strong><\/p>\n<p><img decoding=\"async\" class=\"size-full wp-image-795\" src=\"https:\/\/www.iglan.net\/wp-content\/uploads\/2019\/12\/CS-dimensions.jpg\" alt=\"Dimension des Spr\u00fchger\u00e4ts\" width=\"700\" height=\"898\" srcset=\"https:\/\/www.iglan.net\/wp-content\/uploads\/2019\/12\/CS-dimensions.jpg 700w, https:\/\/www.iglan.net\/wp-content\/uploads\/2019\/12\/CS-dimensions-510x654.jpg 510w, https:\/\/www.iglan.net\/wp-content\/uploads\/2019\/12\/CS-dimensions-64x82.jpg 64w, https:\/\/www.iglan.net\/wp-content\/uploads\/2019\/12\/CS-dimensions-300x385.jpg 300w, https:\/\/www.iglan.net\/wp-content\/uploads\/2019\/12\/CS-dimensions-234x300.jpg 234w\" sizes=\"(max-width: 700px) 100vw, 700px\" \/><\/p>","protected":false},"excerpt":{"rendered":"<p>Der Druck der Gasquelle reicht von 5 bis 7 KGF und cm_ (bezogen auf das Volumen und den Druck des Zerst\u00e4ubungsgases). Verwenden Sie fl\u00fcssige Viskosit\u00e4t unter 68cST. Verwenden Sie Gelegenheiten, S\u00e4gemaschine, Drehmaschine, Schleifmaschine, Gewindeschneidmaschine, CNC-Bearbeitungszentrum, Punch, Holzbearbeitungsmaschinen und andere Schneidausr\u00fcstung.<\/p>","protected":false},"featured_media":797,"template":"","meta":[],"product_brand":[],"product_cat":[51,173],"product_tag":[58,57,59],"class_list":{"0":"post-792","1":"product","2":"type-product","3":"status-publish","4":"has-post-thumbnail","6":"product_cat-lubrication-system-accessories","7":"product_cat-pressure-gauge-and-others","8":"product_tag-cooling-sprayer","9":"product_tag-lubricating-sprayer","10":"product_tag-lubrication-fittings","12":"first","13":"instock","14":"shipping-taxable","15":"product-type-external"},"_links":{"self":[{"href":"https:\/\/www.iglan.net\/de\/wp-json\/wp\/v2\/product\/792","targetHints":{"allow":["GET"]}}],"collection":[{"href":"https:\/\/www.iglan.net\/de\/wp-json\/wp\/v2\/product"}],"about":[{"href":"https:\/\/www.iglan.net\/de\/wp-json\/wp\/v2\/types\/product"}],"wp:featuredmedia":[{"embeddable":true,"href":"https:\/\/www.iglan.net\/de\/wp-json\/wp\/v2\/media\/797"}],"wp:attachment":[{"href":"https:\/\/www.iglan.net\/de\/wp-json\/wp\/v2\/media?parent=792"}],"wp:term":[{"taxonomy":"product_brand","embeddable":true,"href":"https:\/\/www.iglan.net\/de\/wp-json\/wp\/v2\/product_brand?post=792"},{"taxonomy":"product_cat","embeddable":true,"href":"https:\/\/www.iglan.net\/de\/wp-json\/wp\/v2\/product_cat?post=792"},{"taxonomy":"product_tag","embeddable":true,"href":"https:\/\/www.iglan.net\/de\/wp-json\/wp\/v2\/product_tag?post=792"}],"curies":[{"name":"wp","href":"https:\/\/api.w.org\/{rel}","templated":true}]}}