{"id":709,"date":"2019-11-04T17:27:20","date_gmt":"2019-11-05T01:27:20","guid":{"rendered":"https:\/\/www.iglan.net\/?post_type=product&#038;p=709"},"modified":"2022-03-24T00:47:57","modified_gmt":"2022-03-24T07:47:57","slug":"adl340am-oil-lubrication-pump","status":"publish","type":"product","link":"https:\/\/www.iglan.net\/de\/produkt\/adl340am-oil-lubrication-pump\/","title":{"rendered":"ADL340AM \u00d6lschmierpumpe mit einstellbarem Regler"},"content":{"rendered":"<p><strong>FEATURES<\/strong><\/p>\n<p>1. Schmierzeit und Intervallzeit k\u00f6nnen eingestellt werden (mit Sperrschl\u00fcssel-Funktion, Sperreinstellungen).<br \/>\n2. Es verf\u00fcgt \u00fcber einen Fl\u00fcssigkeitsstands- und Druckschalter (normalerweise geschlossen, optional). Wenn das \u00d6l oder der Druck unzureichend ist, wird der Summer einen Alarm ausl\u00f6sen und das anormale Signal ausgeben.<br \/>\n3. Systemzeit kann eingestellt werden, LUB-Schmierzeit: 1-999 (Sekunden) INT-Intervallzeit: 1-999 (Minuten).<br \/>\n4. Die l\u00e4ngste Schmierzeit ist weniger als oder gleich 2 Minuten, und die Pausenzeit ist mehr als das F\u00fcnffache der Schmierzeit.<br \/>\n5. Der Motor ist mit einem \u00dcberhitzungsschutz ausgestattet, der den Motor vor \u00dcberhitzung und \u00dcberlastung sch\u00fctzt.<br \/>\n6. Das volumetrische System ist mit einer Dekompressionsvorrichtung ausgestattet, die einen LT\/DPB\/MO-Verteiler ben\u00f6tigt.<br \/>\n7. Ein \u00dcberdruckventil soll verhindern, dass die Schmiermittelpumpe durch \u00dcberlastung und zu hohen Leitungsdruck besch\u00e4digt wird.<br \/>\n8. \u00d6lviskosit\u00e4t 32-68 cSt@40\u2103 verwenden.<\/p>\n<p><strong>SPEZIFIKATIONEN<\/strong><\/p>\n<p><img decoding=\"async\" class=\"size-full wp-image-710\" src=\"https:\/\/www.iglan.net\/wp-content\/uploads\/2019\/11\/ADL-3-specifications.png\" alt=\"ADL3-Schmiermittel-Spezifikationen\" width=\"920\" height=\"750\" srcset=\"https:\/\/www.iglan.net\/wp-content\/uploads\/2019\/11\/ADL-3-specifications.png 920w, https:\/\/www.iglan.net\/wp-content\/uploads\/2019\/11\/ADL-3-specifications-800x652.png 800w, https:\/\/www.iglan.net\/wp-content\/uploads\/2019\/11\/ADL-3-specifications-64x52.png 64w, https:\/\/www.iglan.net\/wp-content\/uploads\/2019\/11\/ADL-3-specifications-300x245.png 300w, https:\/\/www.iglan.net\/wp-content\/uploads\/2019\/11\/ADL-3-specifications-768x626.png 768w\" sizes=\"(max-width: 920px) 100vw, 920px\" \/><\/p>\n<p><strong>ABMESSUNGEN<\/strong><\/p>\n<p><img decoding=\"async\" class=\"size-full wp-image-712\" src=\"https:\/\/www.iglan.net\/wp-content\/uploads\/2019\/11\/ADL-plc-dimension.png\" alt=\"ADL-plc-Ma\u00df\" width=\"920\" height=\"636\" srcset=\"https:\/\/www.iglan.net\/wp-content\/uploads\/2019\/11\/ADL-plc-dimension.png 920w, https:\/\/www.iglan.net\/wp-content\/uploads\/2019\/11\/ADL-plc-dimension-800x553.png 800w, https:\/\/www.iglan.net\/wp-content\/uploads\/2019\/11\/ADL-plc-dimension-64x44.png 64w, https:\/\/www.iglan.net\/wp-content\/uploads\/2019\/11\/ADL-plc-dimension-300x207.png 300w, https:\/\/www.iglan.net\/wp-content\/uploads\/2019\/11\/ADL-plc-dimension-768x531.png 768w\" sizes=\"(max-width: 920px) 100vw, 920px\" \/><\/p>","protected":false},"excerpt":{"rendered":"<p>Schmierzeit und Intervallzeit k\u00f6nnen eingestellt werden. Es gibt einen F\u00fcllstandsschalter und einen Druckschalter.<br \/>\nDie Systemzeit kann eingestellt werden.LUB Schmierzeit:1-999 Sekunden. INT Intervallzeit: 1-999 Minuten.<\/p>","protected":false},"featured_media":714,"template":"","meta":[],"product_brand":[],"product_cat":[32,155],"product_tag":[46,41,45],"class_list":{"0":"post-709","1":"product","2":"type-product","3":"status-publish","4":"has-post-thumbnail","6":"product_cat-oil-lubrication-pump-units","7":"product_cat-adl-series","8":"product_tag-cnc-lubricator","9":"product_tag-lubrication-pump","10":"product_tag-oil-pump","12":"first","13":"instock","14":"shipping-taxable","15":"product-type-external"},"_links":{"self":[{"href":"https:\/\/www.iglan.net\/de\/wp-json\/wp\/v2\/product\/709","targetHints":{"allow":["GET"]}}],"collection":[{"href":"https:\/\/www.iglan.net\/de\/wp-json\/wp\/v2\/product"}],"about":[{"href":"https:\/\/www.iglan.net\/de\/wp-json\/wp\/v2\/types\/product"}],"wp:featuredmedia":[{"embeddable":true,"href":"https:\/\/www.iglan.net\/de\/wp-json\/wp\/v2\/media\/714"}],"wp:attachment":[{"href":"https:\/\/www.iglan.net\/de\/wp-json\/wp\/v2\/media?parent=709"}],"wp:term":[{"taxonomy":"product_brand","embeddable":true,"href":"https:\/\/www.iglan.net\/de\/wp-json\/wp\/v2\/product_brand?post=709"},{"taxonomy":"product_cat","embeddable":true,"href":"https:\/\/www.iglan.net\/de\/wp-json\/wp\/v2\/product_cat?post=709"},{"taxonomy":"product_tag","embeddable":true,"href":"https:\/\/www.iglan.net\/de\/wp-json\/wp\/v2\/product_tag?post=709"}],"curies":[{"name":"wp","href":"https:\/\/api.w.org\/{rel}","templated":true}]}}