{"id":700,"date":"2019-11-02T10:11:19","date_gmt":"2019-11-02T17:11:19","guid":{"rendered":"https:\/\/www.iglan.net\/?post_type=product&#038;p=700"},"modified":"2022-03-24T00:48:03","modified_gmt":"2022-03-24T07:48:03","slug":"adl330am-oil-lubrication-pump","status":"publish","type":"product","link":"https:\/\/www.iglan.net\/de\/produkt\/adl330am-oil-lubrication-pump\/","title":{"rendered":"AMT230D1 Fettschmierger\u00e4t f\u00fcr Fettschmiersystem"},"content":{"rendered":"<p><strong>FEATURES<\/strong><\/p>\n<p>1. Steuerung des Arbeitszyklus der Schmierpumpe durch die Host-SPS: Betriebszeit und Pausenzeit<br \/>\n2. Es gibt einen F\u00fcllstandsschalter und einen Druckschalter (optional). Das Abnormalsignal wird ausgegeben, wenn die \u00d6lmenge oder der Druck unzureichend ist.<br \/>\n3. Die Tafelanzeige kann die Schmierung und den intermittierenden Zustand der Schmierpumpe anzeigen.<br \/>\n4. Das System ist mit einer \"FEED\"-Taste ausgestattet, die zum Schmieren gezwungen werden kann.<br \/>\n5. In Widerstandssystemen sind Proportionalverbindungen oder B-Verteiler erforderlich.<br \/>\n6. Es gibt ein \u00dcberdruckventil, das die Schmierpumpe und die Rohrleitung vor Sch\u00e4den durch zu hohen Druck sch\u00fctzt.<br \/>\n7. \u00d6lviskosit\u00e4t 32-68 cSt@40\u2103 verwenden.<\/p>\n<p><strong>SPEZIFIKATIONEN<\/strong><\/p>\n<p><img decoding=\"async\" class=\"size-full wp-image-701\" src=\"https:\/\/www.iglan.net\/wp-content\/uploads\/2019\/11\/AMT-2.png\" alt=\"AMT2-3L-Schmiermittel\" width=\"920\" height=\"278\" srcset=\"https:\/\/www.iglan.net\/wp-content\/uploads\/2019\/11\/AMT-2.png 920w, https:\/\/www.iglan.net\/wp-content\/uploads\/2019\/11\/AMT-2-800x242.png 800w, https:\/\/www.iglan.net\/wp-content\/uploads\/2019\/11\/AMT-2-64x19.png 64w, https:\/\/www.iglan.net\/wp-content\/uploads\/2019\/11\/AMT-2-300x91.png 300w, https:\/\/www.iglan.net\/wp-content\/uploads\/2019\/11\/AMT-2-768x232.png 768w\" sizes=\"(max-width: 920px) 100vw, 920px\" \/><\/p>\n<p><strong>ABMESSUNGEN<\/strong><\/p>\n<p><img decoding=\"async\" class=\"size-full wp-image-702\" src=\"https:\/\/www.iglan.net\/wp-content\/uploads\/2019\/11\/AMT-3-plc.png\" alt=\"AMT3-plc-Schmierpumpe\" width=\"920\" height=\"567\" srcset=\"https:\/\/www.iglan.net\/wp-content\/uploads\/2019\/11\/AMT-3-plc.png 920w, https:\/\/www.iglan.net\/wp-content\/uploads\/2019\/11\/AMT-3-plc-800x493.png 800w, https:\/\/www.iglan.net\/wp-content\/uploads\/2019\/11\/AMT-3-plc-64x39.png 64w, https:\/\/www.iglan.net\/wp-content\/uploads\/2019\/11\/AMT-3-plc-300x185.png 300w, https:\/\/www.iglan.net\/wp-content\/uploads\/2019\/11\/AMT-3-plc-768x473.png 768w\" sizes=\"(max-width: 920px) 100vw, 920px\" \/><\/p>","protected":false},"excerpt":{"rendered":"<p>Steuerung des Arbeitszyklus der Schmierpumpe durch die Host-SPS: Betriebszeit und Pausenzeit<br \/>\nEs gibt einen F\u00fcllstandsschalter und einen Druckschalter (optional). Das Fehlersignal wird ausgegeben, wenn die \u00d6lmenge oder der Druck nicht ausreicht.<\/p>","protected":false},"featured_media":705,"template":"","meta":[],"product_brand":[],"product_cat":[156,34],"product_tag":[46,40,41],"class_list":{"0":"post-700","1":"product","2":"type-product","3":"status-publish","4":"has-post-thumbnail","6":"product_cat-amt-series","7":"product_cat-grease-lubrication-pump-units","8":"product_tag-cnc-lubricator","9":"product_tag-grease-pump","10":"product_tag-lubrication-pump","12":"first","13":"instock","14":"shipping-taxable","15":"product-type-external"},"_links":{"self":[{"href":"https:\/\/www.iglan.net\/de\/wp-json\/wp\/v2\/product\/700","targetHints":{"allow":["GET"]}}],"collection":[{"href":"https:\/\/www.iglan.net\/de\/wp-json\/wp\/v2\/product"}],"about":[{"href":"https:\/\/www.iglan.net\/de\/wp-json\/wp\/v2\/types\/product"}],"wp:featuredmedia":[{"embeddable":true,"href":"https:\/\/www.iglan.net\/de\/wp-json\/wp\/v2\/media\/705"}],"wp:attachment":[{"href":"https:\/\/www.iglan.net\/de\/wp-json\/wp\/v2\/media?parent=700"}],"wp:term":[{"taxonomy":"product_brand","embeddable":true,"href":"https:\/\/www.iglan.net\/de\/wp-json\/wp\/v2\/product_brand?post=700"},{"taxonomy":"product_cat","embeddable":true,"href":"https:\/\/www.iglan.net\/de\/wp-json\/wp\/v2\/product_cat?post=700"},{"taxonomy":"product_tag","embeddable":true,"href":"https:\/\/www.iglan.net\/de\/wp-json\/wp\/v2\/product_tag?post=700"}],"curies":[{"name":"wp","href":"https:\/\/api.w.org\/{rel}","templated":true}]}}