{"id":692,"date":"2019-11-01T16:22:47","date_gmt":"2019-11-01T23:22:47","guid":{"rendered":"https:\/\/www.iglan.net\/?post_type=product&#038;p=692"},"modified":"2022-03-24T00:48:07","modified_gmt":"2022-03-24T07:48:07","slug":"adl230a2-oil-lubrication-pump","status":"publish","type":"product","link":"https:\/\/www.iglan.net\/de\/produkt\/adl230a2-oil-lubrication-pump\/","title":{"rendered":"2L 110V ADL230A2 \u00d6lschmierpumpe f\u00fcr CNC-Schmierung"},"content":{"rendered":"<p><strong>FEATURES<\/strong><\/p>\n<p>1. Die Betriebszeit und die Intervallzeit der Schmiermittelpumpe werden von der Host-SPS gesteuert.<br \/>\n2. Ein Fl\u00fcssigkeitsstands- und ein Druckschalter k\u00f6nnen ausgew\u00e4hlt werden, um bei unzureichendem \u00d6lstand oder Druck ein Fehlersignal auszugeben.<br \/>\n3. Die Tafelanzeige kann die Schmierung und den intermittierenden Zustand des \u00d6linjektors anzeigen.<br \/>\n4. Das System ist mit einer \"FEED\"-Taste ausgestattet, die zum Schmieren gezwungen werden kann.<br \/>\n5. Die l\u00e4ngste Schmierzeit betr\u00e4gt weniger als oder gleich 2 Minuten, und die Pausenzeit betr\u00e4gt normalerweise mehr als das F\u00fcnffache der Schmierzeit.<br \/>\n6. Der Motor ist mit einem \u00dcberhitzungsschutz ausgestattet, der den Motor vor \u00dcberhitzung und \u00dcberlastung sch\u00fctzt.<br \/>\n7. Das Widerstandssystem verf\u00fcgt \u00fcber keine Dekompressionsvorrichtung, die mit einem proportionalen Gelenkverteiler verwendet werden sollte.<br \/>\n8. Im Inneren des Ger\u00e4ts befinden sich Sicherungen, um zu verhindern, dass die IC-Platine und der Motor durch zu hohen Strom aufgrund eines Kurzschlusses durchbrennen.<br \/>\n9. Es gibt ein \u00dcberdruckventil, das die Schmierpumpe und die Rohrleitung vor Sch\u00e4den durch zu hohen Druck sch\u00fctzt.<\/p>\n<p><strong>SPEZIFIKATIONEN<\/strong><br \/>\n<img decoding=\"async\" class=\"size-full wp-image-693\" src=\"https:\/\/www.iglan.net\/wp-content\/uploads\/2019\/11\/ADL230A2-parameter.png\" alt=\"ADL230A2 Schmierstoffgeber Parameter\" width=\"920\" height=\"210\" srcset=\"https:\/\/www.iglan.net\/wp-content\/uploads\/2019\/11\/ADL230A2-parameter.png 920w, https:\/\/www.iglan.net\/wp-content\/uploads\/2019\/11\/ADL230A2-parameter-800x183.png 800w, https:\/\/www.iglan.net\/wp-content\/uploads\/2019\/11\/ADL230A2-parameter-64x15.png 64w, https:\/\/www.iglan.net\/wp-content\/uploads\/2019\/11\/ADL230A2-parameter-300x68.png 300w, https:\/\/www.iglan.net\/wp-content\/uploads\/2019\/11\/ADL230A2-parameter-768x175.png 768w\" sizes=\"(max-width: 920px) 100vw, 920px\" \/><\/p>\n<p><strong>ABMESSUNGEN<\/strong><br \/>\n<img decoding=\"async\" class=\"size-full wp-image-694\" src=\"https:\/\/www.iglan.net\/wp-content\/uploads\/2019\/11\/ADL230A2-dimension.png\" alt=\"Abmessungen des Schmierstoffgebers ADL230A2\" width=\"920\" height=\"541\" srcset=\"https:\/\/www.iglan.net\/wp-content\/uploads\/2019\/11\/ADL230A2-dimension.png 920w, https:\/\/www.iglan.net\/wp-content\/uploads\/2019\/11\/ADL230A2-dimension-800x470.png 800w, https:\/\/www.iglan.net\/wp-content\/uploads\/2019\/11\/ADL230A2-dimension-64x38.png 64w, https:\/\/www.iglan.net\/wp-content\/uploads\/2019\/11\/ADL230A2-dimension-300x176.png 300w, https:\/\/www.iglan.net\/wp-content\/uploads\/2019\/11\/ADL230A2-dimension-768x452.png 768w\" sizes=\"(max-width: 920px) 100vw, 920px\" \/><\/p>","protected":false},"excerpt":{"rendered":"<p>Die Betriebszeit und die Intervallzeit der Schmiermittelpumpe werden von der Host-SPS gesteuert.<br \/>\nEin F\u00fcllstandsschalter und ein Druckschalter k\u00f6nnen ausgew\u00e4hlt werden, um<br \/>\nIm Inneren des Ger\u00e4ts befinden sich Sicherungen, um zu verhindern, dass die IC-Platine und der Motor durch zu hohen Strom aufgrund eines Kurzschlusses zerst\u00f6rt werden.<\/p>","protected":false},"featured_media":697,"template":"","meta":[],"product_brand":[],"product_cat":[32,155],"product_tag":[46,41,45],"class_list":{"0":"post-692","1":"product","2":"type-product","3":"status-publish","4":"has-post-thumbnail","6":"product_cat-oil-lubrication-pump-units","7":"product_cat-adl-series","8":"product_tag-cnc-lubricator","9":"product_tag-lubrication-pump","10":"product_tag-oil-pump","12":"first","13":"instock","14":"shipping-taxable","15":"product-type-external"},"_links":{"self":[{"href":"https:\/\/www.iglan.net\/de\/wp-json\/wp\/v2\/product\/692","targetHints":{"allow":["GET"]}}],"collection":[{"href":"https:\/\/www.iglan.net\/de\/wp-json\/wp\/v2\/product"}],"about":[{"href":"https:\/\/www.iglan.net\/de\/wp-json\/wp\/v2\/types\/product"}],"wp:featuredmedia":[{"embeddable":true,"href":"https:\/\/www.iglan.net\/de\/wp-json\/wp\/v2\/media\/697"}],"wp:attachment":[{"href":"https:\/\/www.iglan.net\/de\/wp-json\/wp\/v2\/media?parent=692"}],"wp:term":[{"taxonomy":"product_brand","embeddable":true,"href":"https:\/\/www.iglan.net\/de\/wp-json\/wp\/v2\/product_brand?post=692"},{"taxonomy":"product_cat","embeddable":true,"href":"https:\/\/www.iglan.net\/de\/wp-json\/wp\/v2\/product_cat?post=692"},{"taxonomy":"product_tag","embeddable":true,"href":"https:\/\/www.iglan.net\/de\/wp-json\/wp\/v2\/product_tag?post=692"}],"curies":[{"name":"wp","href":"https:\/\/api.w.org\/{rel}","templated":true}]}}