{"id":554,"date":"2019-10-22T10:31:16","date_gmt":"2019-10-22T17:31:16","guid":{"rendered":"https:\/\/www.iglan.net\/?post_type=product&#038;p=554"},"modified":"2022-03-24T00:48:22","modified_gmt":"2022-03-24T07:48:22","slug":"asv6-grease-distributor","status":"publish","type":"product","link":"https:\/\/www.iglan.net\/de\/produkt\/asv6-grease-distributor\/","title":{"rendered":"ASV 10-fach Fettverteiler f\u00fcr Fettschmierung"},"content":{"rendered":"<p><strong>FEATURES<\/strong><\/p>\n<p>Produkt\u00fcbersicht<br \/>\n1. kolbengesteuertes Verteilerventil.<br \/>\n2. automatisch verteilen das Schmiermittel gepumpt aus, um die Schmierstellen angeschlossen.<br \/>\n3. jedes Auslassvolumen des ASV-Verteilerventils betr\u00e4gt 0,2 cm3 pro Zyklus.<br \/>\n4) Wenn ein oder mehrere Ausl\u00e4sse geschlossen sind, kann das Progressivverteilerventil die doppelte oder mehrfache \u00d6lmenge verteilen.<br \/>\n5. 6-12 Verteilerventile mit bis zu 22 Ausl\u00e4ssen sind verf\u00fcgbar.<br \/>\nArbeitsweise<br \/>\nASV integraler progressiver Verteiler kann Dosierschmierung f\u00fcr alle Schmierpunkte im zentralisierten Schmiersystem zur Verf\u00fcgung stellen.es hat die Vorteile der Energieeinsparung und Pr\u00e4zision.es gilt vor allem f\u00fcr Windkraftanlagen, Fahrzeugbau Maschinen, Papierherstellung Maschinen, Textilmaschinen und andere Ausr\u00fcstung.ASV integralen Verteiler hat 6, 8, 10, 12, 14, 16, 18, 20, 22 \u00d6l-Ausg\u00e4nge, Standard einzigen Auslass flie\u00dfen ist 0.2ml\/cyc, und k\u00f6nnen Stecker zu entfernen.Er Gangzhu und ersetzen \u00d6l-Stecker bieten Verschiebung von 0.4ml\/cyc 0.6m\/cyc 0.2m\/cyc integer multiple.Solange der Druck Schmiermittel in den \u00d6leinlass, wird der Verteiler kontinuierlich in einer progressiven Art und Weise zu arbeiten.Sobald das Schmiermittel in einem der Kan\u00e4le aufh\u00f6rt zu flie\u00dfen, wird der gesamte Kolben in den Verteiler auch aufh\u00f6ren zu arbeiten.Daher durch die Installation eines bestimmten visuellen mechanischen Sensor, k\u00f6nnen wir die Bewegung des gesamten Verteilers zu beobachten.Sobald die Blockade auftritt, k\u00f6nnen wir die Signalausgabe zu melden, so dass das gesamte Schmiersystem zu \u00fcberwachen.<\/p>\n<p><strong>SPEZIFIKATIONEN<\/strong><\/p>\n<p><img decoding=\"async\" class=\"size-full wp-image-555\" src=\"https:\/\/www.iglan.net\/wp-content\/uploads\/2019\/10\/ASV-parameter.png\" alt=\"ASV10-Parameter\" width=\"920\" height=\"154\" srcset=\"https:\/\/www.iglan.net\/wp-content\/uploads\/2019\/10\/ASV-parameter.png 920w, https:\/\/www.iglan.net\/wp-content\/uploads\/2019\/10\/ASV-parameter-800x134.png 800w, https:\/\/www.iglan.net\/wp-content\/uploads\/2019\/10\/ASV-parameter-64x11.png 64w, https:\/\/www.iglan.net\/wp-content\/uploads\/2019\/10\/ASV-parameter-300x50.png 300w, https:\/\/www.iglan.net\/wp-content\/uploads\/2019\/10\/ASV-parameter-768x129.png 768w\" sizes=\"(max-width: 920px) 100vw, 920px\" \/><\/p>\n<p><strong>ABMESSUNGEN<\/strong><\/p>\n<p><img decoding=\"async\" class=\"size-full wp-image-556\" src=\"https:\/\/www.iglan.net\/wp-content\/uploads\/2019\/10\/ASV-dimension.png\" alt=\"ASV10-Abmessung\" width=\"1143\" height=\"792\" srcset=\"https:\/\/www.iglan.net\/wp-content\/uploads\/2019\/10\/ASV-dimension.png 1143w, https:\/\/www.iglan.net\/wp-content\/uploads\/2019\/10\/ASV-dimension-800x554.png 800w, https:\/\/www.iglan.net\/wp-content\/uploads\/2019\/10\/ASV-dimension-64x44.png 64w, https:\/\/www.iglan.net\/wp-content\/uploads\/2019\/10\/ASV-dimension-300x208.png 300w, https:\/\/www.iglan.net\/wp-content\/uploads\/2019\/10\/ASV-dimension-768x532.png 768w, https:\/\/www.iglan.net\/wp-content\/uploads\/2019\/10\/ASV-dimension-1024x710.png 1024w\" sizes=\"(max-width: 1143px) 100vw, 1143px\" \/><\/p>","protected":false},"excerpt":{"rendered":"<p>Jede Auslassverschiebung des ASV-Verteilerventils betr\u00e4gt 0,2 ml pro Zyklus. Wenn ein oder mehrere Ausl\u00e4sse geschlossen sind, kann das progressive Verteilerventil das doppelte oder mehrfache \u00d6lvolumen verteilen. Es sind 6-12 Verteilerventile mit bis zu 22 Ausl\u00e4ssen erh\u00e4ltlich.<\/p>","protected":false},"featured_media":558,"template":"","meta":[],"product_brand":[],"product_cat":[50,169],"product_tag":[54,55,56],"class_list":{"0":"post-554","1":"product","2":"type-product","3":"status-publish","4":"has-post-thumbnail","6":"product_cat-lubricant-metering-devices","7":"product_cat-grease-metering-devices","8":"product_tag-distributor","9":"product_tag-lubrication-distributor","10":"product_tag-oil-air-distributor","12":"first","13":"instock","14":"featured","15":"shipping-taxable","16":"product-type-external"},"_links":{"self":[{"href":"https:\/\/www.iglan.net\/de\/wp-json\/wp\/v2\/product\/554","targetHints":{"allow":["GET"]}}],"collection":[{"href":"https:\/\/www.iglan.net\/de\/wp-json\/wp\/v2\/product"}],"about":[{"href":"https:\/\/www.iglan.net\/de\/wp-json\/wp\/v2\/types\/product"}],"wp:featuredmedia":[{"embeddable":true,"href":"https:\/\/www.iglan.net\/de\/wp-json\/wp\/v2\/media\/558"}],"wp:attachment":[{"href":"https:\/\/www.iglan.net\/de\/wp-json\/wp\/v2\/media?parent=554"}],"wp:term":[{"taxonomy":"product_brand","embeddable":true,"href":"https:\/\/www.iglan.net\/de\/wp-json\/wp\/v2\/product_brand?post=554"},{"taxonomy":"product_cat","embeddable":true,"href":"https:\/\/www.iglan.net\/de\/wp-json\/wp\/v2\/product_cat?post=554"},{"taxonomy":"product_tag","embeddable":true,"href":"https:\/\/www.iglan.net\/de\/wp-json\/wp\/v2\/product_tag?post=554"}],"curies":[{"name":"wp","href":"https:\/\/api.w.org\/{rel}","templated":true}]}}