{"id":536,"date":"2019-10-19T14:15:35","date_gmt":"2019-10-19T21:15:35","guid":{"rendered":"https:\/\/www.iglan.net\/?post_type=product&#038;p=536"},"modified":"2022-03-24T00:48:31","modified_gmt":"2022-03-24T07:48:31","slug":"ao-5-ways-oil-air-distributor-for-oil-mist-lubrication-pump","status":"publish","type":"product","link":"https:\/\/www.iglan.net\/de\/produkt\/ao-5-ways-oil-air-distributor-for-oil-mist-lubrication-pump\/","title":{"rendered":"AO 5-Wege-\u00d6l-Luft-Verteiler f\u00fcr \u00d6lnebel-Schmierpumpe"},"content":{"rendered":"<p><strong>FEATURES<\/strong><\/p>\n<p>1. AOM \u00d6lnebel pneumatische Schmierung Pumpe eignet sich f\u00fcr die Schmierung hoher Geschwindigkeit Schneiden, gro\u00dfe Fl\u00e4che Schmierung, spezielle Verarbeitung Schmierung und K\u00fchlung. Der \u00d6lnebel mischt sich gleichm\u00e4\u00dfig und die Wirkung ist gut.<br \/>\n2. AOM \u00d6lnebelauslass kann mit verschiedenen D\u00fcsen, harten D\u00fcsen oder OB-Spritzpistolen abgestimmt werden. Es ist geeignet f\u00fcr eine Vielzahl von Schneidwerkzeugmaschinen. Es kann effektiv abk\u00fchlen, verl\u00e4ngern die Lebensdauer des Werkzeugs, und ist einfach und vielseitig.<br \/>\n3. Der AOM-Typ hat einen \u00d6leinstellknopf, mit dem die \u00d6lmenge entsprechend dem Arbeitsbedarf eingestellt werden kann, um die Optimierung zu erreichen. Drehen des Knopfes gegen den Uhrzeigersinn, je gr\u00f6\u00dfer der Druck im Manometer und die gr\u00f6\u00dfere Menge an Luft erbrechen, desto mehr die Menge an \u00d6lnebel; Drehen im Uhrzeigersinn, desto weniger die Menge an \u00d6lnebel.<br \/>\n4. \u00d6ltr\u00f6pfchen transparentes Fenster kann beobachten, ob \u00d6lnebel Schmierpumpe ist normal \u00d6l, \u00d6l-Spiegel kann beobachten, ob \u00d6l-Verh\u00e4ltnis zu niedrig ist.<br \/>\n5. Die Luftdruckquelle der AOM-\u00d6lnebel-Pneumatikschmierpumpe kann direkt vom Luftkompressor angetrieben werden, oder der Schalter des Magnetventils als Luftdruckquelle kann zur Steuerung der Schaltaktion der Luftdruckquelle 0N\/OFF verwendet werden.<br \/>\n6. Die empfohlene Druckquelle des AOM-Typs ist 48 kg, die eine bessere Zerst\u00e4ubungswirkung erzielen kann.<br \/>\n7. Schmier\u00f6l und Schneidwasser mit einer Viskosit\u00e4t von 22 -68 cst@40 C k\u00f6nnen verwendet werden, aber fl\u00fcchtige \u00d6le wie Ester und Ethylenglykol d\u00fcrfen nicht zugesetzt werden.<\/p>\n<p><strong>SPEZIFIKATIONEN<\/strong><br \/>\n<img decoding=\"async\" class=\"size-full wp-image-540\" src=\"https:\/\/www.iglan.net\/wp-content\/uploads\/2019\/10\/AO-parameter.png\" alt=\"AO-Parameter\" width=\"920\" height=\"260\" srcset=\"https:\/\/www.iglan.net\/wp-content\/uploads\/2019\/10\/AO-parameter.png 920w, https:\/\/www.iglan.net\/wp-content\/uploads\/2019\/10\/AO-parameter-800x226.png 800w, https:\/\/www.iglan.net\/wp-content\/uploads\/2019\/10\/AO-parameter-64x18.png 64w, https:\/\/www.iglan.net\/wp-content\/uploads\/2019\/10\/AO-parameter-300x85.png 300w, https:\/\/www.iglan.net\/wp-content\/uploads\/2019\/10\/AO-parameter-768x217.png 768w\" sizes=\"(max-width: 920px) 100vw, 920px\" \/><\/p>\n<p><strong>ABMESSUNGEN<\/strong><br \/>\n<img decoding=\"async\" class=\"size-full wp-image-541\" src=\"https:\/\/www.iglan.net\/wp-content\/uploads\/2019\/10\/AO-dimension.png\" alt=\"AO-Dimension\" width=\"920\" height=\"791\" srcset=\"https:\/\/www.iglan.net\/wp-content\/uploads\/2019\/10\/AO-dimension.png 920w, https:\/\/www.iglan.net\/wp-content\/uploads\/2019\/10\/AO-dimension-800x688.png 800w, https:\/\/www.iglan.net\/wp-content\/uploads\/2019\/10\/AO-dimension-64x55.png 64w, https:\/\/www.iglan.net\/wp-content\/uploads\/2019\/10\/AO-dimension-300x258.png 300w, https:\/\/www.iglan.net\/wp-content\/uploads\/2019\/10\/AO-dimension-768x660.png 768w\" sizes=\"(max-width: 920px) 100vw, 920px\" \/><\/p>","protected":false},"excerpt":{"rendered":"<p>Die pneumatische AOM-\u00d6lnebelschmierpumpe eignet sich f\u00fcr die Schmierung von Hochgeschwindigkeitsschnitten, die Schmierung gro\u00dfer Fl\u00e4chen, die Schmierung von Spezialverfahren und die K\u00fchlung. Der \u00d6lnebel mischt sich gleichm\u00e4\u00dfig und die Wirkung ist gut. Der AOM-\u00d6lnebelauslass kann mit verschiedenen D\u00fcsen, Hartd\u00fcsen oder OB-Spritzpistolen kombiniert werden.<\/p>","protected":false},"featured_media":543,"template":"","meta":[],"product_brand":[],"product_cat":[50,170],"product_tag":[54,55,56],"class_list":{"0":"post-536","1":"product","2":"type-product","3":"status-publish","4":"has-post-thumbnail","6":"product_cat-lubricant-metering-devices","7":"product_cat-oil-air-metering-devices","8":"product_tag-distributor","9":"product_tag-lubrication-distributor","10":"product_tag-oil-air-distributor","12":"first","13":"instock","14":"shipping-taxable","15":"product-type-external"},"_links":{"self":[{"href":"https:\/\/www.iglan.net\/de\/wp-json\/wp\/v2\/product\/536","targetHints":{"allow":["GET"]}}],"collection":[{"href":"https:\/\/www.iglan.net\/de\/wp-json\/wp\/v2\/product"}],"about":[{"href":"https:\/\/www.iglan.net\/de\/wp-json\/wp\/v2\/types\/product"}],"wp:featuredmedia":[{"embeddable":true,"href":"https:\/\/www.iglan.net\/de\/wp-json\/wp\/v2\/media\/543"}],"wp:attachment":[{"href":"https:\/\/www.iglan.net\/de\/wp-json\/wp\/v2\/media?parent=536"}],"wp:term":[{"taxonomy":"product_brand","embeddable":true,"href":"https:\/\/www.iglan.net\/de\/wp-json\/wp\/v2\/product_brand?post=536"},{"taxonomy":"product_cat","embeddable":true,"href":"https:\/\/www.iglan.net\/de\/wp-json\/wp\/v2\/product_cat?post=536"},{"taxonomy":"product_tag","embeddable":true,"href":"https:\/\/www.iglan.net\/de\/wp-json\/wp\/v2\/product_tag?post=536"}],"curies":[{"name":"wp","href":"https:\/\/api.w.org\/{rel}","templated":true}]}}