{"id":478,"date":"2019-10-17T14:39:04","date_gmt":"2019-10-17T21:39:04","guid":{"rendered":"https:\/\/www.iglan.net\/?post_type=product&#038;p=478"},"modified":"2022-03-24T00:48:40","modified_gmt":"2022-03-24T07:48:40","slug":"ahg-replaceable-cartridge-electric-grease-lubrication-pump","status":"publish","type":"product","link":"https:\/\/www.iglan.net\/de\/produkt\/ahg-replaceable-cartridge-electric-grease-lubrication-pump\/","title":{"rendered":"AHG Elektrische Fettschmierpumpe mit austauschbarer Kartusche"},"content":{"rendered":"<p><strong>FEATURES<\/strong><\/p>\n<p>1. Innovative patentierte Produkte, mit einer Vielzahl von funktionalen Eigenschaften der Schmierung Pumpe Quelle.<br \/>\n2. Die Schmierung und die Intervallzeit werden von der Digitalanzeige gesteuert. Es ist einfach zu bedienen und Warnung wird auftreten, wenn abnorme Bedingungen auftreten.<br \/>\n3. Das Pumpengeh\u00e4use verf\u00fcgt \u00fcber zwei \u00d6lausl\u00e4sse, die mit verschiedenen Verteilertypen ausgestattet werden k\u00f6nnen.<br \/>\n4. Elektromagnetische Kommutierungsventile mit verschiedenen Funktionen von Schieberventilen k\u00f6nnen als Schaltelemente zur Bildung der folgenden Schmiersysteme verwendet werden.<br \/>\n5. Niedriger \u00d6lstand kann f\u00fcr den Versand eingestellt werden.<br \/>\n6. Verwenden Sie das Medium: 000#-1# Lithiumfett Dosenfett.<\/p>\n<p><strong>SPEZIFIKATIONEN<\/strong><\/p>\n<p><img decoding=\"async\" class=\"size-full wp-image-481\" src=\"https:\/\/www.iglan.net\/wp-content\/uploads\/2019\/10\/AHGS1-parameter.png\" alt=\"AHGS1-Parameter\" width=\"922\" height=\"181\" srcset=\"https:\/\/www.iglan.net\/wp-content\/uploads\/2019\/10\/AHGS1-parameter.png 922w, https:\/\/www.iglan.net\/wp-content\/uploads\/2019\/10\/AHGS1-parameter-800x157.png 800w, https:\/\/www.iglan.net\/wp-content\/uploads\/2019\/10\/AHGS1-parameter-64x13.png 64w, https:\/\/www.iglan.net\/wp-content\/uploads\/2019\/10\/AHGS1-parameter-300x59.png 300w, https:\/\/www.iglan.net\/wp-content\/uploads\/2019\/10\/AHGS1-parameter-768x151.png 768w\" sizes=\"(max-width: 922px) 100vw, 922px\" \/><\/p>\n<p><strong>ABMESSUNGEN<\/strong><br \/>\n<img decoding=\"async\" class=\"size-full wp-image-482\" src=\"https:\/\/www.iglan.net\/wp-content\/uploads\/2019\/10\/AHGS1-diameter.png\" alt=\"AHGS1-Durchmesser\" width=\"920\" height=\"770\" srcset=\"https:\/\/www.iglan.net\/wp-content\/uploads\/2019\/10\/AHGS1-diameter.png 920w, https:\/\/www.iglan.net\/wp-content\/uploads\/2019\/10\/AHGS1-diameter-800x670.png 800w, https:\/\/www.iglan.net\/wp-content\/uploads\/2019\/10\/AHGS1-diameter-64x54.png 64w, https:\/\/www.iglan.net\/wp-content\/uploads\/2019\/10\/AHGS1-diameter-300x251.png 300w, https:\/\/www.iglan.net\/wp-content\/uploads\/2019\/10\/AHGS1-diameter-768x643.png 768w\" sizes=\"(max-width: 920px) 100vw, 920px\" \/><\/p>","protected":false},"excerpt":{"rendered":"<p>Innovative patentierte Produkte, mit einer Vielzahl von funktionellen Eigenschaften der Schmierpumpe Quelle. Die Schmierung und die Intervallzeit werden durch einen digitalen Display-Controller gesteuert. Es ist einfach zu bedienen und eine Warnung wird auftreten, wenn abnormale Bedingungen auftreten. Die Pumpe kann mit verschiedenen Arten von Verteilern ausgestattet werden.<\/p>","protected":false},"featured_media":487,"template":"","meta":[],"product_brand":[],"product_cat":[34,160],"product_tag":[40,42,47],"class_list":{"0":"post-478","1":"product","2":"type-product","3":"status-publish","4":"has-post-thumbnail","6":"product_cat-grease-lubrication-pump-units","7":"product_cat-ahgs-series","8":"product_tag-grease-pump","9":"product_tag-lubricator","10":"product_tag-wind-power-lubrication-pump","12":"first","13":"instock","14":"featured","15":"shipping-taxable","16":"product-type-external"},"_links":{"self":[{"href":"https:\/\/www.iglan.net\/de\/wp-json\/wp\/v2\/product\/478","targetHints":{"allow":["GET"]}}],"collection":[{"href":"https:\/\/www.iglan.net\/de\/wp-json\/wp\/v2\/product"}],"about":[{"href":"https:\/\/www.iglan.net\/de\/wp-json\/wp\/v2\/types\/product"}],"wp:featuredmedia":[{"embeddable":true,"href":"https:\/\/www.iglan.net\/de\/wp-json\/wp\/v2\/media\/487"}],"wp:attachment":[{"href":"https:\/\/www.iglan.net\/de\/wp-json\/wp\/v2\/media?parent=478"}],"wp:term":[{"taxonomy":"product_brand","embeddable":true,"href":"https:\/\/www.iglan.net\/de\/wp-json\/wp\/v2\/product_brand?post=478"},{"taxonomy":"product_cat","embeddable":true,"href":"https:\/\/www.iglan.net\/de\/wp-json\/wp\/v2\/product_cat?post=478"},{"taxonomy":"product_tag","embeddable":true,"href":"https:\/\/www.iglan.net\/de\/wp-json\/wp\/v2\/product_tag?post=478"}],"curies":[{"name":"wp","href":"https:\/\/api.w.org\/{rel}","templated":true}]}}