{"id":403,"date":"2019-10-11T17:12:39","date_gmt":"2019-10-12T00:12:39","guid":{"rendered":"https:\/\/www.iglan.net\/?post_type=product&#038;p=403"},"modified":"2024-02-17T23:40:48","modified_gmt":"2024-02-18T07:40:48","slug":"progressive-electric-grease-lubrication-pump-system","status":"publish","type":"product","link":"https:\/\/www.iglan.net\/de\/produkt\/progressive-electric-grease-lubrication-pump-system\/","title":{"rendered":"Progressives elektrisches Fettschmierpumpensystem"},"content":{"rendered":"<p><strong>FEATURES<\/strong><\/p>\n<p>1. Der Arbeitszyklus der Schmiermittelpumpe wird von der Host-SPS oder dem APC-Controller gesteuert.<br \/>\n2. Es gibt ein Druckregelventil, um den Arbeitsdruck der Schmierpumpe zu regeln und ihre Arbeitssicherheit zu gew\u00e4hrleisten.<br \/>\n3. Es gibt ein Entl\u00fcftungsventil, um die Luft in der Schmierpumpenkammer zu entfernen und den reibungslosen Abfluss des \u00d6ls in der Schmierpumpe zu gew\u00e4hrleisten.<br \/>\n4. Druck\u00f6lwanne und Vakuum\u00f6labsorption verwenden.<br \/>\n5. Ein Transmitter f\u00fcr niedrigen \u00d6lstand ist zur Auswahl verf\u00fcgbar, und offene und geschlossene Kontakte sind optional.<br \/>\n6. Der Druckschalter ist am Ende des Schmiersystems angebracht und kann die \u00d6lleckage am Anschluss der Haupt\u00f6lleitung des Schmiersystems \u00fcberwachen.<br \/>\n7. Die \u00d6lpistole wird verwendet, um \u00d6l in den \u00d6ltank der \u00d6lpumpe durch den \u00d6lfilter einzuspritzen, um Verunreinigungen und Luft in das Schmiersystem zu reduzieren, um so den Gebrauchseffekt des Schmiersystems zu verbessern.<br \/>\n8. Passende Verteiler: Serien ASV, ASL, CPS, CPB.<br \/>\n9. Medium verwenden: 000 #1 Lithiumfett.<\/p>\n<p><strong>SPEZIFIKATIONEN<\/strong><br \/>\n<img decoding=\"async\" class=\"size-full wp-image-408\" src=\"https:\/\/www.iglan.net\/wp-content\/uploads\/2019\/10\/AHG2-parameter.png\" alt=\"AHG2-Parameter\" width=\"922\" height=\"156\" srcset=\"https:\/\/www.iglan.net\/wp-content\/uploads\/2019\/10\/AHG2-parameter.png 922w, https:\/\/www.iglan.net\/wp-content\/uploads\/2019\/10\/AHG2-parameter-800x135.png 800w, https:\/\/www.iglan.net\/wp-content\/uploads\/2019\/10\/AHG2-parameter-64x11.png 64w, https:\/\/www.iglan.net\/wp-content\/uploads\/2019\/10\/AHG2-parameter-300x51.png 300w, https:\/\/www.iglan.net\/wp-content\/uploads\/2019\/10\/AHG2-parameter-768x130.png 768w\" sizes=\"(max-width: 922px) 100vw, 922px\" \/><\/p>\n<p><strong>ABMESSUNGEN<\/strong><br \/>\n<img decoding=\"async\" class=\"size-full wp-image-410\" src=\"https:\/\/www.iglan.net\/wp-content\/uploads\/2019\/10\/AHG2.png\" alt=\"AHG2-Dimension\" width=\"920\" height=\"776\" srcset=\"https:\/\/www.iglan.net\/wp-content\/uploads\/2019\/10\/AHG2.png 920w, https:\/\/www.iglan.net\/wp-content\/uploads\/2019\/10\/AHG2-800x675.png 800w, https:\/\/www.iglan.net\/wp-content\/uploads\/2019\/10\/AHG2-64x54.png 64w, https:\/\/www.iglan.net\/wp-content\/uploads\/2019\/10\/AHG2-300x253.png 300w, https:\/\/www.iglan.net\/wp-content\/uploads\/2019\/10\/AHG2-768x648.png 768w\" sizes=\"(max-width: 920px) 100vw, 920px\" \/><\/p>","protected":false},"excerpt":{"rendered":"<p>Der Arbeitszyklus der Schmiermittelpumpe wird von der Host-SPS oder dem APC-Controller gesteuert. Es gibt ein Druckregelventil, um den Arbeitsdruck der Schmierpumpe zu kontrollieren und ihre Arbeitssicherheit zu gew\u00e4hrleisten. Passende Verteiler: Serien ASV, ASL, CPS, CPB. Schmiermittelbereich: #000 #00 #0 #1 Lithiumfett.<\/p>","protected":false},"featured_media":513,"template":"","meta":[],"product_brand":[],"product_cat":[34,159],"product_tag":[40,42,47],"class_list":{"0":"post-403","1":"product","2":"type-product","3":"status-publish","4":"has-post-thumbnail","6":"product_cat-grease-lubrication-pump-units","7":"product_cat-ahg-series","8":"product_tag-grease-pump","9":"product_tag-lubricator","10":"product_tag-wind-power-lubrication-pump","12":"first","13":"instock","14":"shipping-taxable","15":"product-type-external"},"_links":{"self":[{"href":"https:\/\/www.iglan.net\/de\/wp-json\/wp\/v2\/product\/403","targetHints":{"allow":["GET"]}}],"collection":[{"href":"https:\/\/www.iglan.net\/de\/wp-json\/wp\/v2\/product"}],"about":[{"href":"https:\/\/www.iglan.net\/de\/wp-json\/wp\/v2\/types\/product"}],"wp:featuredmedia":[{"embeddable":true,"href":"https:\/\/www.iglan.net\/de\/wp-json\/wp\/v2\/media\/513"}],"wp:attachment":[{"href":"https:\/\/www.iglan.net\/de\/wp-json\/wp\/v2\/media?parent=403"}],"wp:term":[{"taxonomy":"product_brand","embeddable":true,"href":"https:\/\/www.iglan.net\/de\/wp-json\/wp\/v2\/product_brand?post=403"},{"taxonomy":"product_cat","embeddable":true,"href":"https:\/\/www.iglan.net\/de\/wp-json\/wp\/v2\/product_cat?post=403"},{"taxonomy":"product_tag","embeddable":true,"href":"https:\/\/www.iglan.net\/de\/wp-json\/wp\/v2\/product_tag?post=403"}],"curies":[{"name":"wp","href":"https:\/\/api.w.org\/{rel}","templated":true}]}}