{"id":3126,"date":"2022-08-24T08:47:30","date_gmt":"2022-08-24T15:47:30","guid":{"rendered":"https:\/\/www.iglan.net\/?post_type=product&#038;p=3126"},"modified":"2022-09-13T12:55:18","modified_gmt":"2022-09-13T19:55:18","slug":"ahg1-automatic-electric-grease-lubrication-pump-system","status":"publish","type":"product","link":"https:\/\/www.iglan.net\/de\/produkt\/ahg1-automatic-electric-grease-lubrication-pump-system\/","title":{"rendered":"AHG1 Automatisches elektrisches Fettschmierpumpensystem"},"content":{"rendered":"<p>1. Die Schmierpumpe hat eine eigene Steuerung, um die Schmierung und Intervallzeit zu kontrollieren. Sie ist einfach zu bedienen. Sie verf\u00fcgt \u00fcber einen Summer, und ein Warnton wird ausgegeben, wenn es eine Anomalie gibt.<br \/>\n2. Es gibt ein Druckregulierventil, um den Arbeitsdruck der Schmierpumpe zu kontrollieren und die Arbeitssicherheit zu gew\u00e4hrleisten.<br \/>\n3. Ein Entl\u00fcftungsventil ist vorgesehen, um die Luft im Hohlraum der Schmierpumpe abzulassen und ein reibungsloses Ablassen der Pumpe zu gew\u00e4hrleisten.<br \/>\n4. Schmiermittelpumpe mit Druckplatte, vakuumbetriebene Schmiermittelansaugung.<br \/>\n5. Low-Level-Sender kann installiert werden.<br \/>\n6. F\u00fcllen Sie den Schmiermittelbeh\u00e4lter der Pumpe \u00fcber den Filter mit Schmiermittel auf. Bitte reduzieren Sie Verunreinigungen und Luftvermischungen im Schmiersystem.<br \/>\n7. AHG1 Schmiermittelpumpe passend zum Verteiler: Serien ASV, ASVB, AVL, AVP.<br \/>\n8. Schmiermittel: NLGI 000#, 00#, 0#, 1# Schmierfett auf Lithiumbasis.<\/p>\n<h3>SPEZIFIKATIONEN<\/h3>\n<table>\n<tbody>\n<tr>\n<td><span style=\"font-size: 105%; color: #000000;\">ITEM<\/span><\/td>\n<td><span style=\"font-size: 105%; color: #000000;\">PARAMETER<\/span><\/td>\n<\/tr>\n<tr>\n<td><span style=\"font-size: 105%; color: #000000;\">Spannung<\/span><\/td>\n<td><span style=\"font-size: 105%;\"><span style=\"color: #000000;\">110VAC, 220VAC, 12VDC, 24VDC;<\/span> <span style=\"color: #000000;\">3-Phasen 220VAC &amp; 380VAC nur f\u00fcr AHG2 &amp; AHG4.<\/span><\/span><\/td>\n<\/tr>\n<tr>\n<td><span style=\"font-size: 105%; color: #000000;\">Strom<\/span><\/td>\n<td><span style=\"font-size: 105%; color: #000000;\">25W<\/span><\/td>\n<\/tr>\n<tr>\n<td><span style=\"font-size: 105%; color: #000000;\">Zeit der Schmierung<\/span><\/td>\n<td><span style=\"font-size: 105%;\"><span style=\"color: #000000;\">1-999 Sekunden f\u00fcr AHG1 und AHG3;<\/span> <span style=\"color: #000000;\">Host-SPS f\u00fcr AHG2 und AHG4.<\/span><\/span><\/td>\n<\/tr>\n<tr>\n<td><span style=\"font-size: 105%; color: #000000;\">Intervallzeit<\/span><\/td>\n<td><span style=\"font-size: 105%;\"><span style=\"color: #000000;\">1-999 Sekunden f\u00fcr AHG1 und AHG3;<\/span> <span style=\"color: #000000;\">Host-SPS f\u00fcr AHG2 und AHG4.<\/span><\/span><\/td>\n<\/tr>\n<tr>\n<td><span style=\"font-size: 105%; color: #000000;\">Max. Druck<\/span><\/td>\n<td><span style=\"font-size: 105%; color: #000000;\">8MPa<\/span><\/td>\n<\/tr>\n<tr>\n<td><span style=\"font-size: 105%; color: #000000;\">Entladung<\/span><\/td>\n<td><span style=\"font-size: 105%; color: #000000;\">20mL\/min<\/span><\/td>\n<\/tr>\n<tr>\n<td><span style=\"font-size: 105%; color: #000000;\">Druckschalter<\/span><\/td>\n<td><span style=\"font-size: 105%; color: #000000;\">Optional<\/span><\/td>\n<\/tr>\n<tr>\n<td><span style=\"font-size: 105%; color: #000000;\">Schalter f\u00fcr niedrigen F\u00fcllstand<\/span><\/td>\n<td><span style=\"font-size: 105%; color: #000000;\">Optional<\/span><\/td>\n<\/tr>\n<tr>\n<td><span style=\"font-size: 105%; color: #000000;\">Durchmesser Auslass<\/span><\/td>\n<td><span style=\"font-size: 105%; color: #000000;\">\u03a66 oder \u03a68<\/span><\/td>\n<\/tr>\n<tr>\n<td><span style=\"font-size: 105%; color: #000000;\">Stausee<\/span><\/td>\n<td><span style=\"font-size: 105%; color: #000000;\">1500mL<\/span><\/td>\n<\/tr>\n<tr>\n<td><span style=\"color: #000000; font-size: 105%;\">Nettogewicht<\/span><\/td>\n<td><span style=\"color: #000000; font-size: 105%;\">5Kg(AHG1), 4,5Kg(AHG2), 6Kg(AHG3), 5,5Kg(AHG4)<\/span><\/td>\n<\/tr>\n<\/tbody>\n<\/table>\n<h3>ABMESSUNGEN<\/h3>\n<figure id=\"attachment_3167\" aria-describedby=\"caption-attachment-3167\" style=\"width: 792px\" class=\"wp-caption alignnone\"><img decoding=\"async\" class=\"size-full wp-image-3167\" src=\"https:\/\/www.iglan.net\/wp-content\/uploads\/2022\/08\/AHG1-grease-pump-dimension.jpg\" alt=\"Abmessungen der AHG1-Fettpumpe\" width=\"792\" height=\"691\" srcset=\"https:\/\/www.iglan.net\/wp-content\/uploads\/2022\/08\/AHG1-grease-pump-dimension.jpg 792w, https:\/\/www.iglan.net\/wp-content\/uploads\/2022\/08\/AHG1-grease-pump-dimension-458x400.jpg 458w, https:\/\/www.iglan.net\/wp-content\/uploads\/2022\/08\/AHG1-grease-pump-dimension-768x670.jpg 768w, https:\/\/www.iglan.net\/wp-content\/uploads\/2022\/08\/AHG1-grease-pump-dimension-14x12.jpg 14w\" sizes=\"(max-width: 792px) 100vw, 792px\" \/><figcaption id=\"caption-attachment-3167\" class=\"wp-caption-text\">Abmessungen der AHG1-Fettpumpe<\/figcaption><\/figure>\n<h3>ORDNUNGSCODE<\/h3>\n<figure id=\"attachment_3168\" aria-describedby=\"caption-attachment-3168\" style=\"width: 852px\" class=\"wp-caption alignnone\"><img decoding=\"async\" class=\"wp-image-3168 size-full\" src=\"https:\/\/www.iglan.net\/wp-content\/uploads\/2022\/08\/AHG1-grease-pump-specs.jpg\" alt=\"Spezifikationen der AHG1-Fettpumpe\" width=\"852\" height=\"558\" srcset=\"https:\/\/www.iglan.net\/wp-content\/uploads\/2022\/08\/AHG1-grease-pump-specs.jpg 852w, https:\/\/www.iglan.net\/wp-content\/uploads\/2022\/08\/AHG1-grease-pump-specs-611x400.jpg 611w, https:\/\/www.iglan.net\/wp-content\/uploads\/2022\/08\/AHG1-grease-pump-specs-768x503.jpg 768w, https:\/\/www.iglan.net\/wp-content\/uploads\/2022\/08\/AHG1-grease-pump-specs-18x12.jpg 18w, https:\/\/www.iglan.net\/wp-content\/uploads\/2022\/08\/AHG1-grease-pump-specs-800x524.jpg 800w\" sizes=\"(max-width: 852px) 100vw, 852px\" \/><figcaption id=\"caption-attachment-3168\" class=\"wp-caption-text\">AHG1 Schmierfettpumpe Bestellnummer<\/figcaption><\/figure>\n<a href=\"https:\/\/www.iglan.net\/\" target=\"_blank\" class=\"button primary is-primary is-medium\" rel=\"noopener\" >\n\t\t<span>KATALOG HERUNTERLADEN<\/span>\n\t<\/a>\n\n<a href=\"https:\/\/www.iglan.net\/\" target=\"_blank\" class=\"button primary is-primary is-medium\" rel=\"noopener\" >\n\t\t<span>ANWEISUNGEN DURCHSUCHEN<\/span>\n\t<\/a>\n\n<a href=\"https:\/\/www.iglan.net\/\" target=\"_blank\" class=\"button primary is-primary is-medium\" rel=\"noopener\" >\n\t\t<span>ANWENDUNGEN DURCHSUCHEN<\/span>\n\t<\/a>","protected":false},"excerpt":{"rendered":"<p>Das Design der Schmierpumpe der AHG-Serie ist stabil und langlebig, das Material des Schmierpumpenk\u00f6rpers ist dick, die Kombination der einzelnen Arbeitsteile der elektrischen Pumpe ist fest, und sie hat eine ausgezeichnete Anti-Vibrations-Funktion. Der Beh\u00e4lter der Fettpumpe ist aus transparentem, hochfestem Material hergestellt, das den Fl\u00fcssigkeitsstand leicht zu beobachten ist.<\/p>","protected":false},"featured_media":3130,"template":"","meta":[],"product_brand":[],"product_cat":[34,159],"product_tag":[40,41,44],"class_list":{"0":"post-3126","1":"product","2":"type-product","3":"status-publish","4":"has-post-thumbnail","6":"product_cat-grease-lubrication-pump-units","7":"product_cat-ahg-series","8":"product_tag-grease-pump","9":"product_tag-lubrication-pump","10":"product_tag-lubrication-system","12":"first","13":"instock","14":"featured","15":"shipping-taxable","16":"product-type-external"},"_links":{"self":[{"href":"https:\/\/www.iglan.net\/de\/wp-json\/wp\/v2\/product\/3126","targetHints":{"allow":["GET"]}}],"collection":[{"href":"https:\/\/www.iglan.net\/de\/wp-json\/wp\/v2\/product"}],"about":[{"href":"https:\/\/www.iglan.net\/de\/wp-json\/wp\/v2\/types\/product"}],"wp:featuredmedia":[{"embeddable":true,"href":"https:\/\/www.iglan.net\/de\/wp-json\/wp\/v2\/media\/3130"}],"wp:attachment":[{"href":"https:\/\/www.iglan.net\/de\/wp-json\/wp\/v2\/media?parent=3126"}],"wp:term":[{"taxonomy":"product_brand","embeddable":true,"href":"https:\/\/www.iglan.net\/de\/wp-json\/wp\/v2\/product_brand?post=3126"},{"taxonomy":"product_cat","embeddable":true,"href":"https:\/\/www.iglan.net\/de\/wp-json\/wp\/v2\/product_cat?post=3126"},{"taxonomy":"product_tag","embeddable":true,"href":"https:\/\/www.iglan.net\/de\/wp-json\/wp\/v2\/product_tag?post=3126"}],"curies":[{"name":"wp","href":"https:\/\/api.w.org\/{rel}","templated":true}]}}