{"id":1260,"date":"2020-04-27T02:17:00","date_gmt":"2020-04-27T09:17:00","guid":{"rendered":"https:\/\/www.iglan.net\/?post_type=product&#038;p=1260"},"modified":"2022-03-22T23:31:10","modified_gmt":"2022-03-23T06:31:10","slug":"slm-120ml-automatic-single-point-lubricator","status":"publish","type":"product","link":"https:\/\/www.iglan.net\/de\/produkt\/slm-120ml-automatic-single-point-lubricator\/","title":{"rendered":"SLM Automatisches Einpunktschmierger\u00e4t mit elektrochemischem Antrieb"},"content":{"rendered":"<p><strong>FEATURES<\/strong><\/p>\n<p>Die Oberseite des Injektors enth\u00e4lt einen elektrochemischen Antriebsmechanismus, keine Feder oder andere mechanische Teile, die Einstellung der Zeitskala, die elektrochemische Reaktion erfolgt nach dem Kontakt der Wafer, und der Injektor wird gestartet. Der dadurch erzeugte gleichm\u00e4\u00dfige und steigende Gasdruck treibt den Kolben an und dr\u00fcckt das Fett langsam heraus. Einmal installiert und aktiviert, kann es automatisch innerhalb des festgelegten Lebenszyklus arbeiten. Das Gewicht des Fettes betr\u00e4gt 185 g und das Gewicht des fettfreien Fettes 85 g.<\/p>\n<p><strong>SPEZIFIKATIONEN<\/strong><\/p>\n<figure id=\"attachment_1261\" aria-describedby=\"caption-attachment-1261\" style=\"width: 888px\" class=\"wp-caption alignleft\"><img decoding=\"async\" class=\"size-full wp-image-1261\" src=\"https:\/\/www.iglan.net\/wp-content\/uploads\/2020\/04\/SLM-specifications.jpg\" alt=\"SLM-Spezifikationen\" width=\"888\" height=\"298\" srcset=\"https:\/\/www.iglan.net\/wp-content\/uploads\/2020\/04\/SLM-specifications.jpg 888w, https:\/\/www.iglan.net\/wp-content\/uploads\/2020\/04\/SLM-specifications-800x268.jpg 800w, https:\/\/www.iglan.net\/wp-content\/uploads\/2020\/04\/SLM-specifications-300x101.jpg 300w, https:\/\/www.iglan.net\/wp-content\/uploads\/2020\/04\/SLM-specifications-768x258.jpg 768w, https:\/\/www.iglan.net\/wp-content\/uploads\/2020\/04\/SLM-specifications-64x21.jpg 64w\" sizes=\"(max-width: 888px) 100vw, 888px\" \/><figcaption id=\"caption-attachment-1261\" class=\"wp-caption-text\">SLM-Spezifikationen<\/figcaption><\/figure>\n<p><strong>ABMESSUNGEN<\/strong><\/p>\n<figure id=\"attachment_1262\" aria-describedby=\"caption-attachment-1262\" style=\"width: 472px\" class=\"wp-caption alignleft\"><img decoding=\"async\" class=\"size-full wp-image-1262\" src=\"https:\/\/www.iglan.net\/wp-content\/uploads\/2020\/04\/SLM-dimensions.jpg\" alt=\"SLM-Ma\u00dfe\" width=\"472\" height=\"485\" srcset=\"https:\/\/www.iglan.net\/wp-content\/uploads\/2020\/04\/SLM-dimensions.jpg 472w, https:\/\/www.iglan.net\/wp-content\/uploads\/2020\/04\/SLM-dimensions-292x300.jpg 292w, https:\/\/www.iglan.net\/wp-content\/uploads\/2020\/04\/SLM-dimensions-64x66.jpg 64w\" sizes=\"(max-width: 472px) 100vw, 472px\" \/><figcaption id=\"caption-attachment-1262\" class=\"wp-caption-text\">SLM-Ma\u00dfe<\/figcaption><\/figure>","protected":false},"excerpt":{"rendered":"<p>Die Oberseite des Injektors enth\u00e4lt einen elektrochemischen Antriebsmechanismus, keine Feder oder andere mechanische Teile, die Einstellung der Zeitskala, die elektrochemische Reaktion erfolgt nach dem Kontakt der Wafer, und der Injektor wird gestartet. Der dadurch erzeugte gleichm\u00e4\u00dfige und steigende Gasdruck treibt den Kolben an und presst das Fett langsam heraus.<\/p>","protected":false},"featured_media":1265,"template":"","meta":[],"product_brand":[],"product_cat":[33],"product_tag":[75,40,63],"class_list":{"0":"post-1260","1":"product","2":"type-product","3":"status-publish","4":"has-post-thumbnail","6":"product_cat-single-point-lubricators","7":"product_tag-auto-pump","8":"product_tag-grease-pump","9":"product_tag-single-point-lubricato","11":"first","12":"instock","13":"shipping-taxable","14":"product-type-external"},"_links":{"self":[{"href":"https:\/\/www.iglan.net\/de\/wp-json\/wp\/v2\/product\/1260","targetHints":{"allow":["GET"]}}],"collection":[{"href":"https:\/\/www.iglan.net\/de\/wp-json\/wp\/v2\/product"}],"about":[{"href":"https:\/\/www.iglan.net\/de\/wp-json\/wp\/v2\/types\/product"}],"wp:featuredmedia":[{"embeddable":true,"href":"https:\/\/www.iglan.net\/de\/wp-json\/wp\/v2\/media\/1265"}],"wp:attachment":[{"href":"https:\/\/www.iglan.net\/de\/wp-json\/wp\/v2\/media?parent=1260"}],"wp:term":[{"taxonomy":"product_brand","embeddable":true,"href":"https:\/\/www.iglan.net\/de\/wp-json\/wp\/v2\/product_brand?post=1260"},{"taxonomy":"product_cat","embeddable":true,"href":"https:\/\/www.iglan.net\/de\/wp-json\/wp\/v2\/product_cat?post=1260"},{"taxonomy":"product_tag","embeddable":true,"href":"https:\/\/www.iglan.net\/de\/wp-json\/wp\/v2\/product_tag?post=1260"}],"curies":[{"name":"wp","href":"https:\/\/api.w.org\/{rel}","templated":true}]}}