{"id":1110,"date":"2020-03-05T19:08:29","date_gmt":"2020-03-06T03:08:29","guid":{"rendered":"https:\/\/www.iglan.net\/?post_type=product&#038;p=1110"},"modified":"2022-03-24T00:41:15","modified_gmt":"2022-03-24T07:41:15","slug":"grease-universal-brass-adaptor","status":"publish","type":"product","link":"https:\/\/www.iglan.net\/de\/produkt\/grease-universal-brass-adaptor\/","title":{"rendered":"Schmierfett Universal-Messingadapter Messingverbinder f\u00fcr Schl\u00e4uche"},"content":{"rendered":"<p><strong>FEATURES<\/strong><\/p>\n<p>IGLAN 4mm Fettrohrverbinder Schlauchadapter Universal-Messingverbinder f\u00fcr \u00d6lrohrverbindungsst\u00fcck Zentralschmiersystem<\/p>\n<p><strong>SPEZIFIKATIONEN<\/strong><\/p>\n<p><img decoding=\"async\" class=\"size-full wp-image-1111\" src=\"https:\/\/www.iglan.net\/wp-content\/uploads\/2020\/03\/FS-dimensions.jpg\" alt=\" Abmessungen des Universalsteckers\" width=\"764\" height=\"522\" srcset=\"https:\/\/www.iglan.net\/wp-content\/uploads\/2020\/03\/FS-dimensions.jpg 764w, https:\/\/www.iglan.net\/wp-content\/uploads\/2020\/03\/FS-dimensions-510x348.jpg 510w, https:\/\/www.iglan.net\/wp-content\/uploads\/2020\/03\/FS-dimensions-300x205.jpg 300w, https:\/\/www.iglan.net\/wp-content\/uploads\/2020\/03\/FS-dimensions-64x44.jpg 64w\" sizes=\"(max-width: 764px) 100vw, 764px\" \/><br \/>\n<img decoding=\"async\" class=\"size-full wp-image-1112\" src=\"https:\/\/www.iglan.net\/wp-content\/uploads\/2020\/03\/PS-specifications.jpg\" alt=\"Spezifikationen des Universalsteckers\" width=\"824\" height=\"334\" srcset=\"https:\/\/www.iglan.net\/wp-content\/uploads\/2020\/03\/PS-specifications.jpg 824w, https:\/\/www.iglan.net\/wp-content\/uploads\/2020\/03\/PS-specifications-800x324.jpg 800w, https:\/\/www.iglan.net\/wp-content\/uploads\/2020\/03\/PS-specifications-300x122.jpg 300w, https:\/\/www.iglan.net\/wp-content\/uploads\/2020\/03\/PS-specifications-768x311.jpg 768w, https:\/\/www.iglan.net\/wp-content\/uploads\/2020\/03\/PS-specifications-64x26.jpg 64w\" sizes=\"(max-width: 824px) 100vw, 824px\" \/><\/p>","protected":false},"excerpt":{"rendered":"<p>IGLAN 4mm Fettrohrverbinder Schlauchadapter Universal-Messingverbinder f\u00fcr \u00d6lrohrverbindungen Zentralschmiersystem<\/p>","protected":false},"featured_media":1115,"template":"","meta":[],"product_brand":[],"product_cat":[51,171],"product_tag":[117,118,116],"class_list":{"0":"post-1110","1":"product","2":"type-product","3":"status-publish","4":"has-post-thumbnail","6":"product_cat-lubrication-system-accessories","7":"product_cat-tubes-and-fittings","8":"product_tag-adaptor","9":"product_tag-pipe-joint","10":"product_tag-universal-connector","12":"first","13":"instock","14":"shipping-taxable","15":"product-type-external"},"_links":{"self":[{"href":"https:\/\/www.iglan.net\/de\/wp-json\/wp\/v2\/product\/1110","targetHints":{"allow":["GET"]}}],"collection":[{"href":"https:\/\/www.iglan.net\/de\/wp-json\/wp\/v2\/product"}],"about":[{"href":"https:\/\/www.iglan.net\/de\/wp-json\/wp\/v2\/types\/product"}],"wp:featuredmedia":[{"embeddable":true,"href":"https:\/\/www.iglan.net\/de\/wp-json\/wp\/v2\/media\/1115"}],"wp:attachment":[{"href":"https:\/\/www.iglan.net\/de\/wp-json\/wp\/v2\/media?parent=1110"}],"wp:term":[{"taxonomy":"product_brand","embeddable":true,"href":"https:\/\/www.iglan.net\/de\/wp-json\/wp\/v2\/product_brand?post=1110"},{"taxonomy":"product_cat","embeddable":true,"href":"https:\/\/www.iglan.net\/de\/wp-json\/wp\/v2\/product_cat?post=1110"},{"taxonomy":"product_tag","embeddable":true,"href":"https:\/\/www.iglan.net\/de\/wp-json\/wp\/v2\/product_tag?post=1110"}],"curies":[{"name":"wp","href":"https:\/\/api.w.org\/{rel}","templated":true}]}}