{"id":1088,"date":"2020-02-22T00:49:50","date_gmt":"2020-02-22T08:49:50","guid":{"rendered":"https:\/\/www.iglan.net\/?post_type=product&#038;p=1088"},"modified":"2022-03-24T00:41:29","modified_gmt":"2022-03-24T07:41:29","slug":"epoxy-resin-11-ab-glue","status":"publish","type":"product","link":"https:\/\/www.iglan.net\/de\/produkt\/epoxy-resin-11-ab-glue\/","title":{"rendered":"Turcit B Epoxidharz 1:1 AB Kleber f\u00fcr Gleitf\u00fchrung Soft Tape"},"content":{"rendered":"<p>1. Vorbereitung: die Oberfl\u00e4che der Klebefl\u00e4che der Metallf\u00fchrungsschiene ist rau Ra12.5~6.3um (Finish \u25bd3~\u25bd4), Rost und \u00d6l m\u00fcssen entfernt werden, und die Klebefl\u00e4che der F\u00fchrungsschiene und der weiche G\u00fcrtel m\u00fcssen mit Aceton abgewischt werden.<\/p>\n<p>2. Vorbereitung des Klebers: Der Spezialkleber muss zusammen mit der Verwendung vorbereitet werden. Verwenden Sie zwei R\u00fchrst\u00e4bchen, um den Leim entsprechend dem Volumenverh\u00e4ltnis von AB=1\/1,2 (oder dem Gewichtsverh\u00e4ltnis von AB=1\/1) zu mischen, und r\u00fchren Sie ihn vollst\u00e4ndig und gleichm\u00e4\u00dfig um.<\/p>\n<p>3. Paste: Tragen Sie den Klebstoff gleichm\u00e4\u00dfig auf die Klebefl\u00e4che der F\u00fchrungsschiene und des 6S-F\u00fchrungsschienen-Weichriemens auf, wobei die Dicke der Klebstoffschicht auf etwa 0,10 mm kontrolliert werden muss.<\/p>\n<p>4. Aush\u00e4rtung: Aush\u00e4rtungstemperatur: Raumtemperatur 10 ~ 40C; Aush\u00e4rtungszeit: 24h; Aush\u00e4rtungsdruck: 0.060.10mpa.<\/p>","protected":false},"excerpt":{"rendered":"<p>Vorbereitung des Klebstoffs: Der spezielle Klebstoff muss zusammen mit der Verwendung vorbereitet werden. Verwenden Sie zwei R\u00fchrst\u00e4bchen, um den Leim entsprechend dem Volumenverh\u00e4ltnis von AB=1\/1,2 (oder dem Gewichtsverh\u00e4ltnis von AB=1\/1) zu mischen, und r\u00fchren Sie ihn vollst\u00e4ndig und gleichm\u00e4\u00dfig um.<\/p>","protected":false},"featured_media":1090,"template":"","meta":[],"product_brand":[],"product_cat":[52],"product_tag":[114,115,113],"class_list":{"0":"post-1088","1":"product","2":"type-product","3":"status-publish","4":"has-post-thumbnail","6":"product_cat-turcite-b-tape-and-adhesive","7":"product_tag-ab-glue","8":"product_tag-epoxy-resin","9":"product_tag-glue","11":"first","12":"instock","13":"shipping-taxable","14":"product-type-external"},"_links":{"self":[{"href":"https:\/\/www.iglan.net\/de\/wp-json\/wp\/v2\/product\/1088","targetHints":{"allow":["GET"]}}],"collection":[{"href":"https:\/\/www.iglan.net\/de\/wp-json\/wp\/v2\/product"}],"about":[{"href":"https:\/\/www.iglan.net\/de\/wp-json\/wp\/v2\/types\/product"}],"wp:featuredmedia":[{"embeddable":true,"href":"https:\/\/www.iglan.net\/de\/wp-json\/wp\/v2\/media\/1090"}],"wp:attachment":[{"href":"https:\/\/www.iglan.net\/de\/wp-json\/wp\/v2\/media?parent=1088"}],"wp:term":[{"taxonomy":"product_brand","embeddable":true,"href":"https:\/\/www.iglan.net\/de\/wp-json\/wp\/v2\/product_brand?post=1088"},{"taxonomy":"product_cat","embeddable":true,"href":"https:\/\/www.iglan.net\/de\/wp-json\/wp\/v2\/product_cat?post=1088"},{"taxonomy":"product_tag","embeddable":true,"href":"https:\/\/www.iglan.net\/de\/wp-json\/wp\/v2\/product_tag?post=1088"}],"curies":[{"name":"wp","href":"https:\/\/api.w.org\/{rel}","templated":true}]}}