{"id":1082,"date":"2020-02-22T00:20:05","date_gmt":"2020-02-22T08:20:05","guid":{"rendered":"https:\/\/www.iglan.net\/?post_type=product&#038;p=1082"},"modified":"2022-03-24T00:41:36","modified_gmt":"2022-03-24T07:41:36","slug":"nanpao-906-adhesive-ab-glue","status":"publish","type":"product","link":"https:\/\/www.iglan.net\/de\/produkt\/nanpao-906-adhesive-ab-glue\/","title":{"rendered":"Nanpao Harzklebstoff AB Kleber f\u00fcr Gleitf\u00fchrung Soft Tape"},"content":{"rendered":"<p><strong>ANWENDUNGEN<\/strong><\/p>\n<p>Der hochleistungsf\u00e4hige, hochtemperaturbest\u00e4ndige Klebstoff Taiwan Nanbao 906 ist ein Zweikomponenten-Epoxidharzklebstoff. Er wird f\u00fcr die Verklebung von verschiedenen Materialien wie Metall, Keramik, Stein, Glas, Holz, Bambus, Zement, Gummi usw. verwendet. Alle Arten von Maschinen, Werkzeugen, elektronischen Teilen und Sportger\u00e4ten, etc. Dekoration, Kunsthandwerk, Herstellung und Reparatur von Haushaltswaren.<\/p>\n<p><strong>FEATURES<\/strong><\/p>\n<p>1. Das Mittel ist eine Reihe von starken Klebstoff von Epoxidharz mit guter Haftung, starke Z\u00e4higkeit und Schlagz\u00e4higkeit nach dem H\u00e4rten;<\/p>\n<p>2. Es kann f\u00fcr etwa 1-1,5 Stunden verwendet werden, mit guter Bedienbarkeit und einfache Bedienbarkeit, und ist geeignet f\u00fcr gro\u00dfe Fl\u00e4che Follow-up.<\/p>\n<p>3. Temperatur und hohe Temperaturbest\u00e4ndigkeit bis zu 280 \u2103.<\/p>","protected":false},"excerpt":{"rendered":"<p class=\"detail-desc-decorate-content\" data-spm-anchor-id=\"a2g0o.detail.1000023.i3.6d35461ffjuCRT\">1. Das Mittel ist eine Reihe von starken Klebstoff von Epoxidharz mit guter Haftung, starke Z\u00e4higkeit und Schlagz\u00e4higkeit nach dem H\u00e4rten. 2. Es kann f\u00fcr etwa 1-1,5 Stunden verwendet werden, mit guter Bedienbarkeit und einfache Bedienbarkeit, und ist geeignet f\u00fcr gro\u00dfe Fl\u00e4che Follow-up. 3. Temperatur und hohe Temperaturbest\u00e4ndigkeit bis zu 280 \u2103.<\/p>","protected":false},"featured_media":1084,"template":"","meta":[],"product_brand":[],"product_cat":[52],"product_tag":[114,112,113],"class_list":{"0":"post-1082","1":"product","2":"type-product","3":"status-publish","4":"has-post-thumbnail","6":"product_cat-turcite-b-tape-and-adhesive","7":"product_tag-ab-glue","8":"product_tag-adhesive","9":"product_tag-glue","11":"first","12":"instock","13":"shipping-taxable","14":"product-type-external"},"_links":{"self":[{"href":"https:\/\/www.iglan.net\/de\/wp-json\/wp\/v2\/product\/1082","targetHints":{"allow":["GET"]}}],"collection":[{"href":"https:\/\/www.iglan.net\/de\/wp-json\/wp\/v2\/product"}],"about":[{"href":"https:\/\/www.iglan.net\/de\/wp-json\/wp\/v2\/types\/product"}],"wp:featuredmedia":[{"embeddable":true,"href":"https:\/\/www.iglan.net\/de\/wp-json\/wp\/v2\/media\/1084"}],"wp:attachment":[{"href":"https:\/\/www.iglan.net\/de\/wp-json\/wp\/v2\/media?parent=1082"}],"wp:term":[{"taxonomy":"product_brand","embeddable":true,"href":"https:\/\/www.iglan.net\/de\/wp-json\/wp\/v2\/product_brand?post=1082"},{"taxonomy":"product_cat","embeddable":true,"href":"https:\/\/www.iglan.net\/de\/wp-json\/wp\/v2\/product_cat?post=1082"},{"taxonomy":"product_tag","embeddable":true,"href":"https:\/\/www.iglan.net\/de\/wp-json\/wp\/v2\/product_tag?post=1082"}],"curies":[{"name":"wp","href":"https:\/\/api.w.org\/{rel}","templated":true}]}}