{"id":2324,"date":"2022-03-15T00:42:49","date_gmt":"2022-03-15T07:42:49","guid":{"rendered":"https:\/\/www.aceopus.com\/?page_id=2324"},"modified":"2022-08-26T14:50:43","modified_gmt":"2022-08-26T21:50:43","slug":"our-disclaimer","status":"publish","type":"page","link":"https:\/\/www.iglan.net\/de\/privacy-policy\/our-disclaimer\/","title":{"rendered":"Unser Haftungsausschluss"},"content":{"rendered":"<section class=\"section\" id=\"section_85927952\">\n\t\t<div class=\"section-bg fill\" >\n\t\t\t<img decoding=\"async\" width=\"1920\" height=\"500\" src=\"https:\/\/www.iglan.net\/wp-content\/uploads\/2022\/08\/POLICY-BG.jpg\" class=\"bg attachment-original size-original\" alt=\"\" \/>\t\t\t\t\t\t<div class=\"section-bg-overlay absolute fill\"><\/div>\n\t\t\t\n\n\t\t<\/div>\n\n\t\t\n\n\t\t<div class=\"section-content relative\">\n\t\t\t\n\n<div class=\"row\"  id=\"row-1007430180\">\n\n\n\t<div id=\"col-73399652\" class=\"col hide-for-small medium-2 small-12 large-2\"  >\n\t\t\t\t<div class=\"col-inner\"  >\n\t\t\t\n\t\t\t\n\n\n\t\t<\/div>\n\t\t\t\t\t<\/div>\n\n\t\n\n\t<div id=\"col-1735156927\" class=\"col medium-8 small-12 large-8\"  >\n\t\t\t\t<div class=\"col-inner dark\" style=\"background-color:#485a64;\" >\n\t\t\t\n\t\t\t\n\n\t<div id=\"text-3185853813\" class=\"text\">\n\t\t\n\n<p>Bitte beachten Sie, dass rechtliche Informationen, einschlie\u00dflich rechtlicher Vorlagen und rechtlicher Richtlinien, keine Rechtsberatung darstellen. Die auf dieser Website zur Verf\u00fcgung gestellten Informationen stellen keine Rechtsberatung dar, sie sind kein Anwaltsvermittlungsdienst, und durch die Nutzung der Website wird kein Anwalt-Mandanten-Verh\u00e4ltnis oder eine vertrauliche Beziehung begr\u00fcndet.Die Vervielf\u00e4ltigung, Verteilung, Anzeige oder \u00dcbertragung des Inhalts ist strengstens untersagt, es sei denn, sie wurde von IGLAN genehmigt. <\/p>\n\t\t\n<style>\n#text-3185853813 {\n  color: rgb(255, 255, 255);\n}\n#text-3185853813 > * {\n  color: rgb(255, 255, 255);\n}\n<\/style>\n\t<\/div>\n\t\n\n\t\t<\/div>\n\t\t\t\t\n<style>\n#col-1735156927 > .col-inner {\n  padding: 30px 20px 30px 20px;\n}\n<\/style>\n\t<\/div>\n\n\t\n\n\t<div id=\"col-1540331530\" class=\"col hide-for-small medium-2 small-12 large-2\"  >\n\t\t\t\t<div class=\"col-inner\"  >\n\t\t\t\n\t\t\t\n\n\n\t\t<\/div>\n\t\t\t\t\t<\/div>\n\n\t\n\n<\/div>\n\n\t\t<\/div>\n\n\t\t\n<style>\n#section_85927952 {\n  padding-top: 90px;\n  padding-bottom: 90px;\n}\n#section_85927952 .section-bg-overlay {\n  background-color: rgba(0, 0, 0, 0.2);\n}\n@media (min-width:550px) {\n  #section_85927952 {\n    padding-top: 110px;\n    padding-bottom: 110px;\n  }\n}\n<\/style>\n\t<\/section>\n\t\n\n\t<section class=\"section\" id=\"section_899809325\">\n\t\t<div class=\"section-bg fill\" >\n\t\t\t\t\t\t\t\t\t\n\t\t\t\n\n\t\t<\/div>\n\n\t\t\n\n\t\t<div class=\"section-content relative\">\n\t\t\t\n\n<div class=\"row\"  id=\"row-1423832672\">\n\n\n\t<div id=\"col-1594754771\" class=\"col small-12 large-12\"  >\n\t\t\t\t<div class=\"col-inner\"  >\n\t\t\t\n\t\t\t\n\n\n  \n    <div id=\"pages-1650235150\" class=\"row large-columns-4 medium-columns-2 small-columns-2 row-large has-shadow row-box-shadow-3-hover row-masonry\" data-packery-options='{\"itemSelector\": \".col\", \"gutter\": 0, \"presentageWidth\" : true}'>\n\n  <div class=\"page-col col\" >\n          <div class=\"col-inner\" >\n          <a class=\"block plain\" href=\"https:\/\/www.iglan.net\/de\/privacy-policy\/our-privacy-policy\/\" title=\"Unsere Datenschutzrichtlinie\" target=\"\">\n            <div class=\"page-box box has-hover box-overlay dark box-text-middle\">\n                  <div class=\"box-image\" >\n                      <div class=\"box-image\" >\n                      <img decoding=\"async\" width=\"100\" height=\"25\" src=\"https:\/\/www.iglan.net\/wp-content\/uploads\/2022\/03\/10025.jpg\" class=\"attachment-medium size-medium\" alt=\"\" \/>                      <\/div>\n                      <div class=\"overlay\" style=\"background-color: rgb(15, 88, 214)\"><\/div>                                        <\/div>\n                  <div class=\"box-text text-center\" style=\"padding:0 0px 0px 0px;\">\n                        <div class=\"box-text-inner\">\n                            <p>Unsere Datenschutzrichtlinie<\/p>\n                        <\/div>\n                  <\/div>\n              <\/div>\n            <\/a>\n            <\/div>\n          <\/div><div class=\"page-col col\" >\n          <div class=\"col-inner\" >\n          <a class=\"block plain\" href=\"https:\/\/www.iglan.net\/de\/privacy-policy\/our-cookies-policy\/\" title=\"Unsere Cookies-Politik\" target=\"\">\n            <div class=\"page-box box has-hover box-overlay dark box-text-middle\">\n                  <div class=\"box-image\" >\n                      <div class=\"box-image\" >\n                      <img decoding=\"async\" width=\"100\" height=\"25\" src=\"https:\/\/www.iglan.net\/wp-content\/uploads\/2022\/03\/10025.jpg\" class=\"attachment-medium size-medium\" alt=\"\" \/>                      <\/div>\n                      <div class=\"overlay\" style=\"background-color: rgb(15, 88, 214)\"><\/div>                                        <\/div>\n                  <div class=\"box-text text-center\" style=\"padding:0 0px 0px 0px;\">\n                        <div class=\"box-text-inner\">\n                            <p>Unsere Cookies-Politik<\/p>\n                        <\/div>\n                  <\/div>\n              <\/div>\n            <\/a>\n            <\/div>\n          <\/div><div class=\"page-col col\" >\n          <div class=\"col-inner\" >\n          <a class=\"block plain\" href=\"https:\/\/www.iglan.net\/de\/privacy-policy\/our-terms-of-use\/\" title=\"Unsere Nutzungsbedingungen\" target=\"\">\n            <div class=\"page-box box has-hover box-overlay dark box-text-middle\">\n                  <div class=\"box-image\" >\n                      <div class=\"box-image\" >\n                      <img decoding=\"async\" width=\"100\" height=\"25\" src=\"https:\/\/www.iglan.net\/wp-content\/uploads\/2022\/03\/10025.jpg\" class=\"attachment-medium size-medium\" alt=\"\" \/>                      <\/div>\n                      <div class=\"overlay\" style=\"background-color: rgb(15, 88, 214)\"><\/div>                                        <\/div>\n                  <div class=\"box-text text-center\" style=\"padding:0 0px 0px 0px;\">\n                        <div class=\"box-text-inner\">\n                            <p>Unsere Nutzungsbedingungen<\/p>\n                        <\/div>\n                  <\/div>\n              <\/div>\n            <\/a>\n            <\/div>\n          <\/div><div class=\"page-col col\" >\n          <div class=\"col-inner\" >\n          <a class=\"block plain\" href=\"https:\/\/www.iglan.net\/de\/privacy-policy\/our-disclaimer\/\" title=\"Unser Haftungsausschluss\" target=\"\">\n            <div class=\"page-box box has-hover box-overlay dark box-text-middle\">\n                  <div class=\"box-image\" >\n                      <div class=\"box-image\" >\n                      <img decoding=\"async\" width=\"100\" height=\"25\" src=\"https:\/\/www.iglan.net\/wp-content\/uploads\/2022\/03\/10025.jpg\" class=\"attachment-medium size-medium\" alt=\"\" \/>                      <\/div>\n                      <div class=\"overlay\" style=\"background-color: rgb(15, 88, 214)\"><\/div>                                        <\/div>\n                  <div class=\"box-text text-center\" style=\"padding:0 0px 0px 0px;\">\n                        <div class=\"box-text-inner\">\n                            <p>Unser Haftungsausschluss<\/p>\n                        <\/div>\n                  <\/div>\n              <\/div>\n            <\/a>\n            <\/div>\n          <\/div><\/div>\n\n\n\t\t<\/div>\n\t\t\t\t\n<style>\n#col-1594754771 > .col-inner {\n  margin: 0px 0px -60px 0px;\n}\n<\/style>\n\t<\/div>\n\n\t\n\n<\/div>\n\n\t\t<\/div>\n\n\t\t\n<style>\n#section_899809325 {\n  padding-top: 50px;\n  padding-bottom: 50px;\n  background-color: rgb(234, 234, 234);\n}\n<\/style>\n\t<\/section>\n\t\n\n\t<section class=\"section\" id=\"section_1320142926\">\n\t\t<div class=\"section-bg fill\" >\n\t\t\t\t\t\t\t\t\t\n\t\t\t\n\n\t\t<\/div>\n\n\t\t\n\n\t\t<div class=\"section-content relative\">\n\t\t\t\n\n<div class=\"row\"  id=\"row-1165930258\">\n\n\n\t<div id=\"col-2064212091\" class=\"col small-12 large-12\"  >\n\t\t\t\t<div class=\"col-inner\"  >\n\t\t\t\n\t\t\t\n\n<h1>Haftungsausschluss<\/h1>\n<p>Zuletzt aktualisiert: M\u00e4rz 23, 2022<\/p>\n<h1>Auslegung und Definitionen<\/h1>\n<h2>Auslegung<\/h2>\n<p>Die W\u00f6rter, deren Anfangsbuchstaben gro\u00df geschrieben werden, haben die unter den folgenden Bedingungen definierten Bedeutungen.<br \/>Die folgenden Definitionen haben dieselbe Bedeutung, unabh\u00e4ngig davon, ob sie im Singular oder im Plural stehen.<\/p>\n<h2>Definitionen<\/h2>\n<p>F\u00fcr die Zwecke dieses Haftungsausschlusses:<\/p>\n<ul>\n<li><strong>Unternehmen<\/strong> (in diesem Haftungsausschluss entweder als \"das Unternehmen\", \"wir\", \"uns\" oder \"unser\" bezeichnet) bezieht sich auf Dongguan IGLAN Machinery Co., Ltd, 28 Yinshan Rd, Nancheng Street, Dongguan 523000.<\/li>\n<li><strong>Dienst<\/strong> bezieht sich auf die Website.<\/li>\n<li><strong>Sie<\/strong> bezeichnet die Person, die auf den Dienst zugreift, bzw. das Unternehmen oder eine andere juristische Person, in deren Namen eine solche Person auf den Dienst zugreift oder ihn nutzt.<\/li>\n<li><strong>Website<\/strong> bezieht sich auf IGLAN LUBE, erreichbar \u00fcber <a href=\"https:\/\/www.iglan.net\/\" target=\"_blank\" rel=\"external nofollow noopener\">https:\/\/www.iglan.net\/<\/a><\/li>\n<\/ul>\n<h1>Haftungsausschluss<\/h1>\n<p>Die in dem Dienst enthaltenen Informationen dienen lediglich der allgemeinen Information.<\/p>\n<p>Das Unternehmen \u00fcbernimmt keine Verantwortung f\u00fcr Fehler oder Auslassungen in den Inhalten des Dienstes.<\/p>\n<p>In keinem Fall haftet das Unternehmen f\u00fcr besondere, direkte, indirekte oder zuf\u00e4llige Sch\u00e4den oder Sch\u00e4den jeglicher Art, sei es durch Vertrag, Fahrl\u00e4ssigkeit oder andere unerlaubte Handlungen, die aus oder in Verbindung mit der Nutzung des Dienstes oder der Inhalte des Dienstes entstehen. Das Unternehmen beh\u00e4lt sich das Recht vor, den Inhalt des Dienstes jederzeit und ohne vorherige Ank\u00fcndigung zu erg\u00e4nzen, zu l\u00f6schen oder zu \u00e4ndern.\u00a0<\/p>\n<p>Das Unternehmen garantiert nicht, dass der Dienst frei von Viren oder anderen sch\u00e4dlichen Komponenten ist.<\/p>\n<h1>Externe Links Haftungsausschluss<\/h1>\n<p>Der Dienst kann Links zu externen Websites enthalten, die nicht vom Unternehmen bereitgestellt oder gepflegt werden oder in irgendeiner Weise mit ihm verbunden sind.<\/p>\n<p>Bitte beachten Sie, dass das Unternehmen keine Garantie f\u00fcr die Richtigkeit, Relevanz, Aktualit\u00e4t oder Vollst\u00e4ndigkeit der Informationen auf diesen externen Websites \u00fcbernimmt.<\/p>\n<h1>Haftungsausschluss f\u00fcr Fehler und Auslassungen<\/h1>\n<p>Die Informationen des Dienstes dienen lediglich der allgemeinen Orientierung in Fragen von Interesse. Auch wenn das Unternehmen alle Vorsichtsma\u00dfnahmen ergreift, um sicherzustellen, dass der Inhalt des Dienstes sowohl aktuell als auch korrekt ist, k\u00f6nnen Fehler auftreten. Au\u00dferdem kann es angesichts der sich \u00e4ndernden Gesetze, Regeln und Vorschriften zu Verz\u00f6gerungen, Auslassungen oder Ungenauigkeiten bei den im Dienst enthaltenen Informationen kommen.<\/p>\n<p>Das Unternehmen haftet nicht f\u00fcr etwaige Fehler oder Auslassungen oder f\u00fcr die Ergebnisse, die sich aus der Verwendung dieser Informationen ergeben.<\/p>\n<h1>Haftungsausschluss f\u00fcr faire Nutzung<\/h1>\n<p>Das Unternehmen kann urheberrechtlich gesch\u00fctztes Material verwenden, das nicht immer ausdr\u00fccklich vom Urheberrechtsinhaber genehmigt wurde. Das Unternehmen stellt solches Material f\u00fcr Kritik, Kommentare, Nachrichtenberichterstattung, Lehre, Wissenschaft oder Forschung zur Verf\u00fcgung.<\/p>\n<p>Das Unternehmen ist der Ansicht, dass dies eine \"faire Nutzung\" des urheberrechtlich gesch\u00fctzten Materials im Sinne von Abschnitt 107 des US-Urheberrechtsgesetzes darstellt.<\/p>\n<p>Wenn Sie urheberrechtlich gesch\u00fctztes Material aus dem Dienst f\u00fcr Ihre eigenen Zwecke verwenden m\u00f6chten, die \u00fcber eine angemessene Nutzung hinausgehen, m\u00fcssen Sie die Erlaubnis des Urheberrechtsinhabers einholen.<\/p>\n<h1>Erkl\u00e4rte Ansichten Haftungsausschluss<\/h1>\n<p>Der Dienst kann Ansichten und Meinungen enthalten, die von den Autoren stammen und nicht notwendigerweise die offizielle Politik oder Position eines anderen Autors, einer Agentur, einer Organisation, eines Arbeitgebers oder eines Unternehmens, einschlie\u00dflich des Unternehmens, wiedergeben.<\/p>\n<p>Die von den Nutzern ver\u00f6ffentlichten Kommentare liegen in deren alleiniger Verantwortung, und die Nutzer \u00fcbernehmen die volle Verantwortung, Haftung und Schuld f\u00fcr Verleumdungen oder Rechtsstreitigkeiten, die sich aus etwas ergeben, das in einem Kommentar geschrieben wurde, oder als direkte Folge von etwas, das in einem Kommentar geschrieben wurde. Das Unternehmen haftet nicht f\u00fcr Kommentare, die von Nutzern ver\u00f6ffentlicht werden, und beh\u00e4lt sich das Recht vor, jeden Kommentar aus beliebigen Gr\u00fcnden zu l\u00f6schen.<\/p>\n<h1>Keine Verantwortung Haftungsausschluss<\/h1>\n<p>Die Informationen des Dienstes werden unter der Voraussetzung zur Verf\u00fcgung gestellt, dass das Unternehmen hier keine rechtlichen, buchhalterischen, steuerlichen oder sonstigen professionellen Beratungen und Dienstleistungen anbietet. Sie sollten daher nicht als Ersatz f\u00fcr eine Beratung durch professionelle Buchhaltungs-, Steuer-, Rechts- oder andere kompetente Berater verwendet werden.<\/p>\n<p>In keinem Fall haften das Unternehmen oder seine Lieferanten f\u00fcr besondere, zuf\u00e4llige, indirekte oder Folgesch\u00e4den, die sich aus oder in Verbindung mit Ihrem Zugang oder Ihrer Nutzung oder der Unm\u00f6glichkeit des Zugangs oder der Nutzung des Dienstes ergeben.<\/p>\n<h1>\"Benutzung auf eigene Gefahr\" Haftungsausschluss<\/h1>\n<p>Alle Informationen des Dienstes werden im Ist-Zustand zur Verf\u00fcgung gestellt, ohne Garantie auf Vollst\u00e4ndigkeit, Genauigkeit, Aktualit\u00e4t oder auf die Ergebnisse, die durch die Nutzung dieser Informationen erzielt werden, und ohne jegliche ausdr\u00fcckliche oder stillschweigende Garantie, einschlie\u00dflich, aber nicht beschr\u00e4nkt auf Garantien f\u00fcr Leistung, Marktg\u00e4ngigkeit und Eignung f\u00fcr einen bestimmten Zweck.<\/p>\n<p>Das Unternehmen haftet weder Ihnen noch anderen gegen\u00fcber f\u00fcr Entscheidungen oder Handlungen, die im Vertrauen auf die Informationen des Dienstes getroffen wurden, noch f\u00fcr Folgesch\u00e4den, besondere oder \u00e4hnliche Sch\u00e4den, selbst wenn auf die M\u00f6glichkeit solcher Sch\u00e4den hingewiesen wurde.<\/p>\n<h1>Kontakt<\/h1>\n<p>Wenn Sie Fragen zu diesem Haftungsausschluss haben, k\u00f6nnen Sie uns kontaktieren:<\/p>\n<ul>\n<li>Durch den Besuch dieser Seite auf unserer Website: <a href=\"https:\/\/www.iglan.net\/contact\/\" target=\"_blank\" rel=\"external nofollow noopener\">https:\/\/www.iglan.net\/contact\/<\/a><\/li>\n<\/ul>\n\n\t\t<\/div>\n\t\t\t\t\t<\/div>\n\n\t\n\n<\/div>\n\n\t\t<\/div>\n\n\t\t\n<style>\n#section_1320142926 {\n  padding-top: 50px;\n  padding-bottom: 50px;\n}\n<\/style>\n\t<\/section>","protected":false},"excerpt":{"rendered":"","protected":false},"author":1,"featured_media":2041,"parent":2317,"menu_order":4,"comment_status":"closed","ping_status":"closed","template":"page-blank.php","meta":{"footnotes":""},"class_list":["post-2324","page","type-page","status-publish","has-post-thumbnail","hentry"],"_links":{"self":[{"href":"https:\/\/www.iglan.net\/de\/wp-json\/wp\/v2\/pages\/2324","targetHints":{"allow":["GET"]}}],"collection":[{"href":"https:\/\/www.iglan.net\/de\/wp-json\/wp\/v2\/pages"}],"about":[{"href":"https:\/\/www.iglan.net\/de\/wp-json\/wp\/v2\/types\/page"}],"author":[{"embeddable":true,"href":"https:\/\/www.iglan.net\/de\/wp-json\/wp\/v2\/users\/1"}],"replies":[{"embeddable":true,"href":"https:\/\/www.iglan.net\/de\/wp-json\/wp\/v2\/comments?post=2324"}],"version-history":[{"count":0,"href":"https:\/\/www.iglan.net\/de\/wp-json\/wp\/v2\/pages\/2324\/revisions"}],"up":[{"embeddable":true,"href":"https:\/\/www.iglan.net\/de\/wp-json\/wp\/v2\/pages\/2317"}],"wp:featuredmedia":[{"embeddable":true,"href":"https:\/\/www.iglan.net\/de\/wp-json\/wp\/v2\/media\/2041"}],"wp:attachment":[{"href":"https:\/\/www.iglan.net\/de\/wp-json\/wp\/v2\/media?parent=2324"}],"curies":[{"name":"wp","href":"https:\/\/api.w.org\/{rel}","templated":true}]}}