{"id":2322,"date":"2022-03-15T00:42:43","date_gmt":"2022-03-15T07:42:43","guid":{"rendered":"https:\/\/www.aceopus.com\/?page_id=2322"},"modified":"2022-03-22T23:45:55","modified_gmt":"2022-03-23T06:45:55","slug":"our-cookies-policy","status":"publish","type":"page","link":"https:\/\/www.iglan.net\/de\/privacy-policy\/our-cookies-policy\/","title":{"rendered":"Unsere Cookies-Politik"},"content":{"rendered":"<section class=\"section\" id=\"section_740581677\">\n\t\t<div class=\"section-bg fill\" >\n\t\t\t<img decoding=\"async\" width=\"1920\" height=\"500\" src=\"https:\/\/www.iglan.net\/wp-content\/uploads\/2022\/03\/about-bg.jpg\" class=\"bg attachment-original size-original\" alt=\"about-bg\" \/>\t\t\t\t\t\t<div class=\"section-bg-overlay absolute fill\"><\/div>\n\t\t\t\n\n\t\t<\/div>\n\n\t\t\n\n\t\t<div class=\"section-content relative\">\n\t\t\t\n\n<div class=\"row\"  id=\"row-1501577088\">\n\n\n\t<div id=\"col-1605745520\" class=\"col hide-for-small medium-2 small-12 large-2\"  >\n\t\t\t\t<div class=\"col-inner\"  >\n\t\t\t\n\t\t\t\n\n\n\t\t<\/div>\n\t\t\t\t\t<\/div>\n\n\t\n\n\t<div id=\"col-787936205\" class=\"col medium-8 small-12 large-8\"  >\n\t\t\t\t<div class=\"col-inner dark\" style=\"background-color:#485a64;\" >\n\t\t\t\n\t\t\t\n\n\t<div id=\"text-3912198168\" class=\"text\">\n\t\t\n\n<p>Bitte beachten Sie, dass rechtliche Informationen, einschlie\u00dflich rechtlicher Vorlagen und rechtlicher Richtlinien, keine Rechtsberatung darstellen. Die auf dieser Website zur Verf\u00fcgung gestellten Informationen stellen keine Rechtsberatung dar, sie sind kein Anwaltsvermittlungsdienst, und durch die Nutzung der Website wird kein Anwalt-Mandanten-Verh\u00e4ltnis oder eine vertrauliche Beziehung begr\u00fcndet.Die Vervielf\u00e4ltigung, Verteilung, Anzeige oder \u00dcbertragung des Inhalts ist strengstens untersagt, es sei denn, sie wurde von IGLAN genehmigt. <\/p>\n\t\t\n<style>\n#text-3912198168 {\n  color: rgb(255, 255, 255);\n}\n#text-3912198168 > * {\n  color: rgb(255, 255, 255);\n}\n<\/style>\n\t<\/div>\n\t\n\n\t\t<\/div>\n\t\t\t\t\n<style>\n#col-787936205 > .col-inner {\n  padding: 30px 20px 30px 20px;\n}\n<\/style>\n\t<\/div>\n\n\t\n\n\t<div id=\"col-1970387076\" class=\"col hide-for-small medium-2 small-12 large-2\"  >\n\t\t\t\t<div class=\"col-inner\"  >\n\t\t\t\n\t\t\t\n\n\n\t\t<\/div>\n\t\t\t\t\t<\/div>\n\n\t\n\n<\/div>\n\n\t\t<\/div>\n\n\t\t\n<style>\n#section_740581677 {\n  padding-top: 90px;\n  padding-bottom: 90px;\n}\n#section_740581677 .section-bg-overlay {\n  background-color: rgba(0, 0, 0, 0.4);\n}\n@media (min-width:550px) {\n  #section_740581677 {\n    padding-top: 110px;\n    padding-bottom: 110px;\n  }\n}\n<\/style>\n\t<\/section>\n\t\n\n\t<section class=\"section\" id=\"section_1260963921\">\n\t\t<div class=\"section-bg fill\" >\n\t\t\t\t\t\t\t\t\t\n\t\t\t\n\n\t\t<\/div>\n\n\t\t\n\n\t\t<div class=\"section-content relative\">\n\t\t\t\n\n<div class=\"row\"  id=\"row-945712489\">\n\n\n\t<div id=\"col-1235296679\" class=\"col small-12 large-12\"  >\n\t\t\t\t<div class=\"col-inner\"  >\n\t\t\t\n\t\t\t\n\n\n  \n    <div id=\"pages-692232383\" class=\"row large-columns-4 medium-columns-2 small-columns-2 row-large has-shadow row-box-shadow-3-hover row-masonry\" data-packery-options='{\"itemSelector\": \".col\", \"gutter\": 0, \"presentageWidth\" : true}'>\n\n  <div class=\"page-col col\" >\n          <div class=\"col-inner\" >\n          <a class=\"block plain\" href=\"https:\/\/www.iglan.net\/de\/privacy-policy\/our-privacy-policy\/\" title=\"Unsere Datenschutzrichtlinie\" target=\"\">\n            <div class=\"page-box box has-hover box-overlay dark box-text-middle\">\n                  <div class=\"box-image\" >\n                      <div class=\"box-image\" >\n                      <img decoding=\"async\" width=\"100\" height=\"25\" src=\"https:\/\/www.iglan.net\/wp-content\/uploads\/2022\/03\/10025.jpg\" class=\"attachment-medium size-medium\" alt=\"\" \/>                      <\/div>\n                      <div class=\"overlay\" style=\"background-color: rgb(15, 88, 214)\"><\/div>                                        <\/div>\n                  <div class=\"box-text text-center\" style=\"padding:0 0px 0px 0px;\">\n                        <div class=\"box-text-inner\">\n                            <p>Unsere Datenschutzrichtlinie<\/p>\n                        <\/div>\n                  <\/div>\n              <\/div>\n            <\/a>\n            <\/div>\n          <\/div><div class=\"page-col col\" >\n          <div class=\"col-inner\" >\n          <a class=\"block plain\" href=\"https:\/\/www.iglan.net\/de\/privacy-policy\/our-cookies-policy\/\" title=\"Unsere Cookies-Politik\" target=\"\">\n            <div class=\"page-box box has-hover box-overlay dark box-text-middle\">\n                  <div class=\"box-image\" >\n                      <div class=\"box-image\" >\n                      <img decoding=\"async\" width=\"100\" height=\"25\" src=\"https:\/\/www.iglan.net\/wp-content\/uploads\/2022\/03\/10025.jpg\" class=\"attachment-medium size-medium\" alt=\"\" \/>                      <\/div>\n                      <div class=\"overlay\" style=\"background-color: rgb(15, 88, 214)\"><\/div>                                        <\/div>\n                  <div class=\"box-text text-center\" style=\"padding:0 0px 0px 0px;\">\n                        <div class=\"box-text-inner\">\n                            <p>Unsere Cookies-Politik<\/p>\n                        <\/div>\n                  <\/div>\n              <\/div>\n            <\/a>\n            <\/div>\n          <\/div><div class=\"page-col col\" >\n          <div class=\"col-inner\" >\n          <a class=\"block plain\" href=\"https:\/\/www.iglan.net\/de\/privacy-policy\/our-terms-of-use\/\" title=\"Unsere Nutzungsbedingungen\" target=\"\">\n            <div class=\"page-box box has-hover box-overlay dark box-text-middle\">\n                  <div class=\"box-image\" >\n                      <div class=\"box-image\" >\n                      <img decoding=\"async\" width=\"100\" height=\"25\" src=\"https:\/\/www.iglan.net\/wp-content\/uploads\/2022\/03\/10025.jpg\" class=\"attachment-medium size-medium\" alt=\"\" \/>                      <\/div>\n                      <div class=\"overlay\" style=\"background-color: rgb(15, 88, 214)\"><\/div>                                        <\/div>\n                  <div class=\"box-text text-center\" style=\"padding:0 0px 0px 0px;\">\n                        <div class=\"box-text-inner\">\n                            <p>Unsere Nutzungsbedingungen<\/p>\n                        <\/div>\n                  <\/div>\n              <\/div>\n            <\/a>\n            <\/div>\n          <\/div><div class=\"page-col col\" >\n          <div class=\"col-inner\" >\n          <a class=\"block plain\" href=\"https:\/\/www.iglan.net\/de\/privacy-policy\/our-disclaimer\/\" title=\"Unser Haftungsausschluss\" target=\"\">\n            <div class=\"page-box box has-hover box-overlay dark box-text-middle\">\n                  <div class=\"box-image\" >\n                      <div class=\"box-image\" >\n                      <img decoding=\"async\" width=\"100\" height=\"25\" src=\"https:\/\/www.iglan.net\/wp-content\/uploads\/2022\/03\/10025.jpg\" class=\"attachment-medium size-medium\" alt=\"\" \/>                      <\/div>\n                      <div class=\"overlay\" style=\"background-color: rgb(15, 88, 214)\"><\/div>                                        <\/div>\n                  <div class=\"box-text text-center\" style=\"padding:0 0px 0px 0px;\">\n                        <div class=\"box-text-inner\">\n                            <p>Unser Haftungsausschluss<\/p>\n                        <\/div>\n                  <\/div>\n              <\/div>\n            <\/a>\n            <\/div>\n          <\/div><\/div>\n\n\n\t\t<\/div>\n\t\t\t\t\n<style>\n#col-1235296679 > .col-inner {\n  margin: 0px 0px -60px 0px;\n}\n<\/style>\n\t<\/div>\n\n\t\n\n<\/div>\n\n\t\t<\/div>\n\n\t\t\n<style>\n#section_1260963921 {\n  padding-top: 50px;\n  padding-bottom: 50px;\n  background-color: rgb(234, 234, 234);\n}\n<\/style>\n\t<\/section>\n\t\n\n\t<section class=\"section\" id=\"section_1975941292\">\n\t\t<div class=\"section-bg fill\" >\n\t\t\t\t\t\t\t\t\t\n\t\t\t\n\n\t\t<\/div>\n\n\t\t\n\n\t\t<div class=\"section-content relative\">\n\t\t\t\n\n<div class=\"row\"  id=\"row-675590512\">\n\n\n\t<div id=\"col-1137513824\" class=\"col small-12 large-12\"  >\n\t\t\t\t<div class=\"col-inner\"  >\n\t\t\t\n\t\t\t\n\n<h1>Cookies-Politik<\/h1>\n<p>Zuletzt aktualisiert: M\u00e4rz 23, 2022<\/p>\n<p>Diese Cookie-Richtlinie erkl\u00e4rt, was Cookies sind und wie wir sie verwenden. Sie sollten diese Richtlinie lesen, damit Sie verstehen, welche Art von Cookies wir verwenden oder welche Informationen wir mit Cookies sammeln und wie diese Informationen verwendet werden.<\/p>\n<p>Cookies enthalten in der Regel keine Informationen, die einen Benutzer pers\u00f6nlich identifizieren, aber pers\u00f6nliche Informationen, die wir \u00fcber Sie speichern, k\u00f6nnen mit den in Cookies gespeicherten und von ihnen erhaltenen Informationen verkn\u00fcpft werden. Weitere Informationen dar\u00fcber, wie wir Ihre pers\u00f6nlichen Daten verwenden, speichern und sicher aufbewahren, finden Sie in unserer Datenschutzrichtlinie.<\/p>\n<p>Wir speichern keine sensiblen pers\u00f6nlichen Daten, wie Postadressen, Kontopassw\u00f6rter usw. in den von uns verwendeten Cookies.<\/p>\n<h1>Auslegung und Definitionen<\/h1>\n<h2>Auslegung<\/h2>\n<p>Die W\u00f6rter, deren Anfangsbuchstaben gro\u00df geschrieben sind, haben die unter den nachstehenden Bedingungen definierte Bedeutung. Die folgenden Definitionen haben dieselbe Bedeutung, unabh\u00e4ngig davon, ob sie im Singular oder im Plural stehen.<\/p>\n<h2>Definitionen<\/h2>\n<p>F\u00fcr die Zwecke dieser Cookie-Richtlinie:<\/p>\n<ul>\n<li><strong>Unternehmen<\/strong> (in dieser Cookie-Richtlinie entweder als \"das Unternehmen\", \"wir\", \"uns\" oder \"unser\" bezeichnet) bezieht sich auf Dongguan IGLAN Machinery Co., Ltd, 28 Yinshan Rd, Nancheng Street, Dongguan 523000.<\/li>\n<li><strong>Cookies<\/strong> sind kleine Dateien, die von einer Website auf Ihrem Computer, Ihrem Mobilger\u00e4t oder einem anderen Ger\u00e4t gespeichert werden und u. a. Angaben zu Ihrem Surfverhalten auf dieser Website enthalten.<\/li>\n<li><strong>Website<\/strong> bezieht sich auf IGLAN LUBE, erreichbar \u00fcber <a href=\"https:\/\/www.iglan.net\/contact\/\" target=\"_blank\" rel=\"external nofollow noopener\">https:\/\/www.iglan.net\/contact\/<\/a><\/li>\n<li><strong>Sie<\/strong> bezeichnet die Einzelperson, die auf die Website zugreift oder sie nutzt, oder ein Unternehmen oder eine juristische Person, in deren Namen eine solche Einzelperson auf die Website zugreift oder sie nutzt, je nach Fall.<\/li>\n<\/ul>\n<h1>Die Verwendung von Cookies<\/h1>\n<h2>Art der von uns verwendeten Cookies<\/h2>\n<p>Cookies k\u00f6nnen \"dauerhafte\" oder \"Sitzungs\"-Cookies sein. Dauerhafte Cookies verbleiben auf Ihrem Computer oder Mobilger\u00e4t, wenn Sie offline gehen, w\u00e4hrend Sitzungscookies gel\u00f6scht werden, sobald Sie Ihren Webbrowser schlie\u00dfen.<\/p>\n<p>Wir verwenden sowohl Sitzungscookies als auch dauerhafte Cookies f\u00fcr die unten genannten Zwecke:<\/p>\n<ul>\n<li>\n<p><strong>Notwendige \/ essentielle Cookies<\/strong><\/p>\n<p>Typ: Session-Cookies<\/p>\n<p>Verwaltet von: Us<\/p>\n<p>Zweck: Diese Cookies sind unerl\u00e4sslich, um Ihnen die \u00fcber die Website verf\u00fcgbaren Dienste zur Verf\u00fcgung zu stellen und Ihnen die Nutzung einiger ihrer Funktionen zu erm\u00f6glichen. Sie helfen bei der Authentifizierung von Benutzern und verhindern die betr\u00fcgerische Nutzung von Benutzerkonten. Ohne diese Cookies k\u00f6nnen die von Ihnen angeforderten Dienste nicht bereitgestellt werden, und wir verwenden diese Cookies nur, um Ihnen diese Dienste zur Verf\u00fcgung zu stellen.<\/p>\n<\/li>\n<li>\n<p><strong>Funktionalit\u00e4t Cookies<\/strong><\/p>\n<p>Typ: Dauerhafte Cookies<\/p>\n<p>Verwaltet von: Us<\/p>\n<p>Zweck: Diese Cookies erm\u00f6glichen es uns, die von Ihnen bei der Nutzung der Website getroffenen Entscheidungen zu speichern, wie z. B. Ihre Anmeldedaten oder Ihre Spracheinstellung. Der Zweck dieser Cookies ist es, Ihnen eine pers\u00f6nlichere Erfahrung zu bieten und zu vermeiden, dass Sie Ihre Einstellungen jedes Mal neu eingeben m\u00fcssen, wenn Sie die Website nutzen.<\/p>\n<\/li>\n<\/ul>\n<h2>Ihre Wahlm\u00f6glichkeiten in Bezug auf Cookies<\/h2>\n<p>Wenn Sie die Verwendung von Cookies auf der Website vermeiden m\u00f6chten, m\u00fcssen Sie zun\u00e4chst die Verwendung von Cookies in Ihrem Browser deaktivieren und dann die in Ihrem Browser gespeicherten Cookies im Zusammenhang mit dieser Website l\u00f6schen. Sie k\u00f6nnen diese Option zur Verhinderung der Verwendung von Cookies jederzeit nutzen.<\/p>\n<p>Wenn Sie unsere Cookies nicht akzeptieren, kann es zu Unannehmlichkeiten bei der Nutzung der Website kommen, und einige Funktionen funktionieren m\u00f6glicherweise nicht richtig.<\/p>\n<p>Wenn Sie Cookies l\u00f6schen m\u00f6chten oder Ihren Webbrowser anweisen m\u00f6chten, Cookies zu l\u00f6schen oder abzulehnen, besuchen Sie bitte die Hilfeseiten Ihres Webbrowsers.<\/p>\n<ul>\n<li>\n<p>F\u00fcr den Webbrowser Chrome besuchen Sie bitte diese Seite von Google: <a href=\"https:\/\/support.google.com\/accounts\/answer\/32050\" target=\"_blank\" rel=\"external nofollow noopener\">https:\/\/support.google.com\/accounts\/answer\/32050<\/a><\/p>\n<\/li>\n<li>\n<p>F\u00fcr den Webbrowser Internet Explorer besuchen Sie bitte diese Seite von Microsoft: <a href=\"http:\/\/support.microsoft.com\/kb\/278835\" target=\"_blank\" rel=\"external nofollow noopener\">http:\/\/support.microsoft.com\/kb\/278835<\/a><\/p>\n<\/li>\n<li>\n<p>F\u00fcr den Firefox-Webbrowser besuchen Sie bitte diese Seite von Mozilla: <a href=\"https:\/\/support.mozilla.org\/en-US\/kb\/delete-cookies-remove-info-websites-stored\" target=\"_blank\" rel=\"external nofollow noopener\">https:\/\/support.mozilla.org\/en-US\/kb\/delete-cookies-remove-info-websites-stored<\/a><\/p>\n<\/li>\n<li>\n<p>F\u00fcr den Safari-Webbrowser besuchen Sie bitte diese Seite von Apple: <a href=\"https:\/\/support.apple.com\/guide\/safari\/manage-cookies-and-website-data-sfri11471\/mac\" target=\"_blank\" rel=\"external nofollow noopener\">https:\/\/support.apple.com\/guide\/safari\/manage-cookies-and-website-data-sfri11471\/mac<\/a><\/p>\n<\/li>\n<\/ul>\n<p>F\u00fcr alle anderen Webbrowser besuchen Sie bitte die offiziellen Webseiten Ihres Webbrowsers.<\/p>\n<h2>Weitere Informationen \u00fcber Cookies<\/h2>\n<p>Sie k\u00f6nnen mehr \u00fcber Cookies erfahren: <a href=\"https:\/\/www.freeprivacypolicy.com\/blog\/cookies\/\" target=\"_blank\" rel=\"noopener\">Kekse: Was bewirken sie?<\/a>.<\/p>\n<h2>Kontakt<\/h2>\n<p>Wenn Sie Fragen zu dieser Cookie-Politik haben, k\u00f6nnen Sie uns kontaktieren:<\/p>\n<ul>\n<li>Durch den Besuch dieser Seite auf unserer Website: <a href=\"https:\/\/www.iglan.net\/contact\/\" target=\"_blank\" rel=\"external nofollow noopener\">https:\/\/www.iglan.net\/contact\/<\/a><\/li>\n<\/ul>\n\n\t\t<\/div>\n\t\t\t\t\t<\/div>\n\n\t\n\n<\/div>\n\n\t\t<\/div>\n\n\t\t\n<style>\n#section_1975941292 {\n  padding-top: 50px;\n  padding-bottom: 50px;\n}\n<\/style>\n\t<\/section>","protected":false},"excerpt":{"rendered":"","protected":false},"author":1,"featured_media":2041,"parent":2317,"menu_order":2,"comment_status":"closed","ping_status":"closed","template":"page-blank.php","meta":{"footnotes":""},"class_list":["post-2322","page","type-page","status-publish","has-post-thumbnail","hentry"],"_links":{"self":[{"href":"https:\/\/www.iglan.net\/de\/wp-json\/wp\/v2\/pages\/2322","targetHints":{"allow":["GET"]}}],"collection":[{"href":"https:\/\/www.iglan.net\/de\/wp-json\/wp\/v2\/pages"}],"about":[{"href":"https:\/\/www.iglan.net\/de\/wp-json\/wp\/v2\/types\/page"}],"author":[{"embeddable":true,"href":"https:\/\/www.iglan.net\/de\/wp-json\/wp\/v2\/users\/1"}],"replies":[{"embeddable":true,"href":"https:\/\/www.iglan.net\/de\/wp-json\/wp\/v2\/comments?post=2322"}],"version-history":[{"count":0,"href":"https:\/\/www.iglan.net\/de\/wp-json\/wp\/v2\/pages\/2322\/revisions"}],"up":[{"embeddable":true,"href":"https:\/\/www.iglan.net\/de\/wp-json\/wp\/v2\/pages\/2317"}],"wp:featuredmedia":[{"embeddable":true,"href":"https:\/\/www.iglan.net\/de\/wp-json\/wp\/v2\/media\/2041"}],"wp:attachment":[{"href":"https:\/\/www.iglan.net\/de\/wp-json\/wp\/v2\/media?parent=2322"}],"curies":[{"name":"wp","href":"https:\/\/api.w.org\/{rel}","templated":true}]}}